{"id":76,"date":"2025-10-23T10:18:07","date_gmt":"2025-10-23T08:18:07","guid":{"rendered":"https:\/\/vegatolosa.com\/?page_id=76"},"modified":"2026-03-23T20:15:25","modified_gmt":"2026-03-23T19:15:25","slug":"contacto","status":"publish","type":"page","link":"https:\/\/vegatolosa.com\/en\/contacto\/","title":{"rendered":"Contact"},"content":{"rendered":"<div class=\"bde-globalblock-76-121 bde-globalblock\"><style>.breakdance .bde-section-5508-100-5508-1{background-image:url(https:\/\/vegatolosa.com\/wp-content\/uploads\/2025\/11\/Familia-Vegatolosa-2025-scaled-e1764918026388.jpg);background-size:cover;background-repeat:no-repeat;background-position:center center}.breakdance .bde-section-5508-100-5508-1>.section-background-overlay{background-color:var(--bde-palette-color-3);transition:background-color var(--bde-transition-duration) ease-in-out}.breakdance .bde-section-5508-100-5508-1>.section-background-overlay{opacity:0.4}<\/style><section class=\"bde-section-5508-100-5508-1 bde-section bde-section-5508-100\">\n              \n  \n  \n\t\n\n  <div class=\"section-background-overlay\"><\/div>\n\n\n<div class=\"section-container\"><h1 class=\"bde-heading-5508-101-5508-1 bde-heading bde-heading-5508-101\">\nContact\n<\/h1><\/div>\n<\/section><\/div><section class=\"bde-section-76-100 bde-section\">\n  \n  \n\t\n\n\n\n<div class=\"section-container\"><h2 class=\"bde-heading-76-125 bde-heading\">\nWe're here for you\n<\/h2><div class=\"bde-text-76-142 bde-text\">\nIf you want to request technical information about our wines, resolve any incident related to your order or manage a wine tourism reservation, our team will assist you as soon as possible. <br><br>Do not hesitate to send us your queries through the form or using our direct attention channels. We will be happy to assist you.\n<\/div><\/div>\n<\/section><section class=\"bde-section-76-164 bde-section\">\n  \n  \n\t\n\n\n\n<div class=\"section-container\"><div class=\"bde-fancy-divider-76-165 bde-fancy-divider\">\n\n\n<div class=\"bde-fancy-divider__wrapper\">\n  <div class=\"bde-fancy-divider__separator\">\n  \t  <\/div>\n<\/div>\n\n<\/div><div class=\"bde-grid-76-166 bde-grid\">\n  \n  \n\t\n\n\n\n<div class=\"bde-div-76-103 bde-div\">\n  \n  \n\t\n\n\n\n<h3 class=\"bde-heading-76-104 bde-heading\">\nTelephone number\n<\/h3><div class=\"bde-text-76-105 bde-text\">\n+34 686 908 543\n<\/div>\n<\/div><div class=\"bde-div-76-173 bde-div\">\n  \n  \n\t\n\n\n\n<h3 class=\"bde-heading-76-174 bde-heading\">\nEmail\n<\/h3><div class=\"bde-text-76-175 bde-text\">\ninfo @ vegatolosa.com\n<\/div>\n<\/div><div class=\"bde-div-76-170 bde-div\">\n  \n  \n\t\n\n\n\n<h3 class=\"bde-heading-76-171 bde-heading\">\nAddress\n<\/h3><div class=\"bde-text-76-172 bde-text\">\nB Street, 11 <br>02200 Casas-Ib\u00e1\u00f1ez (Albacete)<br><br><i>Industrial Estate of Casas-Ib\u00e1\u00f1ez <\/i>\n<\/div>\n<\/div>\n<\/div><\/div>\n<\/section><section class=\"bde-section-76-195 bde-section\">\n  \n  \n\t\n\n\n\n<div class=\"section-container\"><h2 class=\"bde-heading-76-197 bde-heading\">\nContact form\n<\/h2><div class=\"bde-form-builder-76-198 bde-form-builder\">\n\n<form id=\"contact-form198\" class=\"breakdance-form breakdance-form--vertical\" data-options=\"{&quot;slug&quot;:&quot;custom&quot;,&quot;name&quot;:&quot;Contact Form&quot;,&quot;ajaxUrl&quot;:&quot;https:\\\/\\\/vegatolosa.com\\\/wp-admin\\\/admin-ajax.php&quot;,&quot;clearOnSuccess&quot;:true,&quot;hideOnSuccess&quot;:true,&quot;successMessage&quot;:&quot;\\u00a1Gracias! Tu mensaje ha sido enviado correctamente.&quot;,&quot;errorMessage&quot;:&quot;Ups, algo fue mal. Por favor, int\\u00e9ntalo de nuevo.&quot;,&quot;redirect&quot;:false,&quot;redirectUrl&quot;:&quot;&quot;,&quot;customJavaScript&quot;:&quot;&quot;,&quot;recaptcha&quot;:{&quot;key&quot;:&quot;6LdlG0ksAAAAANE_QtejrolsBpY8saMOFqngWbj9&quot;,&quot;enabled&quot;:true},&quot;honeypot_enabled&quot;:false,&quot;popupsOnSuccess&quot;:[],&quot;popupsOnError&quot;:[]}\" data-steps=\"0\" action=\"\" >\n  \n  \n  \n<div class=\"breakdance-form-field breakdance-form-field--text\" >\n    \n    \n            <label class=\"breakdance-form-field__label\" for=\"Nombre\">\n            Name<span class=\"breakdance-form-field__required\">*<\/span>\n        <\/label>\n    \n    <input\n    class=\"breakdance-form-field__input\"\n    id=\"Nombre\"\n    aria-describedby=\"Nombre\"\n    type=\"text\"\n    name=\"fields[Nombre]\"\n    placeholder=\"\"\n    value=\"\"\n                \n        \n        \n    required\n>\n\n\n    \n    \n<\/div>\n\n\n<div class=\"breakdance-form-field breakdance-form-field--text\" >\n    \n    \n            <label class=\"breakdance-form-field__label\" for=\"Apellidos\">\n            Surname<span class=\"breakdance-form-field__required\">*<\/span>\n        <\/label>\n    \n    <input\n    class=\"breakdance-form-field__input\"\n    id=\"Apellidos\"\n    aria-describedby=\"Apellidos\"\n    type=\"text\"\n    name=\"fields[Apellidos]\"\n    placeholder=\"\"\n    value=\"\"\n                \n        \n        \n    required\n>\n\n\n    \n    \n<\/div>\n\n\n<div class=\"breakdance-form-field breakdance-form-field--tel\" >\n    \n    \n            <label class=\"breakdance-form-field__label\" for=\"Telefono\">\n            Telephone number<span class=\"breakdance-form-field__required\">*<\/span>\n        <\/label>\n    \n    <input\n    class=\"breakdance-form-field__input\"\n    id=\"Telefono\"\n    aria-describedby=\"Telefono\"\n    type=\"tel\"\n    name=\"fields[Telefono]\"\n    placeholder=\"\"\n    value=\"\"\n                \n        \n        \n    required\n>\n\n\n    \n    \n<\/div>\n\n\n<div class=\"breakdance-form-field breakdance-form-field--email\" >\n    \n    \n            <label class=\"breakdance-form-field__label\" for=\"Email\">\n            Email<span class=\"breakdance-form-field__required\">*<\/span>\n        <\/label>\n    \n    <input\n    class=\"breakdance-form-field__input\"\n    id=\"Email\"\n    aria-describedby=\"Email\"\n    type=\"email\"\n    name=\"fields[Email]\"\n    placeholder=\"\"\n    value=\"\"\n                \n        \n        \n    required\n>\n\n\n    \n    \n<\/div>\n\n\n<div class=\"breakdance-form-field breakdance-form-field--textarea\" >\n    \n    \n            <label class=\"breakdance-form-field__label\" for=\"Mensaje\">\n            Message<span class=\"breakdance-form-field__required\">*<\/span>\n        <\/label>\n    \n    <textarea\n    class=\"breakdance-form-field__input\"\n    id=\"Mensaje\"\n    aria-describedby=\"Mensaje\"\n    type=\"textarea\"\n    name=\"fields[Mensaje]\"\n        placeholder=\"\"\n    required\n>\n<\/textarea>\n\n\n    \n    \n<\/div>\n\n\n<div class=\"breakdance-form-field breakdance-form-field--checkbox\" >\n    \n    \n    \n    <fieldset role=\"group\"\n    >\n          <div class=\"breakdance-form-checkbox\">\n          <input\n              type=\"checkbox\"\n              name=\"fields[Privacidad]\"\n              value=\"He le\u00eddo y acepto la &lt;a href=&quot;https:\/\/villaverdevillage.es\/privacidad\/&quot; style=&quot;color: #2C341C;&quot;&gt;pol\u00edtica de privacidad&lt;\/a&gt;. *\"\n              id=\"Privacidad-1\"\n              \n                        >\n          <label class=\"breakdance-form-checkbox__text\" for=\"Privacidad-1\">I have read and accept the <a href=\"https:\/\/villaverdevillage.es\/privacidad\/\" style=\"color: #2C341C;\">privacy policy<\/a>. *<\/label>\n      <\/div>\n  <\/fieldset>\n\n\n\n    \n    \n<\/div>\n\n\n  \n\n<div class=\"breakdance-form-field breakdance-form-footer\">\n    \n    \n                                    \n    \n    \n    \n    \n            \n            <button type=\"submit\" class=\"button-atom button-atom--primary breakdance-form-button breakdance-form-button__submit\"  >\n    \n        <span class=\"button-atom__text\">Submit<\/span>\n\n        \n        \n            <\/button>\n    \n    <input type=\"hidden\" name=\"form_id\" value=\"198\">\n    <input type=\"hidden\" name=\"post_id\" value=\"76\">\n<\/div>\n\n  \n<input type=\"hidden\" name=\"etm-form-language\" value=\"en\"\/><\/form>\n\n\n<\/div><\/div>\n<\/section><section class=\"bde-section-76-179 bde-section\">\n  \n  \n\t\n\n\n\n<div class=\"section-container\"><div class=\"bde-google-map-76-192 bde-google-map\">\r\n<iframe width=\"100%\" height=\"100%\" style=\"border:0\" loading=\"lazy\" title=\"Vega Tolosa Winery\" src=\"https:\/\/maps.google.com\/maps?q=Bodega+Vega+Tolosa&t=m&z=14&output=embed&iwloc=near\" allowfullscreen><\/iframe>\n<\/div><\/div>\n<\/section>","protected":false},"excerpt":{"rendered":"<p>Contact We are here for you If you want to request technical information about our wines, resolve any incident related to your order or manage a wine tourism reservation, our team will assist you as soon as possible. Do not hesitate to send us your queries through the form or using our direct attention channels. We will be delighted [...]<\/p>","protected":false},"author":1,"featured_media":6287,"parent":0,"menu_order":0,"comment_status":"closed","ping_status":"closed","template":"","meta":{"_seopress_robots_primary_cat":"","_seopress_titles_title":"","_seopress_titles_desc":"","_seopress_robots_index":"","_breakdance_hide_in_design_set":false,"_breakdance_tags":"","footnotes":""},"class_list":["post-76","page","type-page","status-publish","has-post-thumbnail","hentry"],"_links":{"self":[{"href":"https:\/\/vegatolosa.com\/en\/wp-json\/wp\/v2\/pages\/76","targetHints":{"allow":["GET"]}}],"collection":[{"href":"https:\/\/vegatolosa.com\/en\/wp-json\/wp\/v2\/pages"}],"about":[{"href":"https:\/\/vegatolosa.com\/en\/wp-json\/wp\/v2\/types\/page"}],"author":[{"embeddable":true,"href":"https:\/\/vegatolosa.com\/en\/wp-json\/wp\/v2\/users\/1"}],"replies":[{"embeddable":true,"href":"https:\/\/vegatolosa.com\/en\/wp-json\/wp\/v2\/comments?post=76"}],"version-history":[{"count":4,"href":"https:\/\/vegatolosa.com\/en\/wp-json\/wp\/v2\/pages\/76\/revisions"}],"predecessor-version":[{"id":8404,"href":"https:\/\/vegatolosa.com\/en\/wp-json\/wp\/v2\/pages\/76\/revisions\/8404"}],"wp:featuredmedia":[{"embeddable":true,"href":"https:\/\/vegatolosa.com\/en\/wp-json\/wp\/v2\/media\/6287"}],"wp:attachment":[{"href":"https:\/\/vegatolosa.com\/en\/wp-json\/wp\/v2\/media?parent=76"}],"curies":[{"name":"wp","href":"https:\/\/api.w.org\/{rel}","templated":true}]}}