{"id":786,"date":"2025-12-02T08:10:01","date_gmt":"2025-12-02T07:10:01","guid":{"rendered":"https:\/\/vegatolosa.com\/?post_type=product&#038;p=786"},"modified":"2025-12-20T19:00:52","modified_gmt":"2025-12-20T18:00:52","slug":"cuatro-gatos-cabernet-sauvignon","status":"publish","type":"product","link":"https:\/\/vegatolosa.com\/de\/product\/cuatro-gatos-cabernet-sauvignon\/","title":{"rendered":"Vier Katzen Cabernet Sauvignon"},"content":{"rendered":"<p class=\"p1\">Dieser charakteristische Wein stammt aus unserem Weingut \u201eLa Lincha\u201c in Cabernet Sauvignon, das 1998 gepflanzt wurde.\u00a0Dieser Parzellenwein spiegelt die Pers\u00f6nlichkeit der Manchuela wider, biologisch und vegan.<\/p>\n<p>&nbsp;<\/p>\n<p class=\"p1\"><strong>CATA-HINWEIS<\/strong><\/p>\n<p class=\"p1\">Sauberes, helles Aussehen. Sehr intensive pikotarote Farbe mit violetten Verzierungen. Aromen von reifen roten Fr\u00fcchten, Toffee, R\u00f6staromen und Kaffee.<\/p>","protected":false},"excerpt":{"rendered":"<ul>\n<li>Paketwein<\/li>\n<li>Manchuela g.U.<\/li>\n<li>Autor Wein 2015<\/li>\n<li>In der \u00dcbergangszone zum Biosph\u00e4renreservat bepflanzte Rebfl\u00e4chen<\/li>\n<li>Alkohol 14%<\/li>\n<li>20 Tage G\u00e4rung<\/li>\n<li>Bio und vegan<\/li>\n<li>Enth\u00e4lt Sulfite<\/li>\n<\/ul>","protected":false},"featured_media":7472,"template":"","meta":{"_seopress_robots_primary_cat":"none","_seopress_titles_title":"","_seopress_titles_desc":"","_seopress_robots_index":""},"product_brand":[89],"product_cat":[107,83,57],"product_tag":[],"class_list":{"0":"post-786","1":"product","2":"type-product","3":"status-publish","4":"has-post-thumbnail","6":"product_brand-4-gatos","7":"product_cat-4-gatos","8":"product_cat-cabernet-sauvignon","9":"product_cat-tinto","10":"pa_tipo-de-uva-cabernet-sauvignon","11":"pa_tipo-de-vino-tinto","13":"first","14":"instock","15":"taxable","16":"shipping-taxable","17":"purchasable","18":"product-type-simple"},"booking_location":null,"booking_location_type":null,"booking_duration":null,"booking_duration_unit":null,"booking_buffer":null,"booking_cost":null,"booking_resources":null,"tiered_pricing_type":"percentage","tiered_pricing_fixed_rules":[],"tiered_pricing_product_settings":{"layout":"default","base_unit_name":{"singular":null,"plural":null},"default_variation":null},"tiered_pricing_minimum_quantity":null,"tiered_pricing_roles_data":[],"tiered_pricing_percentage_rules":[],"tiered_pricing_maximum_quantity":null,"tiered_pricing_quantity_step":null,"_links":{"self":[{"href":"https:\/\/vegatolosa.com\/de\/wp-json\/wp\/v2\/product\/786","targetHints":{"allow":["GET"]}}],"collection":[{"href":"https:\/\/vegatolosa.com\/de\/wp-json\/wp\/v2\/product"}],"about":[{"href":"https:\/\/vegatolosa.com\/de\/wp-json\/wp\/v2\/types\/product"}],"wp:featuredmedia":[{"embeddable":true,"href":"https:\/\/vegatolosa.com\/de\/wp-json\/wp\/v2\/media\/7472"}],"wp:attachment":[{"href":"https:\/\/vegatolosa.com\/de\/wp-json\/wp\/v2\/media?parent=786"}],"wp:term":[{"taxonomy":"product_brand","embeddable":true,"href":"https:\/\/vegatolosa.com\/de\/wp-json\/wp\/v2\/product_brand?post=786"},{"taxonomy":"product_cat","embeddable":true,"href":"https:\/\/vegatolosa.com\/de\/wp-json\/wp\/v2\/product_cat?post=786"},{"taxonomy":"product_tag","embeddable":true,"href":"https:\/\/vegatolosa.com\/de\/wp-json\/wp\/v2\/product_tag?post=786"}],"curies":[{"name":"wp","href":"https:\/\/api.w.org\/{rel}","templated":true}]}}