{"id":785,"date":"2025-12-01T11:08:46","date_gmt":"2025-12-01T10:08:46","guid":{"rendered":"https:\/\/vegatolosa.com\/?post_type=product&#038;p=785"},"modified":"2025-12-20T19:19:12","modified_gmt":"2025-12-20T18:19:12","slug":"finca-los-halcones-ed-limitada","status":"publish","type":"product","link":"https:\/\/vegatolosa.com\/de\/product\/finca-los-halcones-ed-limitada\/","title":{"rendered":"Finca Los Halcones Bobal Magnum 1,5L"},"content":{"rendered":"<p>Unsere alten Bobal-Weinberge sind ein Leuchtfeuer f\u00fcr Talent, Innovation und Verbindung zwischen Ihrem Terroir und dem Verbraucher. Diese alten Reben produzieren Weine von einzigartiger Bedeutung, unvergleichlich reich an Geschmack, Symbolik und Erbe. Jede Sorte ist ein skurriles Kunstwerk, das vermitteln m\u00f6chte, dass die Zeit wichtig ist, wenn wir etwas Einzigartiges wollen. Seit fast achtzig Jahren passen sie sich langsam an den Klimawandel an, ohne seine Qualit\u00e4t zu ver\u00e4ndern. Eine Reifung in franz\u00f6sischer Eiche und eine weitere lange Zeit in der Flasche schaffen einen harmonischen Wein mit Pers\u00f6nlichkeit und Autorensiegel.<\/p>\n<p>&nbsp;<\/p>\n<p><b>HINWEIS<\/b> <b>DE<\/b> <b>CATA<\/b><\/p>\n<ul>\n<li>GEST\u00dcTZT AUF: Saubere, granatrote Farbe mit sehr tiefer, hoher Schicht.<\/li>\n<li>NARIZ: Aromen von schwarzen Fr\u00fcchten, die die Brombeere hervorheben, w\u00fcrzige Noten von schwarzem Pfeffer und Lakritz.<\/li>\n<li>MOUTH: Ausgewogen, fleischig, rund und sehr anhaltend mit einem langen Abgang.<\/li>\n<\/ul>","protected":false},"excerpt":{"rendered":"<ul>\n<li>100% Bobal, Rotwein<\/li>\n<li>Manchuela g.U.<\/li>\n<li>14 Monate in franz\u00f6sischen Eichenf\u00e4ssern<\/li>\n<li>Von einem 1950 gepflanzten Weinberg in der \u00dcbergangszone des Biosph\u00e4renreservats<\/li>\n<li>Alkohol 15%<\/li>\n<li>18 Tage G\u00e4rung<\/li>\n<li>Bio und vegan<\/li>\n<li>Enth\u00e4lt Sulfite<\/li>\n<\/ul>","protected":false},"featured_media":7373,"template":"","meta":{"_seopress_robots_primary_cat":"none","_seopress_titles_title":"","_seopress_titles_desc":"","_seopress_robots_index":""},"product_brand":[88],"product_cat":[80,106,96,57],"product_tag":[],"class_list":{"0":"post-785","1":"product","2":"type-product","3":"status-publish","4":"has-post-thumbnail","6":"product_brand-finca-los-halcones","7":"product_cat-bobal","8":"product_cat-finca-los-halcones","9":"product_cat-magnum","10":"product_cat-tinto","11":"pa_tipo-de-uva-bobal","12":"pa_tipo-de-vino-tinto","14":"first","15":"instock","16":"taxable","17":"shipping-taxable","18":"purchasable","19":"product-type-simple"},"booking_location":null,"booking_location_type":null,"booking_duration":null,"booking_duration_unit":null,"booking_buffer":null,"booking_cost":null,"booking_resources":null,"tiered_pricing_type":"fixed","tiered_pricing_fixed_rules":[],"tiered_pricing_product_settings":{"layout":"default","base_unit_name":{"singular":null,"plural":null},"default_variation":null},"tiered_pricing_minimum_quantity":null,"tiered_pricing_roles_data":[],"tiered_pricing_percentage_rules":[],"tiered_pricing_maximum_quantity":null,"tiered_pricing_quantity_step":null,"_links":{"self":[{"href":"https:\/\/vegatolosa.com\/de\/wp-json\/wp\/v2\/product\/785","targetHints":{"allow":["GET"]}}],"collection":[{"href":"https:\/\/vegatolosa.com\/de\/wp-json\/wp\/v2\/product"}],"about":[{"href":"https:\/\/vegatolosa.com\/de\/wp-json\/wp\/v2\/types\/product"}],"wp:featuredmedia":[{"embeddable":true,"href":"https:\/\/vegatolosa.com\/de\/wp-json\/wp\/v2\/media\/7373"}],"wp:attachment":[{"href":"https:\/\/vegatolosa.com\/de\/wp-json\/wp\/v2\/media?parent=785"}],"wp:term":[{"taxonomy":"product_brand","embeddable":true,"href":"https:\/\/vegatolosa.com\/de\/wp-json\/wp\/v2\/product_brand?post=785"},{"taxonomy":"product_cat","embeddable":true,"href":"https:\/\/vegatolosa.com\/de\/wp-json\/wp\/v2\/product_cat?post=785"},{"taxonomy":"product_tag","embeddable":true,"href":"https:\/\/vegatolosa.com\/de\/wp-json\/wp\/v2\/product_tag?post=785"}],"curies":[{"name":"wp","href":"https:\/\/api.w.org\/{rel}","templated":true}]}}