{"id":784,"date":"2025-12-01T10:05:52","date_gmt":"2025-12-01T09:05:52","guid":{"rendered":"https:\/\/vegatolosa.com\/?post_type=product&#038;p=784"},"modified":"2025-12-20T19:01:08","modified_gmt":"2025-12-20T18:01:08","slug":"bobal-icon-tinto","status":"publish","type":"product","link":"https:\/\/vegatolosa.com\/de\/product\/bobal-icon-tinto\/","title":{"rendered":"Bobal Icon von Tinto"},"content":{"rendered":"<p>Es versucht, einen anderen Wein anzubieten, harmonisch und mit Pers\u00f6nlichkeit, die die Einzigartigkeit unserer Weinberge von mehr als 80 Jahren, das Mikroklima und die privilegierte Lage der Weinberge ausdr\u00fcckt. Wein mit der besten Auswahl an Trauben aus unseren Bobal Weinbergen. Ein Weinberg, den wir von unseren Gro\u00dfeltern geerbt haben und den sie selbst gepflanzt haben.<\/p>\n<p>&nbsp;<\/p>\n<p><b>HINWEIS<\/b> <b>DE<\/b> <b>CATA<\/b><\/p>\n<ul>\n<li>GEST\u00dcTZT AUF: Piquet rot mit verletzenden Besatz, lebendig, sauber, hell, Mid-Layer.<\/li>\n<li>NARIZ: Es zeichnet sich durch die schwarze Frucht, Kirsche, Stachelbeeren, begleitet von einem ausgepr\u00e4gten mineralischen Charakter. Subtile balsamische und w\u00fcrzige Noten sind ebenfalls vorhanden.<\/li>\n<li>MOUTH: Frisch, fleischig, mit hoher Intensit\u00e4t. Edles Tannin, das Struktur bietet, aber ziemlich poliert. S\u00e4ure, die Charakter bringt und uns erlaubt, mit hoher Beharrlichkeit zu genie\u00dfen.<\/li>\n<\/ul>","protected":false},"excerpt":{"rendered":"<ul>\n<li>Bobal 100%, Rotwein<\/li>\n<li>Manchuela g.U.<\/li>\n<li>6 Monate in franz\u00f6sischen Eichenf\u00e4ssern<\/li>\n<li>In der \u00dcbergangszone zum Biosph\u00e4renreservat bepflanzte Rebfl\u00e4chen<\/li>\n<li>Alkohol 13,5%<\/li>\n<li>18 Tage G\u00e4rung<\/li>\n<li>Bio und vegan<\/li>\n<li>Enth\u00e4lt Sulfite<\/li>\n<\/ul>","protected":false},"featured_media":7368,"template":"","meta":{"_seopress_robots_primary_cat":"none","_seopress_titles_title":"","_seopress_titles_desc":"","_seopress_robots_index":""},"product_brand":[87],"product_cat":[80,108,57],"product_tag":[],"class_list":{"0":"post-784","1":"product","2":"type-product","3":"status-publish","4":"has-post-thumbnail","6":"product_brand-bobalicon","7":"product_cat-bobal","8":"product_cat-bobal-icon","9":"product_cat-tinto","10":"pa_tipo-de-uva-bobal","11":"pa_tipo-de-vino-tinto","13":"first","14":"instock","15":"taxable","16":"shipping-taxable","17":"purchasable","18":"product-type-simple"},"booking_location":null,"booking_location_type":null,"booking_duration":null,"booking_duration_unit":null,"booking_buffer":null,"booking_cost":null,"booking_resources":null,"tiered_pricing_type":"percentage","tiered_pricing_fixed_rules":{"6":12},"tiered_pricing_product_settings":{"layout":"default","base_unit_name":{"singular":null,"plural":null},"default_variation":null},"tiered_pricing_minimum_quantity":null,"tiered_pricing_roles_data":[],"tiered_pricing_percentage_rules":[],"tiered_pricing_maximum_quantity":null,"tiered_pricing_quantity_step":null,"_links":{"self":[{"href":"https:\/\/vegatolosa.com\/de\/wp-json\/wp\/v2\/product\/784","targetHints":{"allow":["GET"]}}],"collection":[{"href":"https:\/\/vegatolosa.com\/de\/wp-json\/wp\/v2\/product"}],"about":[{"href":"https:\/\/vegatolosa.com\/de\/wp-json\/wp\/v2\/types\/product"}],"wp:featuredmedia":[{"embeddable":true,"href":"https:\/\/vegatolosa.com\/de\/wp-json\/wp\/v2\/media\/7368"}],"wp:attachment":[{"href":"https:\/\/vegatolosa.com\/de\/wp-json\/wp\/v2\/media?parent=784"}],"wp:term":[{"taxonomy":"product_brand","embeddable":true,"href":"https:\/\/vegatolosa.com\/de\/wp-json\/wp\/v2\/product_brand?post=784"},{"taxonomy":"product_cat","embeddable":true,"href":"https:\/\/vegatolosa.com\/de\/wp-json\/wp\/v2\/product_cat?post=784"},{"taxonomy":"product_tag","embeddable":true,"href":"https:\/\/vegatolosa.com\/de\/wp-json\/wp\/v2\/product_tag?post=784"}],"curies":[{"name":"wp","href":"https:\/\/api.w.org\/{rel}","templated":true}]}}