{"id":7418,"date":"2025-12-01T12:15:41","date_gmt":"2025-12-01T11:15:41","guid":{"rendered":"https:\/\/vegatolosa.com\/?post_type=product&#038;p=7418"},"modified":"2025-12-20T19:01:57","modified_gmt":"2025-12-20T18:01:57","slug":"capricho-divino-sauvignon-blanc","status":"publish","type":"product","link":"https:\/\/vegatolosa.com\/de\/product\/capricho-divino-sauvignon-blanc\/","title":{"rendered":"Capricho DiVino Sauvignon Wei\u00df"},"content":{"rendered":"<p>Wein aus den besten Sauvignon Blanc Trauben der Familie Toulouse. Bio, vegan und gesund. Ein frischer Wei\u00dfwein, mit Volumen im Mund, mit Stil und Autorensiegel.<\/p>\n<p>&nbsp;<\/p>\n<p><strong>CATA-HINWEIS<\/strong><br \/>\nBlassgelb. Nase von guter Intensit\u00e4t, Zitrusnoten, wei\u00dfe Fr\u00fcchte, auch tropische und blumige Erinnerungen. Im Mund hat es einen guten Eingang, Licht im Durchgang, fruchtig, Zitrus, etwas Unktuosit\u00e4t und Ende der mittleren Beharrlichkeit mit Erinnerungen an N\u00fcsse.<\/p>","protected":false},"excerpt":{"rendered":"<ul>\n<li>Sauvignon Blanc 100%, Wei\u00dfwein<\/li>\n<li>Manchuela g.U.<\/li>\n<li>In der \u00dcbergangszone zum Biosph\u00e4renreservat bepflanzte Rebfl\u00e4chen<\/li>\n<li>Alkohol 12.5%<\/li>\n<li>30 Tage G\u00e4rung<\/li>\n<li>Bio und vegan<\/li>\n<li>Enth\u00e4lt Sulfite<\/li>\n<\/ul>","protected":false},"featured_media":7419,"template":"","meta":{"_seopress_robots_primary_cat":"none","_seopress_titles_title":"","_seopress_titles_desc":"","_seopress_robots_index":""},"product_brand":[86],"product_cat":[42,109,116],"product_tag":[61],"class_list":{"0":"post-7418","1":"product","2":"type-product","3":"status-publish","4":"has-post-thumbnail","6":"product_brand-caprichodivino","7":"product_cat-blanco","8":"product_cat-capricho-divino","9":"product_cat-sauvignon-blanc","10":"product_tag-espumoso","11":"pa_tipo-de-uva-sauvignon-blanc","12":"pa_tipo-de-vino-blanco","14":"first","15":"instock","16":"taxable","17":"shipping-taxable","18":"purchasable","19":"product-type-simple"},"booking_location":null,"booking_location_type":null,"booking_duration":null,"booking_duration_unit":null,"booking_buffer":null,"booking_cost":null,"booking_resources":null,"tiered_pricing_type":"percentage","tiered_pricing_fixed_rules":[],"tiered_pricing_product_settings":{"layout":"default","base_unit_name":{"singular":null,"plural":null},"default_variation":null},"tiered_pricing_minimum_quantity":null,"tiered_pricing_roles_data":[],"tiered_pricing_percentage_rules":[],"tiered_pricing_maximum_quantity":null,"tiered_pricing_quantity_step":null,"_links":{"self":[{"href":"https:\/\/vegatolosa.com\/de\/wp-json\/wp\/v2\/product\/7418","targetHints":{"allow":["GET"]}}],"collection":[{"href":"https:\/\/vegatolosa.com\/de\/wp-json\/wp\/v2\/product"}],"about":[{"href":"https:\/\/vegatolosa.com\/de\/wp-json\/wp\/v2\/types\/product"}],"wp:featuredmedia":[{"embeddable":true,"href":"https:\/\/vegatolosa.com\/de\/wp-json\/wp\/v2\/media\/7419"}],"wp:attachment":[{"href":"https:\/\/vegatolosa.com\/de\/wp-json\/wp\/v2\/media?parent=7418"}],"wp:term":[{"taxonomy":"product_brand","embeddable":true,"href":"https:\/\/vegatolosa.com\/de\/wp-json\/wp\/v2\/product_brand?post=7418"},{"taxonomy":"product_cat","embeddable":true,"href":"https:\/\/vegatolosa.com\/de\/wp-json\/wp\/v2\/product_cat?post=7418"},{"taxonomy":"product_tag","embeddable":true,"href":"https:\/\/vegatolosa.com\/de\/wp-json\/wp\/v2\/product_tag?post=7418"}],"curies":[{"name":"wp","href":"https:\/\/api.w.org\/{rel}","templated":true}]}}