{"id":7407,"date":"2025-12-01T12:02:22","date_gmt":"2025-12-01T11:02:22","guid":{"rendered":"https:\/\/vegatolosa.com\/?post_type=product&#038;p=7407"},"modified":"2026-01-14T09:25:53","modified_gmt":"2026-01-14T08:25:53","slug":"capricho-divino-rose-semidulce","status":"publish","type":"product","link":"https:\/\/vegatolosa.com\/de\/product\/capricho-divino-rose-semidulce\/","title":{"rendered":"Capricho DiVino Ros\u00e9 Semidulce"},"content":{"rendered":"<p class=\"p1\">Wein aus den besten Bobal-Trauben der Familie Toulouse. Bio, vegan und gesund. Ein frischer, ausgewogener Ros\u00e9wein mit Stil und Signatur.<\/p>\n<p>&nbsp;<\/p>\n<p class=\"p1\"><strong>CATA-HINWEIS<\/strong><\/p>\n<ul>\n<li class=\"p1\">GEST\u00dcTZT AUF: Attraktives Erdbeerrosa, kristallklar, sauber und hell.<\/li>\n<li class=\"p1\">NARIZ: Intensives Aroma von S\u00fc\u00dfigkeiten. Erinnerungen an Himbeeren und Veilchen.<\/li>\n<li class=\"p1\">MOUTH: Es ist hartn\u00e4ckig, es ist verf\u00fchrerisch, Erinnerungen an saure Erdbeere und sehr frisch.<\/li>\n<\/ul>","protected":false},"excerpt":{"rendered":"<ul>\n<li>Bobal 100%, Ros\u00e9wein<\/li>\n<li>Manchuela g.U.<\/li>\n<li>In der \u00dcbergangszone zum Biosph\u00e4renreservat bepflanzte Rebfl\u00e4chen<\/li>\n<li>Alkohol 12.5%<\/li>\n<li>15 Tage G\u00e4rung<\/li>\n<li>Bio und vegan<\/li>\n<li>Enth\u00e4lt Sulfite<\/li>\n<\/ul>","protected":false},"featured_media":7979,"template":"","meta":{"_seopress_robots_primary_cat":"none","_seopress_titles_title":"","_seopress_titles_desc":"","_seopress_robots_index":""},"product_brand":[86],"product_cat":[80,109,55],"product_tag":[],"class_list":{"0":"post-7407","1":"product","2":"type-product","3":"status-publish","4":"has-post-thumbnail","6":"product_brand-caprichodivino","7":"product_cat-bobal","8":"product_cat-capricho-divino","9":"product_cat-rosado","10":"pa_tipo-de-uva-bobal","11":"pa_tipo-de-vino-rosado","13":"first","14":"instock","15":"taxable","16":"shipping-taxable","17":"purchasable","18":"product-type-simple"},"booking_location":null,"booking_location_type":null,"booking_duration":null,"booking_duration_unit":null,"booking_buffer":null,"booking_cost":null,"booking_resources":null,"tiered_pricing_type":"percentage","tiered_pricing_fixed_rules":[],"tiered_pricing_product_settings":{"layout":"default","base_unit_name":{"singular":null,"plural":null},"default_variation":null},"tiered_pricing_minimum_quantity":null,"tiered_pricing_roles_data":[],"tiered_pricing_percentage_rules":[],"tiered_pricing_maximum_quantity":null,"tiered_pricing_quantity_step":null,"_links":{"self":[{"href":"https:\/\/vegatolosa.com\/de\/wp-json\/wp\/v2\/product\/7407","targetHints":{"allow":["GET"]}}],"collection":[{"href":"https:\/\/vegatolosa.com\/de\/wp-json\/wp\/v2\/product"}],"about":[{"href":"https:\/\/vegatolosa.com\/de\/wp-json\/wp\/v2\/types\/product"}],"wp:featuredmedia":[{"embeddable":true,"href":"https:\/\/vegatolosa.com\/de\/wp-json\/wp\/v2\/media\/7979"}],"wp:attachment":[{"href":"https:\/\/vegatolosa.com\/de\/wp-json\/wp\/v2\/media?parent=7407"}],"wp:term":[{"taxonomy":"product_brand","embeddable":true,"href":"https:\/\/vegatolosa.com\/de\/wp-json\/wp\/v2\/product_brand?post=7407"},{"taxonomy":"product_cat","embeddable":true,"href":"https:\/\/vegatolosa.com\/de\/wp-json\/wp\/v2\/product_cat?post=7407"},{"taxonomy":"product_tag","embeddable":true,"href":"https:\/\/vegatolosa.com\/de\/wp-json\/wp\/v2\/product_tag?post=7407"}],"curies":[{"name":"wp","href":"https:\/\/api.w.org\/{rel}","templated":true}]}}