{"id":6831,"date":"2025-12-04T22:37:42","date_gmt":"2025-12-04T21:37:42","guid":{"rendered":"https:\/\/vegatolosa.com\/?post_type=product&#038;p=6831"},"modified":"2026-01-28T12:15:18","modified_gmt":"2026-01-28T11:15:18","slug":"cata-de-vino-experiencia-vega-tolosa","status":"publish","type":"product","link":"https:\/\/vegatolosa.com\/de\/product\/cata-de-vino-experiencia-vega-tolosa\/","title":{"rendered":"Besuch + Verkostung"},"content":{"rendered":"<div class=\"et_pb_module et_pb_text et_pb_text_2 et_pb_text_align_left et_pb_bg_layout_light\">\n<div class=\"et_pb_text_inner\">\n<h2><strong>Vega Tolosa Weintourismus Erfahrung<\/strong><\/h2>\n<\/div>\n<\/div>\n<div class=\"et_pb_module et_pb_text et_pb_text_4 et_pb_text_align_left et_pb_bg_layout_light\">\n<div class=\"et_pb_text_inner\">\n<p>Weinverkostung in unserem Weingut.<\/p>\n<\/div>\n<\/div>","protected":false},"excerpt":{"rendered":"<p>Vergessen Sie die kalten und technischen Besuche, bei denen nur Stahlvorkommen betrachtet werden. In Vega Tolosa \u00f6ffnen wir die T\u00fcren unseres Produktions- und Zuchtbereichs, um Ihnen das \"Warum\" von allem zu sagen.<\/p>\n<p>Unsere Besucher sind sich einig: Hier atmest du <strong>Leidenschaft<\/strong>.<\/p>\n<p>Wir erkl\u00e4ren ohne langweilige Technik, wie wir uns um Bobal k\u00fcmmern, warum wir auf das \u00d6kologische setzen und wie die Tradition von f\u00fcnf Generationen mit der aktuellen Technologie koexistiert.<\/p>\n<p>Auch Kinder sind willkommen. Wir bieten Most oder alkoholfreie Getr\u00e4nke an.<\/p>","protected":false},"featured_media":6491,"template":"","meta":{"_seopress_robots_primary_cat":"none","_seopress_titles_title":"","_seopress_titles_desc":"","_seopress_robots_index":""},"product_brand":[],"product_cat":[112],"product_tag":[],"class_list":{"0":"post-6831","1":"product","2":"type-product","3":"status-publish","4":"has-post-thumbnail","6":"product_cat-catas","8":"first","9":"instock","10":"virtual","11":"sold-individually","12":"taxable","13":"purchasable","14":"product-type-booking"},"booking_location":"","booking_location_type":"","booking_duration":2,"booking_duration_unit":"hour","booking_buffer":0,"booking_cost":0,"booking_resources":[],"tiered_pricing_type":"fixed","tiered_pricing_fixed_rules":[],"tiered_pricing_product_settings":{"layout":"default","base_unit_name":{"singular":null,"plural":null},"default_variation":null},"tiered_pricing_minimum_quantity":null,"tiered_pricing_roles_data":[],"tiered_pricing_percentage_rules":[],"tiered_pricing_maximum_quantity":null,"tiered_pricing_quantity_step":null,"_links":{"self":[{"href":"https:\/\/vegatolosa.com\/de\/wp-json\/wp\/v2\/product\/6831","targetHints":{"allow":["GET"]}}],"collection":[{"href":"https:\/\/vegatolosa.com\/de\/wp-json\/wp\/v2\/product"}],"about":[{"href":"https:\/\/vegatolosa.com\/de\/wp-json\/wp\/v2\/types\/product"}],"wp:featuredmedia":[{"embeddable":true,"href":"https:\/\/vegatolosa.com\/de\/wp-json\/wp\/v2\/media\/6491"}],"wp:attachment":[{"href":"https:\/\/vegatolosa.com\/de\/wp-json\/wp\/v2\/media?parent=6831"}],"wp:term":[{"taxonomy":"product_brand","embeddable":true,"href":"https:\/\/vegatolosa.com\/de\/wp-json\/wp\/v2\/product_brand?post=6831"},{"taxonomy":"product_cat","embeddable":true,"href":"https:\/\/vegatolosa.com\/de\/wp-json\/wp\/v2\/product_cat?post=6831"},{"taxonomy":"product_tag","embeddable":true,"href":"https:\/\/vegatolosa.com\/de\/wp-json\/wp\/v2\/product_tag?post=6831"}],"curies":[{"name":"wp","href":"https:\/\/api.w.org\/{rel}","templated":true}]}}