{"id":5061,"date":"2025-12-01T09:50:39","date_gmt":"2025-12-01T08:50:39","guid":{"rendered":"https:\/\/vegatolosa.com\/?post_type=product&#038;p=5061"},"modified":"2025-12-20T19:05:59","modified_gmt":"2025-12-20T18:05:59","slug":"vega-tolosa-bobal","status":"publish","type":"product","link":"https:\/\/vegatolosa.com\/de\/product\/vega-tolosa-bobal\/","title":{"rendered":"Vega Tolosa Bobal"},"content":{"rendered":"<p>Seit 1930 ist unser jahrhundertealter Bobal-Weinberg Zeuge des Familienengagements und produziert sehr niedrige Ertr\u00e4ge, was eine sorgf\u00e4ltige manuelle Auswahl der in Kisten gesammelten Trauben erfordert. Die Besonderheit dieses Weinbergs ist der tiefe und kalkhaltige Boden, der den Trauben Qualit\u00e4t verleiht.<\/p>\n<p>Die Verarbeitung wird mit Zartheit behandelt, die Auswahl der Trauben im Familienweingut zusammen mit einer G\u00e4rung mit einheimischen Hefen der Trauben selbst, um die Typizit\u00e4t zu respektieren und zu bewahren und<br \/>\nAuthentizit\u00e4t dieser edlen Sorte. Mit einer langen Reifung in franz\u00f6sischen Eichenf\u00e4ssern f\u00fcr 28 Monate.<\/p>\n<p>Dieser Wein ist eine Hommage an die Familie Toulouse, an ihr unersch\u00fctterliches Engagement f\u00fcr die Kunst des Anbaus und die Herstellung eines Qualit\u00e4tsweins seit 1930.<\/p>","protected":false},"excerpt":{"rendered":"<ul>\n<li>Bobal 100%, Rotwein<\/li>\n<li>Manchuela g.U.<\/li>\n<li>28 Monate in franz\u00f6sischen Eichenf\u00e4ssern<\/li>\n<li>Begrenzte Produktion von 2.600 Flaschen<\/li>\n<li>Alkohol 14%<\/li>\n<li>20 Tage G\u00e4rung<\/li>\n<li>Bio und vegan<\/li>\n<li>Enth\u00e4lt Sulfite<\/li>\n<\/ul>","protected":false},"featured_media":7378,"template":"","meta":{"_seopress_robots_primary_cat":"none","_seopress_titles_title":"","_seopress_titles_desc":"","_seopress_robots_index":""},"product_brand":[93],"product_cat":[80,57,105],"product_tag":[94,68],"class_list":{"0":"post-5061","1":"product","2":"type-product","3":"status-publish","4":"has-post-thumbnail","6":"product_brand-vegatolosa","7":"product_cat-bobal","8":"product_cat-tinto","9":"product_cat-vega-tolosa","10":"product_tag-edicion-limitada","11":"product_tag-premiado","12":"pa_tipo-de-uva-bobal","13":"pa_tipo-de-vino-tinto","15":"first","16":"instock","17":"taxable","18":"shipping-taxable","19":"purchasable","20":"product-type-simple"},"booking_location":null,"booking_location_type":null,"booking_duration":null,"booking_duration_unit":null,"booking_buffer":null,"booking_cost":null,"booking_resources":null,"tiered_pricing_type":"percentage","tiered_pricing_fixed_rules":[],"tiered_pricing_product_settings":{"layout":"default","base_unit_name":{"singular":null,"plural":null},"default_variation":null},"tiered_pricing_minimum_quantity":null,"tiered_pricing_roles_data":[],"tiered_pricing_percentage_rules":[],"tiered_pricing_maximum_quantity":null,"tiered_pricing_quantity_step":null,"_links":{"self":[{"href":"https:\/\/vegatolosa.com\/de\/wp-json\/wp\/v2\/product\/5061","targetHints":{"allow":["GET"]}}],"collection":[{"href":"https:\/\/vegatolosa.com\/de\/wp-json\/wp\/v2\/product"}],"about":[{"href":"https:\/\/vegatolosa.com\/de\/wp-json\/wp\/v2\/types\/product"}],"wp:featuredmedia":[{"embeddable":true,"href":"https:\/\/vegatolosa.com\/de\/wp-json\/wp\/v2\/media\/7378"}],"wp:attachment":[{"href":"https:\/\/vegatolosa.com\/de\/wp-json\/wp\/v2\/media?parent=5061"}],"wp:term":[{"taxonomy":"product_brand","embeddable":true,"href":"https:\/\/vegatolosa.com\/de\/wp-json\/wp\/v2\/product_brand?post=5061"},{"taxonomy":"product_cat","embeddable":true,"href":"https:\/\/vegatolosa.com\/de\/wp-json\/wp\/v2\/product_cat?post=5061"},{"taxonomy":"product_tag","embeddable":true,"href":"https:\/\/vegatolosa.com\/de\/wp-json\/wp\/v2\/product_tag?post=5061"}],"curies":[{"name":"wp","href":"https:\/\/api.w.org\/{rel}","templated":true}]}}