{"id":5000,"date":"2025-12-01T09:56:28","date_gmt":"2025-12-01T08:56:28","guid":{"rendered":"https:\/\/vegatolosa.com\/?post_type=product&#038;p=5000"},"modified":"2025-12-20T19:05:49","modified_gmt":"2025-12-20T18:05:49","slug":"vega-tolosa-tardana","status":"publish","type":"product","link":"https:\/\/vegatolosa.com\/de\/product\/vega-tolosa-tardana\/","title":{"rendered":"Vega Tolosa Tardana"},"content":{"rendered":"<p>Die Tardana-Traube von Manchuela wuchs vor vielen Jahren getarnt zwischen den jahrhundertealten Weinbergen von Bobal, um Rotweinen diese Weichheit zu verleihen, wie es in der Vergangenheit der Fall war. Es ist eine wei\u00dfe, Minderheit und einheimische Vielfalt unserer Region. Es erlitt in den 90er Jahren einen \u00fcberm\u00e4\u00dfigen Start, um rote Sorten neu zu pflanzen, aber als wir diese alten St\u00e4mme von Tardana konservierten, vermehrten wir ihre Knospen in einer Baumschule und konnten eine neue Pflanzung durchf\u00fchren und damit einen Weinberg von Tardana erhalten 100%.<\/p>\n<p>Die Reifung dieser Sorte bezieht sich auf ihren Namen, es ist die Traube, die am l\u00e4ngsten reift. Die Tardana-Traube wird Anfang Oktober geerntet und endet die Ernte mit dieser Sorte. Die Trauben und Beeren sind mittelgro\u00df, mit feiner und zarter Haut.<\/p>\n<p>Eine au\u00dfergew\u00f6hnliche Sorgfalt im Weinberg, um einen besonderen Wein mit einer manuellen Ernte zu erhalten. Nach Traubenselektion und G\u00e4rung mit einheimischen Hefen in F\u00e4ssern reift der Wein 6 Monate lang in 7 neuen 500-Liter-F\u00e4ssern aus franz\u00f6sischer Eiche.<\/p>\n<p>Der Wein wirkt sauber, hell, mit einem strohgelben Ton, Noten von Fenchel und mineralischen Punkten, die ein angenehmes, frisches und elegantes Mundgef\u00fchl vermitteln.<\/p>","protected":false},"excerpt":{"rendered":"<ul>\n<li>Tardana 100%, Wei\u00dfwein<\/li>\n<li>Manchuela g.U.<\/li>\n<li>6 Monate in franz\u00f6sischen Eichenf\u00e4ssern<\/li>\n<li>Begrenzte Produktion von 2.564 Flaschen<\/li>\n<li>Alkohol 11,5%<\/li>\n<li>25 Tage G\u00e4rung<\/li>\n<li>Bio und vegan<\/li>\n<li>Enth\u00e4lt Sulfite<\/li>\n<\/ul>","protected":false},"featured_media":7380,"template":"","meta":{"_seopress_robots_primary_cat":"none","_seopress_titles_title":"","_seopress_titles_desc":"","_seopress_robots_index":""},"product_brand":[93],"product_cat":[42,81,105],"product_tag":[94],"class_list":{"0":"post-5000","1":"product","2":"type-product","3":"status-publish","4":"has-post-thumbnail","6":"product_brand-vegatolosa","7":"product_cat-blanco","8":"product_cat-tardana","9":"product_cat-vega-tolosa","10":"product_tag-edicion-limitada","11":"pa_tipo-de-uva-tardana","12":"pa_tipo-de-vino-blanco","14":"first","15":"instock","16":"taxable","17":"shipping-taxable","18":"purchasable","19":"product-type-simple"},"booking_location":null,"booking_location_type":null,"booking_duration":null,"booking_duration_unit":null,"booking_buffer":null,"booking_cost":null,"booking_resources":null,"tiered_pricing_type":"fixed","tiered_pricing_fixed_rules":[],"tiered_pricing_product_settings":{"layout":"default","base_unit_name":{"singular":null,"plural":null},"default_variation":null},"tiered_pricing_minimum_quantity":null,"tiered_pricing_roles_data":[],"tiered_pricing_percentage_rules":[],"tiered_pricing_maximum_quantity":null,"tiered_pricing_quantity_step":null,"_links":{"self":[{"href":"https:\/\/vegatolosa.com\/de\/wp-json\/wp\/v2\/product\/5000","targetHints":{"allow":["GET"]}}],"collection":[{"href":"https:\/\/vegatolosa.com\/de\/wp-json\/wp\/v2\/product"}],"about":[{"href":"https:\/\/vegatolosa.com\/de\/wp-json\/wp\/v2\/types\/product"}],"wp:featuredmedia":[{"embeddable":true,"href":"https:\/\/vegatolosa.com\/de\/wp-json\/wp\/v2\/media\/7380"}],"wp:attachment":[{"href":"https:\/\/vegatolosa.com\/de\/wp-json\/wp\/v2\/media?parent=5000"}],"wp:term":[{"taxonomy":"product_brand","embeddable":true,"href":"https:\/\/vegatolosa.com\/de\/wp-json\/wp\/v2\/product_brand?post=5000"},{"taxonomy":"product_cat","embeddable":true,"href":"https:\/\/vegatolosa.com\/de\/wp-json\/wp\/v2\/product_cat?post=5000"},{"taxonomy":"product_tag","embeddable":true,"href":"https:\/\/vegatolosa.com\/de\/wp-json\/wp\/v2\/product_tag?post=5000"}],"curies":[{"name":"wp","href":"https:\/\/api.w.org\/{rel}","templated":true}]}}