{"id":4997,"date":"2025-12-01T09:53:38","date_gmt":"2025-12-01T08:53:38","guid":{"rendered":"https:\/\/vegatolosa.com\/?post_type=product&#038;p=4997"},"modified":"2025-12-20T19:05:40","modified_gmt":"2025-12-20T18:05:40","slug":"vega-tolosa-albilla","status":"publish","type":"product","link":"https:\/\/vegatolosa.com\/de\/product\/vega-tolosa-albilla\/","title":{"rendered":"Vega Tolosa Albilla"},"content":{"rendered":"<p>Die Albilla de Manchuela-Traube wuchs vor vielen Jahren unter den hundertj\u00e4hrigen Bobal-Weinbergen, um Rotweinen diese Weichheit zu verleihen, wie es in der Vergangenheit der Fall war. Es ist eine wei\u00dfe, Minderheit und einheimische Vielfalt unserer Region.<\/p>\n<p>Von den Reben mit mehr als 100 Jahren haben wir ihre Knospen in einer Baumschule vervielfacht und konnten eine Neupflanzung durchf\u00fchren und damit einen Weinberg von Albilla 100 erhalten.%.<\/p>\n<p>Au\u00dfergew\u00f6hnliche Sorgfalt im Weinberg, um einen speziellen Wein mit einer manuellen Ernte zu erhalten. Nach einer Auswahl der Trauben erfolgt die G\u00e4rung mit einheimischen Hefen in neuen 500-Liter-F\u00e4ssern aus franz\u00f6sischer Eiche f\u00fcr 4 Monate. Am Ende wird es f\u00fcr 6 Monate in einen 2500-Liter-Fudre aus franz\u00f6sischer Eiche \u00fcberf\u00fchrt, der auf seiner feinen Hefe Schlagwerk leistet.<\/p>","protected":false},"excerpt":{"rendered":"<ul>\n<li>Schnalle 100%, Wei\u00dfwein<\/li>\n<li>Manchuela g.U.<\/li>\n<li>4 Monate in franz\u00f6sischen Eichenf\u00e4ssern + 6 Monate in Eichenf\u00e4ssern<\/li>\n<li>Begrenzte Produktion von 1.870 Flaschen<\/li>\n<li>Alkohol 13%<\/li>\n<li>25 Tage G\u00e4rung<\/li>\n<li>Bio und vegan<\/li>\n<li>Enth\u00e4lt Sulfite<\/li>\n<\/ul>","protected":false},"featured_media":7377,"template":"","meta":{"_seopress_robots_primary_cat":"none","_seopress_titles_title":"","_seopress_titles_desc":"","_seopress_robots_index":""},"product_brand":[93],"product_cat":[84,42,105],"product_tag":[94],"class_list":{"0":"post-4997","1":"product","2":"type-product","3":"status-publish","4":"has-post-thumbnail","6":"product_brand-vegatolosa","7":"product_cat-albilla","8":"product_cat-blanco","9":"product_cat-vega-tolosa","10":"product_tag-edicion-limitada","11":"pa_tipo-de-uva-albilla","12":"pa_tipo-de-vino-blanco","14":"first","15":"instock","16":"taxable","17":"shipping-taxable","18":"purchasable","19":"product-type-simple"},"booking_location":null,"booking_location_type":null,"booking_duration":null,"booking_duration_unit":null,"booking_buffer":null,"booking_cost":null,"booking_resources":null,"tiered_pricing_type":"fixed","tiered_pricing_fixed_rules":[],"tiered_pricing_product_settings":{"layout":"default","base_unit_name":{"singular":null,"plural":null},"default_variation":null},"tiered_pricing_minimum_quantity":null,"tiered_pricing_roles_data":[],"tiered_pricing_percentage_rules":[],"tiered_pricing_maximum_quantity":null,"tiered_pricing_quantity_step":null,"_links":{"self":[{"href":"https:\/\/vegatolosa.com\/de\/wp-json\/wp\/v2\/product\/4997","targetHints":{"allow":["GET"]}}],"collection":[{"href":"https:\/\/vegatolosa.com\/de\/wp-json\/wp\/v2\/product"}],"about":[{"href":"https:\/\/vegatolosa.com\/de\/wp-json\/wp\/v2\/types\/product"}],"wp:featuredmedia":[{"embeddable":true,"href":"https:\/\/vegatolosa.com\/de\/wp-json\/wp\/v2\/media\/7377"}],"wp:attachment":[{"href":"https:\/\/vegatolosa.com\/de\/wp-json\/wp\/v2\/media?parent=4997"}],"wp:term":[{"taxonomy":"product_brand","embeddable":true,"href":"https:\/\/vegatolosa.com\/de\/wp-json\/wp\/v2\/product_brand?post=4997"},{"taxonomy":"product_cat","embeddable":true,"href":"https:\/\/vegatolosa.com\/de\/wp-json\/wp\/v2\/product_cat?post=4997"},{"taxonomy":"product_tag","embeddable":true,"href":"https:\/\/vegatolosa.com\/de\/wp-json\/wp\/v2\/product_tag?post=4997"}],"curies":[{"name":"wp","href":"https:\/\/api.w.org\/{rel}","templated":true}]}}