{"id":4430,"date":"2025-12-01T10:01:47","date_gmt":"2025-12-01T09:01:47","guid":{"rendered":"https:\/\/vegatolosa.com\/?post_type=product&#038;p=4430"},"modified":"2025-12-20T19:01:28","modified_gmt":"2025-12-20T18:01:28","slug":"bobal-icon-rose","status":"publish","type":"product","link":"https:\/\/vegatolosa.com\/de\/product\/bobal-icon-rose\/","title":{"rendered":"Bobal Ikone Ros\u00e9"},"content":{"rendered":"<p>Wir sind bestrebt, einen anderen Wein anzubieten, harmonisch und mit Pers\u00f6nlichkeit, der die Einzigartigkeit unserer Weinberge von mehr als 80 Jahren, das Mikroklima und die privilegierte Lage der Weinberge ausdr\u00fcckt. Wein mit der besten Auswahl an Trauben aus unseren Bobal Weinbergen. Der Wein wurde f\u00fcr 2 Monate mit seiner feinen Lia gez\u00fcchtet. Ein Weinberg, den wir von unseren Gro\u00dfeltern geerbt haben und den sie selbst gepflanzt haben.<\/p>\n<p>&nbsp;<\/p>\n<p><b>HINWEIS<\/b> <b>DE<\/b> <b>CATA<\/b><\/p>\n<ul>\n<li>GEST\u00dcTZT AUF: Hellrosa mit Bratschenbesatz, sauber und hell.<\/li>\n<li>NARIZ: Sauber, frisch im Mund und mit Aromen von roten Fr\u00fcchten und Joghurt.<\/li>\n<li>MOUTH: Ausgewogene, mittlere Intensit\u00e4t, die Erdbeergeschmack hervorhebt, der im Geschmack anh\u00e4lt.<\/li>\n<\/ul>","protected":false},"excerpt":{"rendered":"<ul>\n<li>Bobal 100%, Ros\u00e9wein<\/li>\n<li>Manchuela g.U.<\/li>\n<li>Bevorzugte Mazeration bei -3oC<\/li>\n<li>In der \u00dcbergangszone zum Biosph\u00e4renreservat bepflanzte Rebfl\u00e4chen<\/li>\n<li>Alkohol 11,5%<\/li>\n<li>10 Tage G\u00e4rung<\/li>\n<li>Bio und vegan<\/li>\n<li>Enth\u00e4lt Sulfite<\/li>\n<\/ul>","protected":false},"featured_media":7367,"template":"","meta":{"_seopress_robots_primary_cat":"none","_seopress_titles_title":"","_seopress_titles_desc":"","_seopress_robots_index":""},"product_brand":[87],"product_cat":[80,108,55],"product_tag":[],"class_list":{"0":"post-4430","1":"product","2":"type-product","3":"status-publish","4":"has-post-thumbnail","6":"product_brand-bobalicon","7":"product_cat-bobal","8":"product_cat-bobal-icon","9":"product_cat-rosado","10":"pa_tipo-de-uva-bobal","11":"pa_tipo-de-vino-rosado","13":"first","14":"instock","15":"taxable","16":"shipping-taxable","17":"purchasable","18":"product-type-simple"},"booking_location":null,"booking_location_type":null,"booking_duration":null,"booking_duration_unit":null,"booking_buffer":null,"booking_cost":null,"booking_resources":null,"tiered_pricing_type":"fixed","tiered_pricing_fixed_rules":[],"tiered_pricing_product_settings":{"layout":"default","base_unit_name":{"singular":null,"plural":null},"default_variation":null},"tiered_pricing_minimum_quantity":null,"tiered_pricing_roles_data":[],"tiered_pricing_percentage_rules":[],"tiered_pricing_maximum_quantity":null,"tiered_pricing_quantity_step":null,"_links":{"self":[{"href":"https:\/\/vegatolosa.com\/de\/wp-json\/wp\/v2\/product\/4430","targetHints":{"allow":["GET"]}}],"collection":[{"href":"https:\/\/vegatolosa.com\/de\/wp-json\/wp\/v2\/product"}],"about":[{"href":"https:\/\/vegatolosa.com\/de\/wp-json\/wp\/v2\/types\/product"}],"wp:featuredmedia":[{"embeddable":true,"href":"https:\/\/vegatolosa.com\/de\/wp-json\/wp\/v2\/media\/7367"}],"wp:attachment":[{"href":"https:\/\/vegatolosa.com\/de\/wp-json\/wp\/v2\/media?parent=4430"}],"wp:term":[{"taxonomy":"product_brand","embeddable":true,"href":"https:\/\/vegatolosa.com\/de\/wp-json\/wp\/v2\/product_brand?post=4430"},{"taxonomy":"product_cat","embeddable":true,"href":"https:\/\/vegatolosa.com\/de\/wp-json\/wp\/v2\/product_cat?post=4430"},{"taxonomy":"product_tag","embeddable":true,"href":"https:\/\/vegatolosa.com\/de\/wp-json\/wp\/v2\/product_tag?post=4430"}],"curies":[{"name":"wp","href":"https:\/\/api.w.org\/{rel}","templated":true}]}}