{"id":4428,"date":"2025-12-01T10:08:21","date_gmt":"2025-12-01T09:08:21","guid":{"rendered":"https:\/\/vegatolosa.com\/?post_type=product&#038;p=4428"},"modified":"2025-12-20T19:01:19","modified_gmt":"2025-12-20T18:01:19","slug":"bobal-icon-blanc-de-noirs","status":"publish","type":"product","link":"https:\/\/vegatolosa.com\/de\/product\/bobal-icon-blanc-de-noirs\/","title":{"rendered":"Bobal Icon Blanc von Noirs"},"content":{"rendered":"<p>Es ist das erste Mal, dass in Vega Tolosa ein Wei\u00dfwein mit der bobalroten Sorte hergestellt wird, ein Projekt, das seit mehreren Jahren untersucht wird und schlie\u00dflich in diesem Jahr das Licht der Welt erblickt hat.<\/p>\n<p>Die Trauben wurden mit einer fr\u00fchen Reifung geerntet, um einen niedrigen Alkoholgehalt zu erreichen, von Hand und in Kisten geerntet, um eine geringere Mazeration zu erzielen und einen perfekten Zustand der Beere zu erreichen.<\/p>\n<p>&nbsp;<\/p>\n<p><b>HINWEIS<\/b> <b>DE<\/b> <b>CATA<\/b><\/p>\n<ul>\n<li>GEST\u00dcTZT AUF: Blasses Stroh mit grauen Reflexionen, sauber und hell.<\/li>\n<li>NARIZ: Es betont seine Frische im Mund, ist sauber und gibt Aromen von reifen Fr\u00fcchten mit mineralischen Noten.<\/li>\n<li>MOUTH: Ausgewogen, mit einem langen, erfrischenden Abgang aufgrund von S\u00e4ure und mittlerer Intensit\u00e4t mit einem anhaltenden Ende im Mund.<\/li>\n<\/ul>","protected":false},"excerpt":{"rendered":"<ul>\n<li>Bobal 100%, Wei\u00dfwein<\/li>\n<li>Manchuela g.U.<\/li>\n<li>Bevorzugte Mazeration bei -3oC<\/li>\n<li>In der \u00dcbergangszone zum Biosph\u00e4renreservat bepflanzte Rebfl\u00e4chen<\/li>\n<li>Alkohol 11%<\/li>\n<li>28 Tage G\u00e4rung<\/li>\n<li>Bio und vegan<\/li>\n<li>Enth\u00e4lt Sulfite<\/li>\n<\/ul>","protected":false},"featured_media":7366,"template":"","meta":{"_seopress_robots_primary_cat":"none","_seopress_titles_title":"","_seopress_titles_desc":"","_seopress_robots_index":""},"product_brand":[87],"product_cat":[42,80,108],"product_tag":[],"class_list":{"0":"post-4428","1":"product","2":"type-product","3":"status-publish","4":"has-post-thumbnail","6":"product_brand-bobalicon","7":"product_cat-blanco","8":"product_cat-bobal","9":"product_cat-bobal-icon","10":"pa_tipo-de-uva-bobal","11":"pa_tipo-de-vino-blanco","13":"first","14":"instock","15":"taxable","16":"shipping-taxable","17":"purchasable","18":"product-type-simple"},"booking_location":null,"booking_location_type":null,"booking_duration":null,"booking_duration_unit":null,"booking_buffer":null,"booking_cost":null,"booking_resources":null,"tiered_pricing_type":"fixed","tiered_pricing_fixed_rules":[],"tiered_pricing_product_settings":{"layout":"default","base_unit_name":{"singular":null,"plural":null},"default_variation":null},"tiered_pricing_minimum_quantity":null,"tiered_pricing_roles_data":[],"tiered_pricing_percentage_rules":[],"tiered_pricing_maximum_quantity":null,"tiered_pricing_quantity_step":null,"_links":{"self":[{"href":"https:\/\/vegatolosa.com\/de\/wp-json\/wp\/v2\/product\/4428","targetHints":{"allow":["GET"]}}],"collection":[{"href":"https:\/\/vegatolosa.com\/de\/wp-json\/wp\/v2\/product"}],"about":[{"href":"https:\/\/vegatolosa.com\/de\/wp-json\/wp\/v2\/types\/product"}],"wp:featuredmedia":[{"embeddable":true,"href":"https:\/\/vegatolosa.com\/de\/wp-json\/wp\/v2\/media\/7366"}],"wp:attachment":[{"href":"https:\/\/vegatolosa.com\/de\/wp-json\/wp\/v2\/media?parent=4428"}],"wp:term":[{"taxonomy":"product_brand","embeddable":true,"href":"https:\/\/vegatolosa.com\/de\/wp-json\/wp\/v2\/product_brand?post=4428"},{"taxonomy":"product_cat","embeddable":true,"href":"https:\/\/vegatolosa.com\/de\/wp-json\/wp\/v2\/product_cat?post=4428"},{"taxonomy":"product_tag","embeddable":true,"href":"https:\/\/vegatolosa.com\/de\/wp-json\/wp\/v2\/product_tag?post=4428"}],"curies":[{"name":"wp","href":"https:\/\/api.w.org\/{rel}","templated":true}]}}