{"id":4224,"date":"2025-12-01T11:30:54","date_gmt":"2025-12-01T10:30:54","guid":{"rendered":"https:\/\/vegatolosa.com\/?post_type=product&#038;p=4224"},"modified":"2025-12-20T19:04:53","modified_gmt":"2025-12-20T18:04:53","slug":"finca-los-halcones-chardonnay","status":"publish","type":"product","link":"https:\/\/vegatolosa.com\/de\/product\/finca-los-halcones-chardonnay\/","title":{"rendered":"Finca Los Halcones Chardonnay"},"content":{"rendered":"<p>Das Gebiet dieser Weinberge wurde als \u201eFinca Los Halcones\u201c bezeichnet, ein einzigartiger Ort, der von Kiefern, Eichen und aromatischen Pflanzen umgeben ist und im Cabriel-Tal liegt, das von der UNESCO zum Biosph\u00e4renreservat erkl\u00e4rt wurde. Die Entscheidung, diese Sorte zu pflanzen, ist auf unser einzigartiges Terroir und die Notwendigkeit zur\u00fcckzuf\u00fchren, nach sp\u00e4ter reifenden wei\u00dfen Rebsorten mit starker S\u00e4ure zu suchen. G\u00e4rung und Reifung f\u00fcr 3 Monate in neuen F\u00e4ssern von 500 Litern franz\u00f6sischer Eiche, mit einer anschlie\u00dfenden Reifung f\u00fcr 9 Monate in einem Foudre von 2500 Litern.<\/p>\n<p>&nbsp;<\/p>\n<p><b>HINWEIS<\/b> <b>DE<\/b> <b>CATA<\/b><\/p>\n<ul>\n<li>GEST\u00dcTZT AUF: Farbe goldgelb, sauber und hell.<\/li>\n<li>NARIZ: Hohe Intensit\u00e4t, hebt die Steinfrucht und die wei\u00dfen Bl\u00fcten hervor.<\/li>\n<li>MOUTH: Ausgewogen, geschmeidig und mit gro\u00dfem Volumen. Beeinflussen Sie die Noten zu Vanille.<\/li>\n<\/ul>","protected":false},"excerpt":{"rendered":"<ul>\n<li>100% Chardonnay, Wei\u00dfwein<\/li>\n<li>Manchuela g.U.<\/li>\n<li>3 Monate in franz\u00f6sischen Eichenf\u00e4ssern. Sp\u00e4ter, 9 Monate in Foudre.<\/li>\n<li>Begrenzte Produktion von 3.000 Flaschen<\/li>\n<li>Alkohol 14%<\/li>\n<li>21 Tage G\u00e4rung<\/li>\n<li>Bio und vegan<\/li>\n<li>Enth\u00e4lt Sulfite<\/li>\n<\/ul>","protected":false},"featured_media":7423,"template":"","meta":{"_seopress_robots_primary_cat":"none","_seopress_titles_title":"","_seopress_titles_desc":"","_seopress_robots_index":""},"product_brand":[88],"product_cat":[42,82,106],"product_tag":[94],"class_list":{"0":"post-4224","1":"product","2":"type-product","3":"status-publish","4":"has-post-thumbnail","6":"product_brand-finca-los-halcones","7":"product_cat-blanco","8":"product_cat-chardonnay","9":"product_cat-finca-los-halcones","10":"product_tag-edicion-limitada","11":"pa_tipo-de-uva-chardonnay","12":"pa_tipo-de-vino-blanco","14":"first","15":"instock","16":"taxable","17":"shipping-taxable","18":"purchasable","19":"product-type-simple"},"booking_location":null,"booking_location_type":null,"booking_duration":null,"booking_duration_unit":null,"booking_buffer":null,"booking_cost":null,"booking_resources":null,"tiered_pricing_type":"fixed","tiered_pricing_fixed_rules":[],"tiered_pricing_product_settings":{"layout":"default","base_unit_name":{"singular":null,"plural":null},"default_variation":null},"tiered_pricing_minimum_quantity":null,"tiered_pricing_roles_data":[],"tiered_pricing_percentage_rules":[],"tiered_pricing_maximum_quantity":null,"tiered_pricing_quantity_step":null,"_links":{"self":[{"href":"https:\/\/vegatolosa.com\/de\/wp-json\/wp\/v2\/product\/4224","targetHints":{"allow":["GET"]}}],"collection":[{"href":"https:\/\/vegatolosa.com\/de\/wp-json\/wp\/v2\/product"}],"about":[{"href":"https:\/\/vegatolosa.com\/de\/wp-json\/wp\/v2\/types\/product"}],"wp:featuredmedia":[{"embeddable":true,"href":"https:\/\/vegatolosa.com\/de\/wp-json\/wp\/v2\/media\/7423"}],"wp:attachment":[{"href":"https:\/\/vegatolosa.com\/de\/wp-json\/wp\/v2\/media?parent=4224"}],"wp:term":[{"taxonomy":"product_brand","embeddable":true,"href":"https:\/\/vegatolosa.com\/de\/wp-json\/wp\/v2\/product_brand?post=4224"},{"taxonomy":"product_cat","embeddable":true,"href":"https:\/\/vegatolosa.com\/de\/wp-json\/wp\/v2\/product_cat?post=4224"},{"taxonomy":"product_tag","embeddable":true,"href":"https:\/\/vegatolosa.com\/de\/wp-json\/wp\/v2\/product_tag?post=4224"}],"curies":[{"name":"wp","href":"https:\/\/api.w.org\/{rel}","templated":true}]}}