{"id":2483,"date":"2025-12-01T12:03:40","date_gmt":"2025-12-01T11:03:40","guid":{"rendered":"https:\/\/vegatolosa.com\/?post_type=product&#038;p=2483"},"modified":"2025-12-20T19:19:55","modified_gmt":"2025-12-20T18:19:55","slug":"capricho-divino-brut-nature","status":"publish","type":"product","link":"https:\/\/vegatolosa.com\/de\/product\/capricho-divino-brut-nature\/","title":{"rendered":"Capricho DiVino Brut Natur"},"content":{"rendered":"<p>Capricho DiVino Brut Nature ist ein Schaumwein, der 18 Jahre auf die Entwicklung des Chardonnay-Weinbergs gewartet hat, um ein Wurzel- und Blattsystem zu erreichen, das ausreicht, um Qualit\u00e4tstrauben zu produzieren.<\/p>\n<p>Ebenso haben wir in der Weinkellerei in den letzten 5 Jahren verschiedene Tests durchgef\u00fchrt und die Ergebnisse untersucht, um die h\u00f6chste Qualit\u00e4t zu erreichen.<\/p>\n<p>Das Ergebnis ist ein Qualit\u00e4tsschaumwein mit Autorensiegel.<\/p>\n<p>&nbsp;<\/p>\n<p><strong>CATA-HINWEIS<\/strong><\/p>\n<ul>\n<li class=\"p1\">GEST\u00dcTZT AUF: Saubere und helle, goldene Farbe mit hellgr\u00fcnlichen T\u00f6nen. Sehr feiner und eleganter Blasenrosenkranz.<\/li>\n<li class=\"p1\">NARIZ: Duft von B\u00e4ckerei. Erinnerungen an gr\u00fcnen Apfel.<\/li>\n<li class=\"p1\">MOUTH: Perfekte Geschmacksbalance, sehr fruchtig im Mund. Sehr weiche Blase.<\/li>\n<\/ul>","protected":false},"excerpt":{"rendered":"<ul>\n<li>Chardonnay 100%<\/li>\n<li>Manchuela g.U.<\/li>\n<li>Funkelnd brut nature Herausgearbeitet nach der traditionellen Methode<\/li>\n<li>Alkohol 12%<\/li>\n<li>18 Monate Reifung in der Flasche<\/li>\n<li>Bio und vegan<\/li>\n<li>Enth\u00e4lt Sulfite<\/li>\n<\/ul>","protected":false},"featured_media":7413,"template":"","meta":{"_seopress_robots_primary_cat":"none","_seopress_titles_title":"","_seopress_titles_desc":"","_seopress_robots_index":""},"product_brand":[86],"product_cat":[42,109,82],"product_tag":[61,68],"class_list":{"0":"post-2483","1":"product","2":"type-product","3":"status-publish","4":"has-post-thumbnail","6":"product_brand-caprichodivino","7":"product_cat-blanco","8":"product_cat-capricho-divino","9":"product_cat-chardonnay","10":"product_tag-espumoso","11":"product_tag-premiado","12":"pa_tipo-de-uva-chardonnay","13":"pa_tipo-de-vino-blanco","14":"pa_tipo-de-vino-espumoso","16":"first","17":"instock","18":"taxable","19":"shipping-taxable","20":"purchasable","21":"product-type-simple"},"booking_location":null,"booking_location_type":null,"booking_duration":null,"booking_duration_unit":null,"booking_buffer":null,"booking_cost":null,"booking_resources":null,"tiered_pricing_type":"percentage","tiered_pricing_fixed_rules":[],"tiered_pricing_product_settings":{"layout":"default","base_unit_name":{"singular":null,"plural":null},"default_variation":null},"tiered_pricing_minimum_quantity":null,"tiered_pricing_roles_data":[],"tiered_pricing_percentage_rules":[],"tiered_pricing_maximum_quantity":null,"tiered_pricing_quantity_step":null,"_links":{"self":[{"href":"https:\/\/vegatolosa.com\/de\/wp-json\/wp\/v2\/product\/2483","targetHints":{"allow":["GET"]}}],"collection":[{"href":"https:\/\/vegatolosa.com\/de\/wp-json\/wp\/v2\/product"}],"about":[{"href":"https:\/\/vegatolosa.com\/de\/wp-json\/wp\/v2\/types\/product"}],"wp:featuredmedia":[{"embeddable":true,"href":"https:\/\/vegatolosa.com\/de\/wp-json\/wp\/v2\/media\/7413"}],"wp:attachment":[{"href":"https:\/\/vegatolosa.com\/de\/wp-json\/wp\/v2\/media?parent=2483"}],"wp:term":[{"taxonomy":"product_brand","embeddable":true,"href":"https:\/\/vegatolosa.com\/de\/wp-json\/wp\/v2\/product_brand?post=2483"},{"taxonomy":"product_cat","embeddable":true,"href":"https:\/\/vegatolosa.com\/de\/wp-json\/wp\/v2\/product_cat?post=2483"},{"taxonomy":"product_tag","embeddable":true,"href":"https:\/\/vegatolosa.com\/de\/wp-json\/wp\/v2\/product_tag?post=2483"}],"curies":[{"name":"wp","href":"https:\/\/api.w.org\/{rel}","templated":true}]}}