{"id":1996,"date":"2025-12-01T11:00:34","date_gmt":"2025-12-01T10:00:34","guid":{"rendered":"https:\/\/vegatolosa.com\/?post_type=product&#038;p=1996"},"modified":"2025-12-20T19:19:34","modified_gmt":"2025-12-20T18:19:34","slug":"finca-los-halcones-viognier","status":"publish","type":"product","link":"https:\/\/vegatolosa.com\/de\/product\/finca-los-halcones-viognier\/","title":{"rendered":"Finca Los Halcones Viognier"},"content":{"rendered":"<p>Zwischen dem J\u00facar-Tal und dem Cabriel-Tal liegt die Finca Los Halcones. Eine viognier Plantage befindet sich, die eine k\u00f6stliche Reifung ein wenig sp\u00e4t bietet, um gr\u00f6\u00dfere Komplexit\u00e4t zu gewinnen. Der Wein wird mit 2 Hektar Farm, von den restlichen 15 Hektar, hergestellt, um seine Reinheit mit einer begrenzten Produktion von 3000 Kilo pro Hektar zu erhalten. G\u00e4rung und Reifung f\u00fcr 3 Monate in neuen F\u00e4ssern von 500 Litern franz\u00f6sischer Eiche, mit einer anschlie\u00dfenden Reifung f\u00fcr 9 Monate in einem Foudre von 2500 Litern.<\/p>\n<p>&nbsp;<\/p>\n<p><b>HINWEIS<\/b> <b>DE<\/b> <b>CATA<\/b><\/p>\n<ul>\n<li>GEST\u00dcTZT AUF: Gelbe Farbe mit goldenen Akzenten und hellen Blitzen.<\/li>\n<li>NARIZ: Hohe Intensit\u00e4t, Steinobst wie Pfirsich und Aprikose, Mineralit\u00e4t und Gei\u00dfblatt.<\/li>\n<li>MOUTH: Ausgewogener, kraftvoller Einstieg mit angenehm ger\u00f6steten Noten und Vanille mit langem Abgang.<\/li>\n<\/ul>","protected":false},"excerpt":{"rendered":"<ul>\n<li>100% Viognier, Wei\u00dfwein<\/li>\n<li>Manchuela g.U.<\/li>\n<li>3 Monate in franz\u00f6sischen Eichenf\u00e4ssern. Sp\u00e4ter, 9 Monate in Foudre.<\/li>\n<li>Begrenzte Produktion von 3.000 Flaschen<\/li>\n<li>Alkohol 14%<\/li>\n<li>21 Tage G\u00e4rung<\/li>\n<li>Bio und vegan<\/li>\n<li>Enth\u00e4lt Sulfite<\/li>\n<\/ul>","protected":false},"featured_media":7425,"template":"","meta":{"_seopress_robots_primary_cat":"none","_seopress_titles_title":"","_seopress_titles_desc":"","_seopress_robots_index":""},"product_brand":[88],"product_cat":[42,106,110],"product_tag":[68],"class_list":{"0":"post-1996","1":"product","2":"type-product","3":"status-publish","4":"has-post-thumbnail","6":"product_brand-finca-los-halcones","7":"product_cat-blanco","8":"product_cat-finca-los-halcones","9":"product_cat-viognier","10":"product_tag-premiado","11":"pa_tipo-de-uva-viognier","12":"pa_tipo-de-vino-blanco","14":"first","15":"instock","16":"taxable","17":"shipping-taxable","18":"purchasable","19":"product-type-simple"},"booking_location":null,"booking_location_type":null,"booking_duration":null,"booking_duration_unit":null,"booking_buffer":null,"booking_cost":null,"booking_resources":null,"tiered_pricing_type":"fixed","tiered_pricing_fixed_rules":[],"tiered_pricing_product_settings":{"layout":"default","base_unit_name":{"singular":null,"plural":null},"default_variation":null},"tiered_pricing_minimum_quantity":null,"tiered_pricing_roles_data":[],"tiered_pricing_percentage_rules":[],"tiered_pricing_maximum_quantity":null,"tiered_pricing_quantity_step":null,"_links":{"self":[{"href":"https:\/\/vegatolosa.com\/de\/wp-json\/wp\/v2\/product\/1996","targetHints":{"allow":["GET"]}}],"collection":[{"href":"https:\/\/vegatolosa.com\/de\/wp-json\/wp\/v2\/product"}],"about":[{"href":"https:\/\/vegatolosa.com\/de\/wp-json\/wp\/v2\/types\/product"}],"wp:featuredmedia":[{"embeddable":true,"href":"https:\/\/vegatolosa.com\/de\/wp-json\/wp\/v2\/media\/7425"}],"wp:attachment":[{"href":"https:\/\/vegatolosa.com\/de\/wp-json\/wp\/v2\/media?parent=1996"}],"wp:term":[{"taxonomy":"product_brand","embeddable":true,"href":"https:\/\/vegatolosa.com\/de\/wp-json\/wp\/v2\/product_brand?post=1996"},{"taxonomy":"product_cat","embeddable":true,"href":"https:\/\/vegatolosa.com\/de\/wp-json\/wp\/v2\/product_cat?post=1996"},{"taxonomy":"product_tag","embeddable":true,"href":"https:\/\/vegatolosa.com\/de\/wp-json\/wp\/v2\/product_tag?post=1996"}],"curies":[{"name":"wp","href":"https:\/\/api.w.org\/{rel}","templated":true}]}}