{"id":1986,"date":"2025-12-01T11:04:57","date_gmt":"2025-12-01T10:04:57","guid":{"rendered":"https:\/\/vegatolosa.com\/?post_type=product&#038;p=1986"},"modified":"2025-12-20T19:05:23","modified_gmt":"2025-12-20T18:05:23","slug":"finca-los-halcones-sauvignon-blanc","status":"publish","type":"product","link":"https:\/\/vegatolosa.com\/de\/product\/finca-los-halcones-sauvignon-blanc\/","title":{"rendered":"Finca Los Halcones Sauvignon Blanc"},"content":{"rendered":"<p>Das Gebiet dieser Weinberge wurde als \u201eFinca Los Halcones\u201c bezeichnet, ein einzigartiger Ort, der von Kiefern, Eichen und aromatischen Pflanzen umgeben ist und im Cabriel-Tal liegt, das von der UNESCO zum Biosph\u00e4renreservat erkl\u00e4rt wurde. Auf diesem Grundst\u00fcck befinden sich 12 Hektar Sauvignon-Blanc, von denen wir 3 Hektar f\u00fcr die Finca Los Halcones ausgew\u00e4hlt haben. Diese Selektion ist darauf zur\u00fcckzuf\u00fchren, dass es im Boden gro\u00dfe Unebenheiten gibt und die St\u00e4mme nach S\u00fcden ausgerichtet sind. Diese beiden Faktoren werden von grundlegender Bedeutung sein, um die h\u00f6chste Qualit\u00e4t in den Trauben zu erhalten. Da der Boden uneben ist, der Boden mehr Kalkstein und weniger fruchtbar ist, wird das Ergebnis weniger Produktion sein. In Bezug auf die Ausrichtung der Garne des Weinbergs h\u00e4ngt von den Sonnenstunden ab, die Art und Weise, wie wir sie beschreiben, wird dazu f\u00fchren, dass die Trauben sonniger sind, wodurch Pilzkrankheiten und eine perfekte Reifung verhindert werden.<\/p>\n<p>Das Ergebnis ist ein Qualit\u00e4tswein mit Autorensiegel.<\/p>\n<p>&nbsp;<\/p>\n<p><strong>CATA-HINWEIS<\/strong><\/p>\n<ul>\n<li class=\"p1\">GEST\u00dcTZT AUF: Strohgelb, hell und sauber. Ein dichter Riss.<\/li>\n<li class=\"p1\">NARIZ: Tropische Frucht, wei\u00dfe Blume wie Orangenbl\u00fcte, Fenchel, sehr angenehmes Aroma.<\/li>\n<li class=\"p1\">MOUTH: Frisch, ausgewogen, elegant, gute S\u00e4ure, etwas Zitrusfr\u00fcchte, Ananas und Mango erscheinen. Es hat eine gewisse Unktuosit\u00e4t dieser Erziehung in seiner feinen Hefe.<\/li>\n<\/ul>","protected":false},"excerpt":{"rendered":"<ul>\n<li>Sauvignon wei\u00df 100%<\/li>\n<li>Manchuela g.U.<\/li>\n<li>3 Monate Zucht mit seiner feinen Hefe, kontinuierliche Staffelung<\/li>\n<li>Alkohol 14%<\/li>\n<li>21 Tage G\u00e4rung<\/li>\n<li>Bio und vegan<\/li>\n<li>Enth\u00e4lt Sulfite<\/li>\n<\/ul>","protected":false},"featured_media":7424,"template":"","meta":{"_seopress_robots_primary_cat":"none","_seopress_titles_title":"","_seopress_titles_desc":"","_seopress_robots_index":""},"product_brand":[88],"product_cat":[42,83,106],"product_tag":[],"class_list":{"0":"post-1986","1":"product","2":"type-product","3":"status-publish","4":"has-post-thumbnail","6":"product_brand-finca-los-halcones","7":"product_cat-blanco","8":"product_cat-cabernet-sauvignon","9":"product_cat-finca-los-halcones","10":"pa_tipo-de-uva-sauvignon-blanc","11":"pa_tipo-de-vino-blanco","13":"first","14":"instock","15":"taxable","16":"shipping-taxable","17":"purchasable","18":"product-type-simple"},"booking_location":null,"booking_location_type":null,"booking_duration":null,"booking_duration_unit":null,"booking_buffer":null,"booking_cost":null,"booking_resources":null,"tiered_pricing_type":"fixed","tiered_pricing_fixed_rules":[],"tiered_pricing_product_settings":{"layout":"default","base_unit_name":{"singular":null,"plural":null},"default_variation":null},"tiered_pricing_minimum_quantity":null,"tiered_pricing_roles_data":[],"tiered_pricing_percentage_rules":[],"tiered_pricing_maximum_quantity":null,"tiered_pricing_quantity_step":null,"_links":{"self":[{"href":"https:\/\/vegatolosa.com\/de\/wp-json\/wp\/v2\/product\/1986","targetHints":{"allow":["GET"]}}],"collection":[{"href":"https:\/\/vegatolosa.com\/de\/wp-json\/wp\/v2\/product"}],"about":[{"href":"https:\/\/vegatolosa.com\/de\/wp-json\/wp\/v2\/types\/product"}],"wp:featuredmedia":[{"embeddable":true,"href":"https:\/\/vegatolosa.com\/de\/wp-json\/wp\/v2\/media\/7424"}],"wp:attachment":[{"href":"https:\/\/vegatolosa.com\/de\/wp-json\/wp\/v2\/media?parent=1986"}],"wp:term":[{"taxonomy":"product_brand","embeddable":true,"href":"https:\/\/vegatolosa.com\/de\/wp-json\/wp\/v2\/product_brand?post=1986"},{"taxonomy":"product_cat","embeddable":true,"href":"https:\/\/vegatolosa.com\/de\/wp-json\/wp\/v2\/product_cat?post=1986"},{"taxonomy":"product_tag","embeddable":true,"href":"https:\/\/vegatolosa.com\/de\/wp-json\/wp\/v2\/product_tag?post=1986"}],"curies":[{"name":"wp","href":"https:\/\/api.w.org\/{rel}","templated":true}]}}