{"id":1713,"date":"2025-12-01T09:35:18","date_gmt":"2025-12-01T08:35:18","guid":{"rendered":"https:\/\/vegatolosa.com\/?post_type=product&#038;p=1713"},"modified":"2025-12-20T19:21:55","modified_gmt":"2025-12-20T18:21:55","slug":"vega-tolosa-brut-nature-gran-reserva","status":"publish","type":"product","link":"https:\/\/vegatolosa.com\/de\/product\/vega-tolosa-brut-nature-gran-reserva\/","title":{"rendered":"Vega Tolosa Brut Nature Gran Reserva"},"content":{"rendered":"<p>Benannt nach \u201eVega Tolosa\u201c f\u00fcr die f\u00fcnf Generationen, die unsere Familie Tolosa in ihrem Leben mit dem Anbau von Reben und der Herstellung von Wein verbracht hat. Eine Ehre f\u00fcr unsere Vorfahren, diesen Schaumwein zu schaffen, wo die Qualit\u00e4t der Traube, Arbeit und Zeit; dass die Natur wissen wird, wie sie sich kombinieren kann, um diesen einzigartigen Brut zu schaffen.<\/p>\n<p>Vega Tolosa Brut Nature ist ein Schaumwein, der 18 Jahre auf die Entwicklung des Chardonnay-Weinbergs gewartet hat, um ein Wurzel- und Blattsystem zu erreichen, das ausreicht, um Qualit\u00e4tstrauben zu produzieren.<\/p>\n<p>Ebenso haben wir in der Weinkellerei in den letzten 5 Jahren verschiedene Tests durchgef\u00fchrt und die Ergebnisse untersucht, um die h\u00f6chste Qualit\u00e4t zu erreichen.<\/p>\n<p>Das Ergebnis ist ein Qualit\u00e4tsschaumwein mit Autorensiegel.<\/p>\n<p>&nbsp;<\/p>\n<p><strong>CATA-HINWEIS<\/strong><\/p>\n<ul>\n<li>GEST\u00dcTZT AUF: Saubere und helle, goldene Farbe mit hellgr\u00fcnlichen T\u00f6nen. Sehr feiner und eleganter Blasenrosenkranz.<\/li>\n<li>NARIZ: Duft von B\u00e4ckerei. Erinnerungen an gr\u00fcnen Apfel.<\/li>\n<li>MOUTH: Perfekte Geschmacksbalance, sehr fruchtig im Mund. Sehr weiche Blase.<\/li>\n<\/ul>","protected":false},"excerpt":{"rendered":"<ul>\n<li>Chardonnay 100%<\/li>\n<li>Manchuela g.U.<\/li>\n<li>Funkelnd brut nature Herausgearbeitet nach der traditionellen Methode<\/li>\n<li>Begrenzte Produktion von 1.000 Flaschen<\/li>\n<li>Alkohol 12.5%<\/li>\n<li>48 Monate Reifung in der Flasche<\/li>\n<li>Gro\u00dfe Reserve<\/li>\n<li>Bio und vegan<\/li>\n<li>Enth\u00e4lt Sulfite<\/li>\n<\/ul>","protected":false},"featured_media":7408,"template":"","meta":{"_seopress_robots_primary_cat":"none","_seopress_titles_title":"","_seopress_titles_desc":"","_seopress_robots_index":""},"product_brand":[93],"product_cat":[42,82,105],"product_tag":[94,61],"class_list":{"0":"post-1713","1":"product","2":"type-product","3":"status-publish","4":"has-post-thumbnail","6":"product_brand-vegatolosa","7":"product_cat-blanco","8":"product_cat-chardonnay","9":"product_cat-vega-tolosa","10":"product_tag-edicion-limitada","11":"product_tag-espumoso","12":"pa_tipo-de-uva-chardonnay","13":"pa_tipo-de-vino-blanco","14":"pa_tipo-de-vino-espumoso","16":"first","17":"instock","18":"taxable","19":"shipping-taxable","20":"purchasable","21":"product-type-simple"},"booking_location":null,"booking_location_type":null,"booking_duration":null,"booking_duration_unit":null,"booking_buffer":null,"booking_cost":null,"booking_resources":null,"tiered_pricing_type":"fixed","tiered_pricing_fixed_rules":[],"tiered_pricing_product_settings":{"layout":"default","base_unit_name":{"singular":null,"plural":null},"default_variation":null},"tiered_pricing_minimum_quantity":null,"tiered_pricing_roles_data":[],"tiered_pricing_percentage_rules":[],"tiered_pricing_maximum_quantity":null,"tiered_pricing_quantity_step":null,"_links":{"self":[{"href":"https:\/\/vegatolosa.com\/de\/wp-json\/wp\/v2\/product\/1713","targetHints":{"allow":["GET"]}}],"collection":[{"href":"https:\/\/vegatolosa.com\/de\/wp-json\/wp\/v2\/product"}],"about":[{"href":"https:\/\/vegatolosa.com\/de\/wp-json\/wp\/v2\/types\/product"}],"wp:featuredmedia":[{"embeddable":true,"href":"https:\/\/vegatolosa.com\/de\/wp-json\/wp\/v2\/media\/7408"}],"wp:attachment":[{"href":"https:\/\/vegatolosa.com\/de\/wp-json\/wp\/v2\/media?parent=1713"}],"wp:term":[{"taxonomy":"product_brand","embeddable":true,"href":"https:\/\/vegatolosa.com\/de\/wp-json\/wp\/v2\/product_brand?post=1713"},{"taxonomy":"product_cat","embeddable":true,"href":"https:\/\/vegatolosa.com\/de\/wp-json\/wp\/v2\/product_cat?post=1713"},{"taxonomy":"product_tag","embeddable":true,"href":"https:\/\/vegatolosa.com\/de\/wp-json\/wp\/v2\/product_tag?post=1713"}],"curies":[{"name":"wp","href":"https:\/\/api.w.org\/{rel}","templated":true}]}}