{"id":8316,"date":"2026-03-12T20:31:10","date_gmt":"2026-03-12T19:31:10","guid":{"rendered":"https:\/\/vegatolosa.com\/?page_id=8316"},"modified":"2026-03-13T10:13:20","modified_gmt":"2026-03-13T09:13:20","slug":"participa-sorteo-cata","status":"publish","type":"page","link":"https:\/\/vegatolosa.com\/de\/participa-sorteo-cata\/","title":{"rendered":"Verkostung der Verlosung teilnehmen"},"content":{"rendered":"<section class=\"bde-section-8316-100 bde-section\">\n              \n  \n  \n\t\n\n\n\n<div class=\"section-container\"><div class=\"bde-div-8316-101 bde-div\">\n  \n  \n\t\n\n\n\n<h1 class=\"bde-heading-8316-102 bde-heading\">\nNehmen Sie an unserem Giveaway teil!\n<\/h1><div class=\"bde-fancy-divider-8316-103 bde-fancy-divider\">\n\n\n<div class=\"bde-fancy-divider__wrapper\">\n  <div class=\"bde-fancy-divider__separator\">\n  \t  <\/div>\n<\/div>\n\n<\/div>\n<\/div><div class=\"bde-div-8316-104 bde-div\">\n  \n  \n\t\n\n\n\n<div class=\"bde-rich-text-8316-105 bde-rich-text breakdance-rich-text-styles\">\n<p>F\u00fcllen Sie die Daten unserer Umfrage aus und erhalten Sie:<\/p>\n<\/div><div class=\"bde-grid-8316-106 bde-grid\">\n  \n  \n\t\n\n\n\n<div class=\"bde-rich-text-8316-107 bde-rich-text breakdance-rich-text-styles\">\n<p>1. Erhalten Sie unsere <strong>NEWSLETTER PRIVAT<\/strong><\/p>\n<\/div><div class=\"bde-rich-text-8316-109 bde-rich-text breakdance-rich-text-styles\">\n<p>2. Genie\u00dfen Sie die <strong>EXKLUSIVE PREISE<\/strong> Verkostung auch von zu Hause<\/p>\n<\/div><div class=\"bde-rich-text-8316-108 bde-rich-text breakdance-rich-text-styles\">\n<p>3. <strong>TEILNAHME AN DER \u00dcBERPR\u00dcFUNG<\/strong> dass wir am Ende der Verkostung leben werden<\/p>\n<\/div>\n<\/div>\n<\/div><div class=\"bde-div-8316-110 bde-div\">\n  \n  \n\t\n\n\n\n<div class=\"bde-columns-8316-111 bde-columns\"><div class=\"bde-column-8316-112 bde-column\">\n  \n  \n\t\n\n\n\n\n<\/div><div class=\"bde-column-8316-113 bde-column\">\n  \n  \n\t\n\n\n\n<div class=\"bde-div-8316-114 bde-div\">\n  \n  \n\t\n\n\n\n<div class=\"bde-shortcode-8316-115 bde-shortcode\"><div class='fluentform ff-default fluentform_wrapper_7 ffs_custom_wrap'><form data-form_id=\"7\" id=\"fluentform_7\" class=\"frm-fluent-form fluent_form_7 ff-el-form-top ff_form_instance_7_1 ff-form-loading ff_has_v3_recptcha ffs_custom\" data-form_instance=\"ff_form_instance_7_1\" method=\"POST\" data-recptcha_key=\"6LdlG0ksAAAAANE_QtejrolsBpY8saMOFqngWbj9\" action=\"\" ><fieldset  style=\"border: none!important;margin: 0!important;padding: 0!important;background-color: transparent!important;box-shadow: none!important;outline: none!important; min-inline-size: 100%;\">\n                    <legend class=\"ff_screen_reader_title\" style=\"display: block; margin: 0!important;padding: 0!important;height: 0!important;text-indent: -999999px;width: 0!important;overflow:hidden;\">Gewinnspiel Kundenverkostung<\/legend>        <div\n                style=\"display: none!important; position: absolute!important; transform: translateX(1000%)!important;\"\n                class=\"ff-el-group ff-hpsf-container\"\n        >\n            <div class=\"ff-el-input--label asterisk-right\">\n                <label for=\"ff_7_item_sf\" aria-label=\"Newsletter\">\n                    Newsletter                <\/label>\n            <\/div>\n            <div class=\"ff-el-input--content\">\n                <input type=\"text\"\n                       name=\"item_7__fluent_sf\"\n                       class=\"ff-el-form-control\"\n                       id=\"ff_7_item_sf\"\n                \/>\n            <\/div>\n        <\/div>\n                <input type=\"hidden\" id=\"__fluent_protection_token_7\" class=\"fluent-form-token-field\" name=\"__fluent_protection_token_7\">\n        <input type='hidden' name='__fluent_form_embded_post_id' value='8316' \/><input type=\"hidden\" id=\"_fluentform_7_fluentformnonce\" name=\"_fluentform_7_fluentformnonce\" value=\"c1a275e8e7\" \/><input type=\"hidden\" name=\"_wp_http_referer\" value=\"\/de\/wp-json\/wp\/v2\/pages\/8316\" \/><div data-type=\"name-element\" data-name=\"nombre\" class=\"ff-field_container ff-name-field-wrapper\" ><div class='ff-t-container'><div class='ff-t-cell'><div class='ff-el-group ff-el-form-top'><div class=\"ff-el-input--label ff-el-is-required asterisk-right\"><label for='ff_7_nombre_first_name_' id='label_ff_7_nombre_first_name_' >Name<\/label><\/div><div class='ff-el-input--content'><input type=\"text\" name=\"nombre[first_name]\" id=\"ff_7_nombre_first_name_\" class=\"ff-el-form-control\" placeholder=\"Wie hei\u00dft du?\" aria-invalid=\"false\" aria-required=\"true\"><\/div><\/div><\/div><\/div><\/div><div class='ff-el-group'><div class=\"ff-el-input--label ff-el-is-required asterisk-right\"><label for='ff_7_phone' id='label_ff_7_phone' aria-label=\"Telefonnummer\">Telefonnummer<\/label><\/div><div class='ff-el-input--content'><input name=\"phone\" class=\"ff-el-form-control ff-el-phone\" type=\"tel\" placeholder=\"Was ist dein Handy?\" data-name=\"phone\" id=\"ff_7_phone\" inputmode=\"tel\"  aria-invalid='false' aria-required=\"true\"><\/div><\/div><div class='ff-el-group'><div class=\"ff-el-input--label ff-el-is-required asterisk-right\"><label for='ff_7_email' id='label_ff_7_email' aria-label=\"E-Mail-Adresse\">E-Mail-Adresse<\/label><\/div><div class='ff-el-input--content'><input type=\"email\" name=\"email\" id=\"ff_7_email\" class=\"ff-el-form-control\" placeholder=\"Was ist deine E-Mail?\" data-name=\"email\"  aria-invalid=\"false\" aria-required=\"true\"><\/div><\/div><div class='ff-el-group'><div class=\"ff-el-input--label ff-el-is-required asterisk-right\"><label   aria-label=\"Wertsch\u00e4tzen Sie Ihre Erfahrung\">Wertsch\u00e4tzen Sie Ihre Erfahrung<\/label><\/div><div class='ff-el-input--content'><div class='ff-el-ratings jss-ff-el-ratings' role='radiogroup'><label for=\"ratings_090dbdfa420b3df7cd714064a5962404\" class=''><input name=\"ratings\" data-name=\"ratings\" type=\"radio\"  id=\"ratings_090dbdfa420b3df7cd714064a5962404\" aria-valuenow='1' value='1' aria-required=\"true\" aria-invalid='false'><?xml version=\"1.0\" encoding=\"iso-8859-1\"?><svg class=\"jss-ff-svg ff-svg\" version=\"1.1\" xmlns=\"http:\/\/www.w3.org\/2000\/svg\" xmlns:xlink=\"http:\/\/www.w3.org\/1999\/xlink\" x=\"0px\" y=\"0px\" viewbox=\"0 0 53.867 53.867\" style=\"enable-background:new 0 0 53.867 53.867;\" xml:space=\"preserve\"><polygon points=\"26.934,1.318 35.256,18.182 53.867,20.887 40.4,34.013 43.579,52.549 26.934,43.798 10.288,52.549 13.467,34.013 0,20.887 18.611,18.182 \"\/><g><\/g><g><\/g><g><\/g><g><\/g><g><\/g><g><\/g><g><\/g><g><\/g><g><\/g><g><\/g><g><\/g><g><\/g><g><\/g><g><\/g><g><\/g><\/svg><\/label><label for=\"ratings_db3c2387cd112dc79a5438114bbea780\" class=''><input name=\"ratings\" data-name=\"ratings\" type=\"radio\"  id=\"ratings_db3c2387cd112dc79a5438114bbea780\" aria-valuenow='2' value='2' aria-required=\"true\" aria-invalid='false'><?xml version=\"1.0\" encoding=\"iso-8859-1\"?><svg class=\"jss-ff-svg ff-svg\" version=\"1.1\" xmlns=\"http:\/\/www.w3.org\/2000\/svg\" xmlns:xlink=\"http:\/\/www.w3.org\/1999\/xlink\" x=\"0px\" y=\"0px\" viewbox=\"0 0 53.867 53.867\" style=\"enable-background:new 0 0 53.867 53.867;\" xml:space=\"preserve\"><polygon points=\"26.934,1.318 35.256,18.182 53.867,20.887 40.4,34.013 43.579,52.549 26.934,43.798 10.288,52.549 13.467,34.013 0,20.887 18.611,18.182 \"\/><g><\/g><g><\/g><g><\/g><g><\/g><g><\/g><g><\/g><g><\/g><g><\/g><g><\/g><g><\/g><g><\/g><g><\/g><g><\/g><g><\/g><g><\/g><\/svg><\/label><label for=\"ratings_f2d4666b3756085c4b91197cb70238b0\" class=''><input name=\"ratings\" data-name=\"ratings\" type=\"radio\"  id=\"ratings_f2d4666b3756085c4b91197cb70238b0\" aria-valuenow='3' value='3' aria-required=\"true\" aria-invalid='false'><?xml version=\"1.0\" encoding=\"iso-8859-1\"?><svg class=\"jss-ff-svg ff-svg\" version=\"1.1\" xmlns=\"http:\/\/www.w3.org\/2000\/svg\" xmlns:xlink=\"http:\/\/www.w3.org\/1999\/xlink\" x=\"0px\" y=\"0px\" viewbox=\"0 0 53.867 53.867\" style=\"enable-background:new 0 0 53.867 53.867;\" xml:space=\"preserve\"><polygon points=\"26.934,1.318 35.256,18.182 53.867,20.887 40.4,34.013 43.579,52.549 26.934,43.798 10.288,52.549 13.467,34.013 0,20.887 18.611,18.182 \"\/><g><\/g><g><\/g><g><\/g><g><\/g><g><\/g><g><\/g><g><\/g><g><\/g><g><\/g><g><\/g><g><\/g><g><\/g><g><\/g><g><\/g><g><\/g><\/svg><\/label><label for=\"ratings_56d9b51e81228311d710831fc2c534fe\" class=''><input name=\"ratings\" data-name=\"ratings\" type=\"radio\"  id=\"ratings_56d9b51e81228311d710831fc2c534fe\" aria-valuenow='4' value='4' aria-required=\"true\" aria-invalid='false'><?xml version=\"1.0\" encoding=\"iso-8859-1\"?><svg class=\"jss-ff-svg ff-svg\" version=\"1.1\" xmlns=\"http:\/\/www.w3.org\/2000\/svg\" xmlns:xlink=\"http:\/\/www.w3.org\/1999\/xlink\" x=\"0px\" y=\"0px\" viewbox=\"0 0 53.867 53.867\" style=\"enable-background:new 0 0 53.867 53.867;\" xml:space=\"preserve\"><polygon points=\"26.934,1.318 35.256,18.182 53.867,20.887 40.4,34.013 43.579,52.549 26.934,43.798 10.288,52.549 13.467,34.013 0,20.887 18.611,18.182 \"\/><g><\/g><g><\/g><g><\/g><g><\/g><g><\/g><g><\/g><g><\/g><g><\/g><g><\/g><g><\/g><g><\/g><g><\/g><g><\/g><g><\/g><g><\/g><\/svg><\/label><label for=\"ratings_5683feef34d5365b9b77a9787617df99\" class=''><input name=\"ratings\" data-name=\"ratings\" type=\"radio\"  id=\"ratings_5683feef34d5365b9b77a9787617df99\" aria-valuenow='5' value='5' aria-required=\"true\" aria-invalid='false'><?xml version=\"1.0\" encoding=\"iso-8859-1\"?><svg class=\"jss-ff-svg ff-svg\" version=\"1.1\" xmlns=\"http:\/\/www.w3.org\/2000\/svg\" xmlns:xlink=\"http:\/\/www.w3.org\/1999\/xlink\" x=\"0px\" y=\"0px\" viewbox=\"0 0 53.867 53.867\" style=\"enable-background:new 0 0 53.867 53.867;\" xml:space=\"preserve\"><polygon points=\"26.934,1.318 35.256,18.182 53.867,20.887 40.4,34.013 43.579,52.549 26.934,43.798 10.288,52.549 13.467,34.013 0,20.887 18.611,18.182 \"\/><g><\/g><g><\/g><g><\/g><g><\/g><g><\/g><g><\/g><g><\/g><g><\/g><g><\/g><g><\/g><g><\/g><g><\/g><g><\/g><g><\/g><g><\/g><\/svg><\/label><\/div><\/div><\/div><div class='ff-el-group'><div class=\"ff-el-input--label asterisk-right\"><label for='ff_7_input_text' id='label_ff_7_input_text' aria-label=\"Provinz (fakultativ)\">Provinz (fakultativ)<\/label><\/div><div class='ff-el-input--content'><input type=\"text\" name=\"input_text\" class=\"ff-el-form-control\" data-name=\"input_text\" id=\"ff_7_input_text\"  aria-invalid=\"false\" aria-required=\"false\"><\/div><\/div><div class='ff-el-group'><div class=\"ff-el-input--label asterisk-right\"><label for='ff_7_description' id='label_ff_7_description' aria-label=\"Wie haben Sie uns kennengelernt? (fakultativ)\">Wie haben Sie uns kennengelernt? (fakultativ)<\/label><\/div><div class='ff-el-input--content'><textarea aria-required=\"false\" aria-labelledby=\"label_ff_7_description\" name=\"description\" id=\"ff_7_description\" class=\"ff-el-form-control\" rows=\"3\" cols=\"2\" data-name=\"description\" ><\/textarea><\/div><\/div><div class='ff-el-group'><div class=\"ff-el-input--label asterisk-right\"><label for='ff_7_description_2' id='label_ff_7_description_2' aria-label=\"Was w\u00fcrde uns helfen, uns zu verbessern? (fakultativ)\">Was w\u00fcrde uns helfen, uns zu verbessern? (fakultativ)<\/label><\/div><div class='ff-el-input--content'><textarea aria-required=\"false\" aria-labelledby=\"label_ff_7_description_2\" name=\"description_2\" id=\"ff_7_description_2\" class=\"ff-el-form-control\" rows=\"3\" cols=\"2\" data-name=\"description_2\" ><\/textarea><\/div><\/div><div class='ff-el-group'><div class=\"ff-el-input--label asterisk-right\"><label for='ff_7_description_1' id='label_ff_7_description_1' aria-label=\"Welcher Wein hat Sie am meisten \u00fcberrascht? (fakultativ)\">Welcher Wein hat Sie am meisten \u00fcberrascht? (fakultativ)<\/label><\/div><div class='ff-el-input--content'><textarea aria-required=\"false\" aria-labelledby=\"label_ff_7_description_1\" name=\"description_1\" id=\"ff_7_description_1\" class=\"ff-el-form-control\" rows=\"3\" cols=\"2\" data-name=\"description_1\" ><\/textarea><\/div><\/div><div class='ff-el-group    ff-el-input--content'><div class='ff-el-form-check ff-el-tc'><label aria-label='Allgemeine Gesch\u00e4ftsbedingungen: Ich habe die Datenschutzerkl\u00e4rung gelesen und akzeptiere sie.\u00a0* Enth\u00e4lt 1 Link. Verwenden Sie die Tab-Navigation, um zu \u00fcberpr\u00fcfen.' class='ff-el-form-check-label ff_tc_label' for=\"terms-n-condition_e532ed8fb25f1f11409a4858c78572b2\"><span class='ff_tc_checkbox'><input type=\"checkbox\" name=\"terms-n-condition\" class=\"ff-el-form-check-input\" data-name=\"terms-n-condition\" id=\"terms-n-condition_e532ed8fb25f1f11409a4858c78572b2\"  value='on' aria-invalid='false' aria-required=\"true\"><\/span> <div class='ff_t_c'><p><span style=\"color: #000000\">Ich habe gelesen und akzeptiere die <a style=\"color: #000000\" href=\"https:\/\/vegatolosa.com\/de\/privacidad\/\">Datenschutzerkl\u00e4rung.<\/a><\/span><span style=\"color: #ff0000\">\u00a0*<\/span><\/p><\/div><\/label><\/div><\/div><div class='ff-el-group ff-text-center ff_submit_btn_wrapper'><button type=\"submit\" class=\"ff-btn ff-btn-submit ff-btn-lg ff_btn_style wpf_has_custom_css\"  aria-label=\"SENDEN\">SENDEN<\/button><\/div><\/fieldset><input type=\"hidden\" name=\"etm-form-language\" value=\"de\"\/><\/form><div id='fluentform_7_errors' class='ff-errors-in-stack ff_form_instance_7_1 ff-form-loading_errors ff_form_instance_7_1_errors'><\/div><\/div>            <script type=\"text\/javascript\">\n                window.fluent_form_ff_form_instance_7_1 = {\"id\":\"7\",\"ajaxUrl\":\"https:\\\/\\\/vegatolosa.com\\\/wp-admin\\\/admin-ajax.php\",\"settings\":{\"layout\":{\"labelPlacement\":\"top\",\"asteriskPlacement\":\"asterisk-right\",\"helpMessagePlacement\":\"with_label\",\"errorMessagePlacement\":\"inline\",\"cssClassName\":\"\"},\"restrictions\":{\"denyEmptySubmission\":{\"enabled\":false}}},\"form_instance\":\"ff_form_instance_7_1\",\"form_id_selector\":\"fluentform_7\",\"rules\":{\"nombre[first_name]\":{\"required\":{\"value\":true,\"message\":\"Este campo es obligatorio\",\"global_message\":\"Este campo es obligatorio\",\"global\":true}},\"nombre[middle_name]\":{\"required\":{\"value\":false,\"message\":\"Este campo es obligatorio\",\"global_message\":\"Este campo es obligatorio\",\"global\":true}},\"nombre[last_name]\":{\"required\":{\"value\":false,\"message\":\"Este campo es obligatorio\",\"global_message\":\"Este campo es obligatorio\",\"global\":true}},\"phone\":{\"required\":{\"value\":true,\"global\":true,\"message\":\"Este campo es obligatorio\",\"global_message\":\"Este campo es obligatorio\"},\"valid_phone_number\":{\"value\":false,\"global\":true,\"message\":\"El n\\u00famero de tel\\u00e9fono no es v\\u00e1lido\",\"global_message\":\"El n\\u00famero de tel\\u00e9fono no es v\\u00e1lido\"}},\"email\":{\"required\":{\"value\":true,\"message\":\"Este campo es obligatorio\",\"global_message\":\"Este campo es obligatorio\",\"global\":true},\"email\":{\"value\":true,\"message\":\"Este campo debe contener un correo electr\\u00f3nico v\\u00e1lido\",\"global_message\":\"Este campo debe contener un correo electr\\u00f3nico v\\u00e1lido\",\"global\":true}},\"ratings\":{\"required\":{\"value\":true,\"message\":\"Este campo es obligatorio\",\"global_message\":\"Este campo es obligatorio\",\"global\":true}},\"input_text\":{\"required\":{\"value\":false,\"message\":\"Este campo es obligatorio\",\"global_message\":\"Este campo es obligatorio\",\"global\":true}},\"description\":{\"required\":{\"value\":false,\"message\":\"Este campo es obligatorio\",\"global_message\":\"Este campo es obligatorio\",\"global\":true}},\"description_2\":{\"required\":{\"value\":false,\"message\":\"Este campo es obligatorio\",\"global_message\":\"Este campo es obligatorio\",\"global\":true}},\"description_1\":{\"required\":{\"value\":false,\"message\":\"Este campo es obligatorio\",\"global_message\":\"Este campo es obligatorio\",\"global\":true}},\"terms-n-condition\":{\"required\":{\"value\":true,\"message\":\"Este campo es obligatorio\",\"global_message\":\"Este campo es obligatorio\",\"global\":true}},\"g-recaptcha-response\":[]},\"debounce_time\":300};\n                            <\/script>\n            <\/div><div class=\"bde-rich-text-8316-116 bde-rich-text breakdance-rich-text-styles\">\n<p>Grundlegende Informationen zum Datenschutz: Verantwortliche Stelle: Pagos de Familia Vega Tolosa S.A. Zweck: Senden von Informationen und kommerzieller Kommunikation. Legitimation: Zustimmung. Adressaten: Es werden keine Daten an Dritte weitergegeben, es sei denn, es besteht eine gesetzliche Verpflichtung. Rechte: Zugriff, Berichtigung und L\u00f6schung der Daten sowie anderer Rechte, wie in den zus\u00e4tzlichen Informationen erl\u00e4utert, unter info@vegatolosa.com. Zus\u00e4tzliche Informationen: Sie k\u00f6nnen die zus\u00e4tzlichen und detaillierten Informationen zum Datenschutz einsehen.<span style=\"color: #000000;\"> <a style=\"color: #000000;\" href=\"https:\/\/vegatolosa.com\/de\/privacidad\/\">hier<\/a>.<\/span><\/p>\n<\/div>\n<\/div>\n<\/div><\/div>\n<\/div><\/div>\n<\/section>","protected":false},"excerpt":{"rendered":"<p>Nehmen Sie an unserem Giveaway teil! F\u00fcllen Sie die Daten unserer Umfrage aus und erhalten Sie: 1. Erhalten Sie unseren PRIVATEN NEWSLETTER 2. Genie\u00dfen Sie die EXKLUSIVE PREISE der Verkostung auch von zu Hause aus 3. TEILNEHMEN SIE AN DER ZEICHNUNG, die wir am Ende der Verkostung live machen Verkostung Verkostung Kundenverkostung Newsletter NameTelefonEmailWert Ihre ErfahrungProvinz (optional)Wie haben Sie uns getroffen? (fakultativ)Was [\u2026]<\/p>","protected":false},"author":1,"featured_media":0,"parent":0,"menu_order":0,"comment_status":"closed","ping_status":"closed","template":"","meta":{"_seopress_robots_primary_cat":"","_seopress_titles_title":"","_seopress_titles_desc":"","_seopress_robots_index":"","_breakdance_hide_in_design_set":false,"_breakdance_tags":"","footnotes":""},"class_list":["post-8316","page","type-page","status-publish","hentry"],"_links":{"self":[{"href":"https:\/\/vegatolosa.com\/de\/wp-json\/wp\/v2\/pages\/8316","targetHints":{"allow":["GET"]}}],"collection":[{"href":"https:\/\/vegatolosa.com\/de\/wp-json\/wp\/v2\/pages"}],"about":[{"href":"https:\/\/vegatolosa.com\/de\/wp-json\/wp\/v2\/types\/page"}],"author":[{"embeddable":true,"href":"https:\/\/vegatolosa.com\/de\/wp-json\/wp\/v2\/users\/1"}],"replies":[{"embeddable":true,"href":"https:\/\/vegatolosa.com\/de\/wp-json\/wp\/v2\/comments?post=8316"}],"version-history":[{"count":3,"href":"https:\/\/vegatolosa.com\/de\/wp-json\/wp\/v2\/pages\/8316\/revisions"}],"predecessor-version":[{"id":8345,"href":"https:\/\/vegatolosa.com\/de\/wp-json\/wp\/v2\/pages\/8316\/revisions\/8345"}],"wp:attachment":[{"href":"https:\/\/vegatolosa.com\/de\/wp-json\/wp\/v2\/media?parent=8316"}],"curies":[{"name":"wp","href":"https:\/\/api.w.org\/{rel}","templated":true}]}}