{"id":829,"date":"2025-11-17T12:17:58","date_gmt":"2025-11-17T11:17:58","guid":{"rendered":"https:\/\/vegatolosa.com\/?page_id=829"},"modified":"2025-12-21T00:07:20","modified_gmt":"2025-12-20T23:07:20","slug":"politica-de-cookies","status":"publish","type":"page","link":"https:\/\/vegatolosa.com\/de\/politica-de-cookies\/","title":{"rendered":"Cookie-Richtlinie"},"content":{"rendered":"<h1 class=\"wp-block-heading has-large-font-size\">COOKIES-RICHTLINIE<\/h1>\n\n\n\n<h2 class=\"wp-block-heading has-medium-font-size\">1. WAS SIND COOKIES?<\/h2>\n\n\n\n<p>Ein Cookie ist eine Datei, die auf Ihren Computer heruntergeladen wird, wenn Sie auf bestimmte Webseiten zugreifen. Cookies erm\u00f6glichen es einer Website unter anderem, Informationen \u00fcber die Surfgewohnheiten eines Benutzers oder seines Computers zu speichern und abzurufen, und je nach den darin enthaltenen Informationen und der Art und Weise, wie sie ihren Computer verwenden, k\u00f6nnen sie verwendet werden, um den Benutzer zu erkennen.<\/p>\n\n\n\n<p>In <strong>Vega Tolosa Winery<\/strong> Wir verwenden Cookies, um den Betrieb der Website sicherzustellen (wie z.B. das Speichern Ihres Warenkorbs) und um zu analysieren, wie Besucher unsere Website nutzen.<\/p>\n\n\n\n<h2 class=\"wp-block-heading has-medium-font-size\">2. WELCHE ARTEN VON COOKIES VERWENDEN SIE DIESE WEBSITE?<\/h2>\n\n\n\n<p>Diese Website, im Besitz von <strong>Pagos de Familia Vega Tolosa S.A.<\/strong>, verwendet die folgenden Kategorien von Cookies:<\/p>\n\n\n\n<h3 class=\"wp-block-heading has-medium-font-size\">A. Technische Cookies (notwendig)<\/h3>\n\n\n\n<p>Sie sind diejenigen, die es dem Benutzer erm\u00f6glichen, durch die Website zu navigieren und die verschiedenen Optionen oder Dienste zu nutzen, die darin vorhanden sind. Ohne diese Cookies w\u00fcrde die Website nicht richtig funktionieren.<\/p>\n\n\n\n<ul class=\"wp-block-list\">\n<li><strong>Session und Cart:<\/strong> Um die Produkte in Ihrem Warenkorb zu halten, w\u00e4hrend Sie den Checkout-Prozess durchsuchen und verwalten.<\/li>\n\n\n\n<li><strong>Sicherheit:<\/strong> Um Angriffe auf die Website zu verhindern.<\/li>\n\n\n\n<li><strong>Alters\u00fcberpr\u00fcfung:<\/strong> Um sich daran zu erinnern, dass Sie bereits best\u00e4tigt haben, dass Sie \u00fcber 18 Jahre alt sind und Ihnen das Warn-Popup auf jeder Seite nicht erneut anzeigen.<\/li>\n\n\n\n<li><strong>Cookie-Pr\u00e4ferenzen:<\/strong> Um sich daran zu erinnern, ob Sie analytische Cookies akzeptiert oder abgelehnt haben.<\/li>\n<\/ul>\n\n\n\n<h3 class=\"wp-block-heading has-medium-font-size\">B. Analyse-Cookies (Dritte)<\/h3>\n\n\n\n<p>Es handelt sich um solche, die von uns oder von Dritten behandelt werden und es uns erm\u00f6glichen, die Anzahl der Nutzer zu quantifizieren und so die Messung und statistische Analyse der Nutzung des angebotenen Dienstes durch die Nutzer durchzuf\u00fchren. Dazu wird Ihre Navigation auf unserer Website analysiert, um das Angebot an Produkten oder Dienstleistungen, die wir Ihnen anbieten, zu verbessern.<\/p>\n\n\n\n<ul class=\"wp-block-list\">\n<li><strong>Google Analytics:<\/strong> Wir verwenden diesen Dienst von Google, LLC., um anonyme Nutzungsstatistiken (Anzahl der Besuche, am h\u00e4ufigsten angesehene Seiten, Herkunft der Besucher) zu sammeln.<\/li>\n<\/ul>\n\n\n\n<h2 class=\"wp-block-heading has-medium-font-size\">3. BEZIEHUNG DER VERWENDETEN COOKIES<\/h2>\n\n\n\n<p>Zur Information, die wichtigsten Cookies, die wir verwenden, sind:<\/p>\n\n\n                  <div class=\"mhcookie-shortcode-wrapper mhcookie-shortcode-cookies-wrapper\" data-group=\"essential\">\n            <div class=\"mhcookie-shortcode-group\">\n                  <label class=\"mhcookie-shortcode-group-label\">Essenzielle<\/label>\n                  <div class=\"mhcookie-shortcode-group-description\">Essenzielle Cookies und Dienste erm\u00f6glichen grundlegende Funktionen und sind f\u00fcr das ordnungsgem\u00e4\u00dfe Funktionieren der Website erforderlich. Diese Cookies und Dienste erfordern keine Zustimmung des Nutzers gem\u00e4\u00df der DSGVO.<\/div>\n\n            <\/div>\n            <div class=\"mhcookie-shortcode-list-wrapper\" data-group=\"essential\">\n                  <ul class=\"mhcookie-shortcode-group--list\">\n                                                      <li class=\"mhcookie-shortcode-group--list-item\">\n                                    _lscache_vary                              <\/li>\n                                                      <li class=\"mhcookie-shortcode-group--list-item\">\n                                    breakdance_last_session_id                              <\/li>\n                                                      <li class=\"mhcookie-shortcode-group--list-item\">\n                                    breakdance_session_count                              <\/li>\n                                                      <li class=\"mhcookie-shortcode-group--list-item\">\n                                    cmplz_banner-status                              <\/li>\n                                                      <li class=\"mhcookie-shortcode-group--list-item\">\n                                    cmplz_consented_services                              <\/li>\n                                                      <li class=\"mhcookie-shortcode-group--list-item\">\n                                    cmplz_funktional                              <\/li>\n                                                      <li class=\"mhcookie-shortcode-group--list-item\">\n                                    cmplz_marketing                              <\/li>\n                                                      <li class=\"mhcookie-shortcode-group--list-item\">\n                                    cmplz_policy_id                              <\/li>\n                                                      <li class=\"mhcookie-shortcode-group--list-item\">\n                                    cmplz_pr\u00e4ferenzen                              <\/li>\n                                                      <li class=\"mhcookie-shortcode-group--list-item\">\n                                    cmplz_statistiken                              <\/li>\n                                                      <li class=\"mhcookie-shortcode-group--list-item\">\n                                    googtrans                              <\/li>\n                                                      <li class=\"mhcookie-shortcode-group--list-item\">\n                                    mhcookie                              <\/li>\n                                                      <li class=\"mhcookie-shortcode-group--list-item\">\n                                    PHPSESSID                              <\/li>\n                                                      <li class=\"mhcookie-shortcode-group--list-item\">\n                                    tz                              <\/li>\n                                                      <li class=\"mhcookie-shortcode-group--list-item\">\n                                    woocommerce_cart_hash                              <\/li>\n                                                      <li class=\"mhcookie-shortcode-group--list-item\">\n                                    woocommerce_items_in_cart                              <\/li>\n                                                      <li class=\"mhcookie-shortcode-group--list-item\">\n                                    wordpress_logged_in_* - Wer hat geschrieben?                              <\/li>\n                                                      <li class=\"mhcookie-shortcode-group--list-item\">\n                                    wp_lang                              <\/li>\n                                                      <li class=\"mhcookie-shortcode-group--list-item\">\n                                    wp_woocommerce_session_* - Wer hat geschrieben?                              <\/li>\n                                                      <li class=\"mhcookie-shortcode-group--list-item\">\n                                    wp-postpass_*                              <\/li>\n                                                      <li class=\"mhcookie-shortcode-group--list-item\">\n                                    wp-Einstellungen-*                              <\/li>\n                                                      <li class=\"mhcookie-shortcode-group--list-item\">\n                                    wp-settings-Zeit-*                              <\/li>\n                                          <\/ul>\n            <\/div>\n      <\/div>\n                                    <div class=\"mhcookie-shortcode-wrapper mhcookie-shortcode-cookies-wrapper\" data-group=\"analytics\">\n            <div class=\"mhcookie-shortcode-group\">\n                  <label class=\"mhcookie-shortcode-group-label\">Analyse<\/label>\n                  <div class=\"mhcookie-shortcode-group-description\">Statistik-Cookies sammeln Nutzungsinformationen, die uns Einblicke geben, wie unsere Besucher mit unserer Website interagieren.<\/div>\n\n            <\/div>\n            <div class=\"mhcookie-shortcode-list-wrapper\" data-group=\"analytics\">\n                  <ul class=\"mhcookie-shortcode-group--list\">\n                                                      <li class=\"mhcookie-shortcode-group--list-item\">\n                                    _ga                              <\/li>\n                                                      <li class=\"mhcookie-shortcode-group--list-item\">\n                                    _ga_*                              <\/li>\n                                                      <li class=\"mhcookie-shortcode-group--list-item\">\n                                    breakdance_view_count                              <\/li>\n                                                      <li class=\"mhcookie-shortcode-group--list-item\">\n                                    mp_*_mixpanel                              <\/li>\n                                                      <li class=\"mhcookie-shortcode-group--list-item\">\n                                    sbjs_current                              <\/li>\n                                                      <li class=\"mhcookie-shortcode-group--list-item\">\n                                    sbjs_current_add                              <\/li>\n                                                      <li class=\"mhcookie-shortcode-group--list-item\">\n                                    sbjs_first                              <\/li>\n                                                      <li class=\"mhcookie-shortcode-group--list-item\">\n                                    sbjs_first_add                              <\/li>\n                                                      <li class=\"mhcookie-shortcode-group--list-item\">\n                                    sbjs_migrations                              <\/li>\n                                                      <li class=\"mhcookie-shortcode-group--list-item\">\n                                    sbjs_session                              <\/li>\n                                                      <li class=\"mhcookie-shortcode-group--list-item\">\n                                    sbjs_udata                              <\/li>\n                                                      <li class=\"mhcookie-shortcode-group--list-item\">\n                                    tk_*r                              <\/li>\n                                                      <li class=\"mhcookie-shortcode-group--list-item\">\n                                    tk_ai                              <\/li>\n                                                      <li class=\"mhcookie-shortcode-group--list-item\">\n                                    tk_qs                              <\/li>\n                                          <\/ul>\n            <\/div>\n      <\/div>\n                        <div class=\"mhcookie-shortcode-wrapper mhcookie-shortcode-cookies-wrapper\" data-group=\"marketing\">\n            <div class=\"mhcookie-shortcode-group\">\n                  <label class=\"mhcookie-shortcode-group-label\">Marketing<\/label>\n                  <div class=\"mhcookie-shortcode-group-description\">Marketing-Dienste werden von Drittanbietern oder Publishern genutzt, um personalisierte Anzeigen zu zeigen. Sie tun dies, indem sie Besucher \u00fcber verschiedene Websites hinweg verfolgen.<\/div>\n\n            <\/div>\n            <div class=\"mhcookie-shortcode-list-wrapper\" data-group=\"marketing\">\n                  <ul class=\"mhcookie-shortcode-group--list\">\n                                                      <li class=\"mhcookie-shortcode-group--list-item\">\n                                    _gcl_au                              <\/li>\n                                                      <li class=\"mhcookie-shortcode-group--list-item\">\n                                    Rafflepress _email                              <\/li>\n                                                      <li class=\"mhcookie-shortcode-group--list-item\">\n                                    SID                              <\/li>\n                                          <\/ul>\n            <\/div>\n      <\/div>\n                                    <div class=\"mhcookie-shortcode-wrapper mhcookie-shortcode-cookies-wrapper\" data-group=\"other\">\n            <div class=\"mhcookie-shortcode-group\">\n                  <label class=\"mhcookie-shortcode-group-label\">Andere Dienste<\/label>\n                  <div class=\"mhcookie-shortcode-group-description\">Diese Kategorie umfasst alle Cookies, Domains und Dienste, die nicht in die anderen spezifischen Kategorien fail oder nicht eindeutig kategorisiert wurden.<\/div>\n\n            <\/div>\n            <div class=\"mhcookie-shortcode-list-wrapper\" data-group=\"other\">\n                  <ul class=\"mhcookie-shortcode-group--list\">\n                                                      <li class=\"mhcookie-shortcode-group--list-item\">\n                                    * _modus                              <\/li>\n                                                      <li class=\"mhcookie-shortcode-group--list-item\">\n                                    age_gate                              <\/li>\n                                                      <li class=\"mhcookie-shortcode-group--list-item\">\n                                    age_gate_failed                              <\/li>\n                                                      <li class=\"mhcookie-shortcode-group--list-item\">\n                                    amp_*                              <\/li>\n                                                      <li class=\"mhcookie-shortcode-group--list-item\">\n                                    chatbase_anon_id                              <\/li>\n                                                      <li class=\"mhcookie-shortcode-group--list-item\">\n                                    CookiesEnabled                              <\/li>\n                                                      <li class=\"mhcookie-shortcode-group--list-item\">\n                                    fc_*                              <\/li>\n                                                      <li class=\"mhcookie-shortcode-group--list-item\">\n                                    perf_*                              <\/li>\n                                                      <li class=\"mhcookie-shortcode-group--list-item\">\n                                    Rafflepresse_hash_*                              <\/li>\n                                                      <li class=\"mhcookie-shortcode-group--list-item\">\n                                    SSID                              <\/li>\n                                                      <li class=\"mhcookie-shortcode-group--list-item\">\n                                    SMS _au _c                              <\/li>\n                                                      <li class=\"mhcookie-shortcode-group--list-item\">\n                                    TSVB _UID                              <\/li>\n                                                      <li class=\"mhcookie-shortcode-group--list-item\">\n                                    vk                              <\/li>\n                                                      <li class=\"mhcookie-shortcode-group--list-item\">\n                                    wptm _kategorie_id                              <\/li>\n                                          <\/ul>\n            <\/div>\n      <\/div>\n      \n\n\n\n<h2 class=\"wp-block-heading has-medium-font-size\">4. INTERNATIONALE \u00dcBERTRAGUNGEN<\/h2>\n\n\n\n<p>Eigene Cookies beinhalten keine internationalen \u00dcbertragungen. Cookies von Drittanbietern, die zu <strong>Google Analytics<\/strong> Dies kann bedeuten, dass Ihre Daten in den USA von Google, LLC verarbeitet werden.<\/p>\n\n\n\n<p>Sie k\u00f6nnen sich \u00fcber \u00dcbertragungen in Drittl\u00e4nder informieren, die gegebenenfalls von den in dieser Cookie-Richtlinie genannten Dritten in ihren entsprechenden Richtlinien vorgenommen werden (siehe Links im n\u00e4chsten Abschnitt). Google h\u00e4lt sich an den Rahmen der <strong>Datenschutzrahmen<\/strong> EU-USA, um ein angemessenes Schutzniveau zu gew\u00e4hrleisten.<\/p>\n\n\n\n<h2 class=\"wp-block-heading has-medium-font-size\">5. ANNAHME UND KONFIGURIERUNG VON COOKIES<\/h2>\n\n\n\n<p>Wenn Sie diese Website zum ersten Mal aufrufen, sehen Sie ein Fenster, in dem Sie \u00fcber die Verwendung von Cookies informiert werden und in dem Sie diese \"Cookie-Richtlinie\" einsehen k\u00f6nnen.<\/p>\n\n\n\n<p>Sie k\u00f6nnen Ihre Cookie-Einstellungen jederzeit \u00fcber das Einstellungsfeld unserer Website oder \u00fcber Ihre Browser-Optionen \u00e4ndern:<\/p>\n\n\n\n<ul class=\"wp-block-list\">\n<li class=\"has-black-color has-text-color has-link-color wp-elements-bd951d9e90b923a08c724ecd3990ba56\"><strong>Google Chrome:<\/strong> <a href=\"http:\/\/support.google.com\/chrome\/bin\/answer.py?hl=es&amp;answer=95647\" target=\"_blank\" rel=\"noreferrer noopener\">Link zur Konfiguration<\/a><\/li>\n\n\n\n<li class=\"has-black-color has-text-color has-link-color wp-elements-b65c4603d07c5388a0a458d4ea75db2e\"><strong>Internet Explorer\/Edge:<\/strong> <a href=\"https:\/\/support.microsoft.com\/es-es\/help\/17442\/windows-internet-explorer-delete-manage-cookies\" target=\"_blank\" rel=\"noreferrer noopener\">Link zur Konfiguration<\/a><\/li>\n\n\n\n<li class=\"has-black-color has-text-color has-link-color wp-elements-4e1a35259b7e539444532090dedbde34\"><strong>Mozilla-Firefox:<\/strong> <a href=\"http:\/\/support.mozilla.org\/es\/kb\/habilitar-y-deshabilitar-cookies-que-los-sitios-we\" target=\"_blank\" rel=\"noreferrer noopener\">Link zur Konfiguration<\/a><\/li>\n\n\n\n<li class=\"has-black-color has-text-color has-link-color wp-elements-4741873931d63b225b654576b97d7d64\"><strong>Apple Safari:<\/strong> <a href=\"https:\/\/www.google.com\/search?q=http:\/\/support.apple.com\/kb\/ph5042\" target=\"_blank\" rel=\"noreferrer noopener\">Link zur Konfiguration<\/a><\/li>\n<\/ul>\n\n\n\n<p>Wenn Sie sich entscheiden, analytische Cookies abzulehnen, k\u00f6nnen Sie weiterhin im Internet surfen, obwohl die Nutzung einiger Dienste eingeschr\u00e4nkt sein kann und unsere F\u00e4higkeit, die Benutzererfahrung zu verbessern, beeintr\u00e4chtigt wird.<\/p>\n\n\n\n<h2 class=\"wp-block-heading has-medium-font-size\">6. AKTUALISIERUNG<\/h2>\n\n\n\n<p>Pagos de Familia Vega Tolosa S.A. kann diese Cookie-Richtlinie gem\u00e4\u00df den gesetzlichen, regulatorischen Anforderungen \u00e4ndern oder um diese Richtlinie an die Anweisungen der spanischen Datenschutzbeh\u00f6rde anzupassen, daher wird den Benutzern empfohlen, sie regelm\u00e4\u00dfig zu besuchen.<\/p>","protected":false},"excerpt":{"rendered":"<p>COOKIES-RICHTLINIE 1. WAS SIND COOKIES? Ein Cookie ist eine Datei, die auf Ihren Computer heruntergeladen wird, wenn Sie auf bestimmte Webseiten zugreifen. Cookies erm\u00f6glichen es einer Website unter anderem, Informationen \u00fcber die Surfgewohnheiten eines Benutzers oder seines Computers zu speichern und abzurufen, und je nach dem, was [...]<\/p>","protected":false},"author":1,"featured_media":0,"parent":0,"menu_order":0,"comment_status":"closed","ping_status":"closed","template":"","meta":{"_seopress_robots_primary_cat":"","_seopress_titles_title":"","_seopress_titles_desc":"","_seopress_robots_index":"","_breakdance_hide_in_design_set":false,"_breakdance_tags":"","footnotes":""},"class_list":["post-829","page","type-page","status-publish","hentry"],"_links":{"self":[{"href":"https:\/\/vegatolosa.com\/de\/wp-json\/wp\/v2\/pages\/829","targetHints":{"allow":["GET"]}}],"collection":[{"href":"https:\/\/vegatolosa.com\/de\/wp-json\/wp\/v2\/pages"}],"about":[{"href":"https:\/\/vegatolosa.com\/de\/wp-json\/wp\/v2\/types\/page"}],"author":[{"embeddable":true,"href":"https:\/\/vegatolosa.com\/de\/wp-json\/wp\/v2\/users\/1"}],"replies":[{"embeddable":true,"href":"https:\/\/vegatolosa.com\/de\/wp-json\/wp\/v2\/comments?post=829"}],"version-history":[{"count":7,"href":"https:\/\/vegatolosa.com\/de\/wp-json\/wp\/v2\/pages\/829\/revisions"}],"predecessor-version":[{"id":7807,"href":"https:\/\/vegatolosa.com\/de\/wp-json\/wp\/v2\/pages\/829\/revisions\/7807"}],"wp:attachment":[{"href":"https:\/\/vegatolosa.com\/de\/wp-json\/wp\/v2\/media?parent=829"}],"curies":[{"name":"wp","href":"https:\/\/api.w.org\/{rel}","templated":true}]}}