{"id":6536,"date":"2025-12-02T11:03:14","date_gmt":"2025-12-02T10:03:14","guid":{"rendered":"https:\/\/vegatolosa.com\/?page_id=6536"},"modified":"2026-01-14T11:17:12","modified_gmt":"2026-01-14T10:17:12","slug":"vinos","status":"publish","type":"page","link":"https:\/\/vegatolosa.com\/de\/vinos\/","title":{"rendered":"Weine mit eigener Identit\u00e4t"},"content":{"rendered":"<div class=\"bde-globalblock-6536-125 bde-globalblock\"><style>.breakdance .bde-section-5508-100-5508-1{background-image:url(https:\/\/vegatolosa.com\/wp-content\/uploads\/2025\/12\/Recurso_copasVacias-scaled.jpg);background-size:cover;background-repeat:no-repeat;background-position:center center}.breakdance .bde-section-5508-100-5508-1>.section-background-overlay{background-color:var(--bde-palette-color-3);transition:background-color var(--bde-transition-duration) ease-in-out}.breakdance .bde-section-5508-100-5508-1>.section-background-overlay{opacity:0.4}<\/style><section class=\"bde-section-5508-100-5508-1 bde-section bde-section-5508-100\">\n              \n  \n  \n\t\n\n  <div class=\"section-background-overlay\"><\/div>\n\n\n<div class=\"section-container\"><h1 class=\"bde-heading-5508-101-5508-1 bde-heading bde-heading-5508-101\">\nWeine mit eigener Identit\u00e4t\n<\/h1><\/div>\n<\/section><\/div><section class=\"bde-section-6536-100 bde-section\">\n  \n  \n\t\n\n\n\n<div class=\"section-container\"><div class=\"bde-div-6536-101 bde-div\">\n  \n  \n\t\n\n\n\n<h2 class=\"bde-heading-6536-124 bde-heading\">\nF\u00fcnf Marken, f\u00fcnf Pers\u00f6nlichkeiten, eine Familie\n<\/h2><div class=\"bde-rich-text-6536-103 bde-rich-text breakdance-rich-text-styles\">\n<p data-path-to-node=\"16\">Bei Vega Tolosa verstehen wir Wein als Spiegelbild des Lebens: Es gibt Tage f\u00fcr Frische und Lachen und Momente f\u00fcr Pause und Tiefe.<\/p>\n<p data-path-to-node=\"16\">Deshalb haben wir <strong>F\u00fcnf verschiedene Universen<\/strong> im Rahmen derselben Verpflichtung: Ehrlichkeit mit dem Land.<\/p>\n<p data-path-to-node=\"16\">Aus dem jungen Funken unserer <i>Sekt<\/i> Bis zur Feier unserer alten Weinberge laden wir Sie ein, zu entdecken, welche Flasche heute am besten Ihre Geschichte erz\u00e4hlt.<\/p>\n<p data-path-to-node=\"16\">Tauchen Sie ein in unsere f\u00fcnf Kollektionen und finden Sie den perfekten Begleiter f\u00fcr jeden Anlass.<\/p>\n<\/div>\n<\/div><\/div>\n<\/section><section class=\"bde-section-6536-130 bde-section\">\n  \n  \n\t\n\n\n\n<div class=\"section-container\"><div class=\"bde-globalblock-6536-131 bde-globalblock\"><section class=\"bde-section-6523-118-6523-1 bde-section bde-section-6523-118\">\n  \n  \n\t\n\n\n\n<div class=\"section-container\"><div class=\"bde-grid-6523-119-6523-1 bde-grid bde-grid-6523-119\">\n  \n  \n\t\n\n\n\n<div class=\"bde-div-6523-120-6523-1 bde-div bde-div-6523-120\">\n  \n  \n\t\n\n\n\n<div class=\"bde-image-hover-card-6523-121-6523-1 bde-image-hover-card bde-preset-6b5d8c1b-a197-471c-8a52-8fa4be376753 bde-image-hover-card-6523-121\">\n           \n            \n            \n\n    \n    \n    \n    \n    \n    <a class=\"breakdance-link\" href=\"https:\/\/vegatolosa.com\/de\/vino-vega-tolosa\/\" target=\"_self\" data-type=\"url\"  >\n\n<figure class=\"ee-imagehover c4-izmir c4-border-bottom c4-image-zoom-in\">\n    <img decoding=\"async\" class=\"breakdance-image-object\" src=\"https:\/\/vegatolosa.com\/wp-content\/uploads\/2025\/12\/Marca-Vega-Tolosa-scaled.jpg\" width=\"2560\" height=\"1487\" srcset=\"https:\/\/vegatolosa.com\/wp-content\/uploads\/2025\/12\/Marca-Vega-Tolosa-scaled.jpg 2560w, https:\/\/vegatolosa.com\/wp-content\/uploads\/2025\/12\/Marca-Vega-Tolosa-300x174.jpg 300w, https:\/\/vegatolosa.com\/wp-content\/uploads\/2025\/12\/Marca-Vega-Tolosa-1024x595.jpg 1024w, https:\/\/vegatolosa.com\/wp-content\/uploads\/2025\/12\/Marca-Vega-Tolosa-768x446.jpg 768w, https:\/\/vegatolosa.com\/wp-content\/uploads\/2025\/12\/Marca-Vega-Tolosa-1536x892.jpg 1536w, https:\/\/vegatolosa.com\/wp-content\/uploads\/2025\/12\/Marca-Vega-Tolosa-2048x1189.jpg 2048w, https:\/\/vegatolosa.com\/wp-content\/uploads\/2025\/12\/Marca-Vega-Tolosa-18x10.jpg 18w, https:\/\/vegatolosa.com\/wp-content\/uploads\/2025\/12\/Marca-Vega-Tolosa-400x232.jpg 400w\" sizes=\"auto, (max-width: 2560px) 100vw, 2560px\" loading=\"lazy\">\n  <figcaption >\n      <\/figcaption>\n<\/figure>\n      <\/a>\n\n<\/div><div class=\"bde-text-6523-122-6523-1 bde-text bde-text-6523-122\">\nVega Tolosa\n<\/div>\n<\/div><div class=\"bde-div-6523-123-6523-1 bde-div bde-div-6523-123\">\n  \n  \n\t\n\n\n\n<div class=\"bde-image-hover-card-6523-124-6523-1 bde-image-hover-card bde-preset-6b5d8c1b-a197-471c-8a52-8fa4be376753 bde-image-hover-card-6523-124\">\n           \n            \n            \n\n    \n    \n    \n    \n    \n    <a class=\"breakdance-link\" href=\"https:\/\/vegatolosa.com\/de\/vino-finca-los-halcones\/\" target=\"_self\" data-type=\"url\"  >\n\n<figure class=\"ee-imagehover c4-izmir c4-border-bottom c4-image-zoom-in\">\n    <img decoding=\"async\" class=\"breakdance-image-object\" src=\"https:\/\/vegatolosa.com\/wp-content\/uploads\/2025\/12\/Marca-Finca-Los-Halcones-scaled.jpg\" width=\"2560\" height=\"1487\" srcset=\"https:\/\/vegatolosa.com\/wp-content\/uploads\/2025\/12\/Marca-Finca-Los-Halcones-scaled.jpg 2560w, https:\/\/vegatolosa.com\/wp-content\/uploads\/2025\/12\/Marca-Finca-Los-Halcones-300x174.jpg 300w, https:\/\/vegatolosa.com\/wp-content\/uploads\/2025\/12\/Marca-Finca-Los-Halcones-1024x595.jpg 1024w, https:\/\/vegatolosa.com\/wp-content\/uploads\/2025\/12\/Marca-Finca-Los-Halcones-768x446.jpg 768w, https:\/\/vegatolosa.com\/wp-content\/uploads\/2025\/12\/Marca-Finca-Los-Halcones-1536x892.jpg 1536w, https:\/\/vegatolosa.com\/wp-content\/uploads\/2025\/12\/Marca-Finca-Los-Halcones-2048x1189.jpg 2048w, https:\/\/vegatolosa.com\/wp-content\/uploads\/2025\/12\/Marca-Finca-Los-Halcones-18x10.jpg 18w, https:\/\/vegatolosa.com\/wp-content\/uploads\/2025\/12\/Marca-Finca-Los-Halcones-400x232.jpg 400w\" sizes=\"auto, (max-width: 2560px) 100vw, 2560px\" loading=\"lazy\">\n  <figcaption class=\"c4-layout-center-right\">\n      <\/figcaption>\n<\/figure>\n      <\/a>\n\n<\/div><div class=\"bde-text-6523-125-6523-1 bde-text bde-text-6523-125\">\nFinca Los Halcones\n<\/div>\n<\/div>\n<\/div><div class=\"bde-grid-6523-126-6523-1 bde-grid bde-grid-6523-126\">\n  \n  \n\t\n\n\n\n<div class=\"bde-div-6523-127-6523-1 bde-div bde-div-6523-127\">\n  \n  \n\t\n\n\n\n<div class=\"bde-image-hover-card-6523-128-6523-1 bde-image-hover-card bde-preset-6b5d8c1b-a197-471c-8a52-8fa4be376753 bde-image-hover-card-6523-128\">\n           \n            \n            \n\n    \n    \n    \n    \n    \n    <a class=\"breakdance-link\" href=\"https:\/\/vegatolosa.com\/de\/vino-capricho-divino\/\" target=\"_self\" data-type=\"url\"  >\n\n<figure class=\"ee-imagehover c4-izmir c4-border-bottom c4-image-zoom-in\">\n    <img decoding=\"async\" class=\"breakdance-image-object\" src=\"https:\/\/vegatolosa.com\/wp-content\/uploads\/2025\/12\/Marca-Capricho-DiVino-scaled.jpg\" width=\"2560\" height=\"1487\" srcset=\"https:\/\/vegatolosa.com\/wp-content\/uploads\/2025\/12\/Marca-Capricho-DiVino-scaled.jpg 2560w, https:\/\/vegatolosa.com\/wp-content\/uploads\/2025\/12\/Marca-Capricho-DiVino-300x174.jpg 300w, https:\/\/vegatolosa.com\/wp-content\/uploads\/2025\/12\/Marca-Capricho-DiVino-1024x595.jpg 1024w, https:\/\/vegatolosa.com\/wp-content\/uploads\/2025\/12\/Marca-Capricho-DiVino-768x446.jpg 768w, https:\/\/vegatolosa.com\/wp-content\/uploads\/2025\/12\/Marca-Capricho-DiVino-1536x892.jpg 1536w, https:\/\/vegatolosa.com\/wp-content\/uploads\/2025\/12\/Marca-Capricho-DiVino-2048x1189.jpg 2048w, https:\/\/vegatolosa.com\/wp-content\/uploads\/2025\/12\/Marca-Capricho-DiVino-18x10.jpg 18w, https:\/\/vegatolosa.com\/wp-content\/uploads\/2025\/12\/Marca-Capricho-DiVino-400x232.jpg 400w\" sizes=\"auto, (max-width: 2560px) 100vw, 2560px\" loading=\"lazy\">\n  <figcaption class=\"c4-layout-center-right\">\n      <\/figcaption>\n<\/figure>\n      <\/a>\n\n<\/div><div class=\"bde-text-6523-129-6523-1 bde-text bde-text-6523-129\">\nCapricho DiVino\n<\/div>\n<\/div><div class=\"bde-div-6523-130-6523-1 bde-div bde-div-6523-130\">\n  \n  \n\t\n\n\n\n<div class=\"bde-image-hover-card-6523-131-6523-1 bde-image-hover-card bde-preset-6b5d8c1b-a197-471c-8a52-8fa4be376753 bde-image-hover-card-6523-131\">\n           \n            \n            \n\n    \n    \n    \n    \n    \n    <a class=\"breakdance-link\" href=\"https:\/\/vegatolosa.com\/de\/vino-bobal-icon\/\" target=\"_self\" data-type=\"url\"  >\n\n<figure class=\"ee-imagehover c4-izmir c4-border-bottom c4-image-zoom-in\">\n    <img decoding=\"async\" class=\"breakdance-image-object\" src=\"https:\/\/vegatolosa.com\/wp-content\/uploads\/2025\/12\/Marca-Bobal-Icon-scaled.jpg\" width=\"2560\" height=\"1487\" srcset=\"https:\/\/vegatolosa.com\/wp-content\/uploads\/2025\/12\/Marca-Bobal-Icon-scaled.jpg 2560w, https:\/\/vegatolosa.com\/wp-content\/uploads\/2025\/12\/Marca-Bobal-Icon-300x174.jpg 300w, https:\/\/vegatolosa.com\/wp-content\/uploads\/2025\/12\/Marca-Bobal-Icon-1024x595.jpg 1024w, https:\/\/vegatolosa.com\/wp-content\/uploads\/2025\/12\/Marca-Bobal-Icon-768x446.jpg 768w, https:\/\/vegatolosa.com\/wp-content\/uploads\/2025\/12\/Marca-Bobal-Icon-1536x892.jpg 1536w, https:\/\/vegatolosa.com\/wp-content\/uploads\/2025\/12\/Marca-Bobal-Icon-2048x1189.jpg 2048w, https:\/\/vegatolosa.com\/wp-content\/uploads\/2025\/12\/Marca-Bobal-Icon-18x10.jpg 18w, https:\/\/vegatolosa.com\/wp-content\/uploads\/2025\/12\/Marca-Bobal-Icon-400x232.jpg 400w\" sizes=\"auto, (max-width: 2560px) 100vw, 2560px\" loading=\"lazy\">\n  <figcaption class=\"c4-layout-center-right\">\n      <\/figcaption>\n<\/figure>\n      <\/a>\n\n<\/div><div class=\"bde-text-6523-132-6523-1 bde-text bde-text-6523-132\">\nBobal-Ikone\n<\/div>\n<\/div><div class=\"bde-div-6523-133-6523-1 bde-div bde-div-6523-133\">\n  \n  \n\t\n\n\n\n<div class=\"bde-image-hover-card-6523-134-6523-1 bde-image-hover-card bde-preset-6b5d8c1b-a197-471c-8a52-8fa4be376753 bde-image-hover-card-6523-134\">\n           \n            \n            \n\n    \n    \n    \n    \n    \n    <a class=\"breakdance-link\" href=\"https:\/\/vegatolosa.com\/de\/vino-cuatro-gatos\/\" target=\"_self\" data-type=\"url\"  >\n\n<figure class=\"ee-imagehover c4-izmir c4-border-bottom c4-image-zoom-in\">\n    <img decoding=\"async\" class=\"breakdance-image-object\" src=\"https:\/\/vegatolosa.com\/wp-content\/uploads\/2025\/12\/Marca-Cuatro-gatos-scaled.jpg\" width=\"2560\" height=\"1487\" srcset=\"https:\/\/vegatolosa.com\/wp-content\/uploads\/2025\/12\/Marca-Cuatro-gatos-scaled.jpg 2560w, https:\/\/vegatolosa.com\/wp-content\/uploads\/2025\/12\/Marca-Cuatro-gatos-300x174.jpg 300w, https:\/\/vegatolosa.com\/wp-content\/uploads\/2025\/12\/Marca-Cuatro-gatos-1024x595.jpg 1024w, https:\/\/vegatolosa.com\/wp-content\/uploads\/2025\/12\/Marca-Cuatro-gatos-768x446.jpg 768w, https:\/\/vegatolosa.com\/wp-content\/uploads\/2025\/12\/Marca-Cuatro-gatos-1536x892.jpg 1536w, https:\/\/vegatolosa.com\/wp-content\/uploads\/2025\/12\/Marca-Cuatro-gatos-2048x1189.jpg 2048w, https:\/\/vegatolosa.com\/wp-content\/uploads\/2025\/12\/Marca-Cuatro-gatos-18x10.jpg 18w, https:\/\/vegatolosa.com\/wp-content\/uploads\/2025\/12\/Marca-Cuatro-gatos-400x232.jpg 400w\" sizes=\"auto, (max-width: 2560px) 100vw, 2560px\" loading=\"lazy\">\n  <figcaption class=\"c4-layout-center-right\">\n      <\/figcaption>\n<\/figure>\n      <\/a>\n\n<\/div><div class=\"bde-text-6523-135-6523-1 bde-text bde-text-6523-135\">\n4 gatos\n<\/div>\n<\/div>\n<\/div><\/div>\n<\/section><\/div><\/div>\n<\/section>","protected":false},"excerpt":{"rendered":"<p>Weine mit eigener Identit\u00e4t F\u00fcnf Marken, f\u00fcnf Pers\u00f6nlichkeiten, eine Familie In Vega Tolosa verstehen wir Wein als Spiegelbild des Lebens: Es gibt Tage f\u00fcr Frische und Lachen und Momente f\u00fcr Pause und Tiefe. Daher haben wir f\u00fcnf verschiedene Universen unter der gleichen Verpflichtung geschaffen: Ehrlichkeit mit dem Land. [...]<\/p>","protected":false},"author":1,"featured_media":6869,"parent":0,"menu_order":0,"comment_status":"closed","ping_status":"closed","template":"","meta":{"_seopress_robots_primary_cat":"","_seopress_titles_title":"Descubre los Exquisitos Vinos de La Terrera en Tolosa","_seopress_titles_desc":"","_seopress_robots_index":"","_breakdance_hide_in_design_set":false,"_breakdance_tags":"","footnotes":""},"class_list":["post-6536","page","type-page","status-publish","has-post-thumbnail","hentry"],"_links":{"self":[{"href":"https:\/\/vegatolosa.com\/de\/wp-json\/wp\/v2\/pages\/6536","targetHints":{"allow":["GET"]}}],"collection":[{"href":"https:\/\/vegatolosa.com\/de\/wp-json\/wp\/v2\/pages"}],"about":[{"href":"https:\/\/vegatolosa.com\/de\/wp-json\/wp\/v2\/types\/page"}],"author":[{"embeddable":true,"href":"https:\/\/vegatolosa.com\/de\/wp-json\/wp\/v2\/users\/1"}],"replies":[{"embeddable":true,"href":"https:\/\/vegatolosa.com\/de\/wp-json\/wp\/v2\/comments?post=6536"}],"version-history":[{"count":3,"href":"https:\/\/vegatolosa.com\/de\/wp-json\/wp\/v2\/pages\/6536\/revisions"}],"predecessor-version":[{"id":8005,"href":"https:\/\/vegatolosa.com\/de\/wp-json\/wp\/v2\/pages\/6536\/revisions\/8005"}],"wp:featuredmedia":[{"embeddable":true,"href":"https:\/\/vegatolosa.com\/de\/wp-json\/wp\/v2\/media\/6869"}],"wp:attachment":[{"href":"https:\/\/vegatolosa.com\/de\/wp-json\/wp\/v2\/media?parent=6536"}],"curies":[{"name":"wp","href":"https:\/\/api.w.org\/{rel}","templated":true}]}}