{"id":6283,"date":"2025-11-18T13:21:15","date_gmt":"2025-11-18T12:21:15","guid":{"rendered":"https:\/\/vegatolosa.com\/?page_id=6283"},"modified":"2025-12-15T07:42:50","modified_gmt":"2025-12-15T06:42:50","slug":"aviso-legal","status":"publish","type":"page","link":"https:\/\/vegatolosa.com\/de\/aviso-legal\/","title":{"rendered":"Rechtliche Hinweise"},"content":{"rendered":"<h2 class=\"wp-block-heading has-large-font-size\">Rechtliche Hinweise<\/h2>\n\n\n\n<h3 class=\"wp-block-heading has-medium-font-size\">1. IDENTIFIZIERUNGSDATEN<\/h3>\n\n\n\n<p>In \u00dcbereinstimmung mit der Informationspflicht gem\u00e4\u00df Artikel 10 des Gesetzes 34\/2002 vom 11. Juli \u00fcber Dienstleistungen der Informationsgesellschaft und des elektronischen Gesch\u00e4ftsverkehrs (LSSI-CE) werden die Identifizierungsdaten des Unternehmens, dem die Website geh\u00f6rt, im Folgenden widergespiegelt:<\/p>\n\n\n\n<ul class=\"wp-block-list\">\n<li><strong>Name des Unternehmens:<\/strong> Pagos de Familia Vega Tolosa S.A. (im Folgenden \u201eBodega Vega Tolosa\u201c).<\/li>\n\n\n\n<li><strong>Sitz:<\/strong> Paseo Ca\u00f1ada, 26 \u2013 1. Stock<\/li>\n\n\n\n<li><strong>C.I.F.:<\/strong> A02483626<\/li>\n\n\n\n<li><strong>Registrierungsdaten:<\/strong> Eingetragen im Handelsregister von Albacete, Band 942, Buch 706, Folio 69, Abschnitt 8, Blatt AB-20473, Registrierung 5.<\/li>\n\n\n\n<li><strong>Kontakt-E-Mail:<\/strong>&nbsp;info@vegatolosa.com<\/li>\n<\/ul>\n\n\n\n<h3 class=\"wp-block-heading has-medium-font-size\">2. NUTZER<\/h3>\n\n\n\n<p>Der Zugang und \/ oder die Nutzung dieses Portals von Bodega Vega Tolosa f\u00fchrt den Zustand des NUTZERS zu, der von diesem Zugang und \/ oder dieser Nutzung die hier reflektierten Allgemeinen Nutzungsbedingungen akzeptiert. Die oben genannten Bedingungen gelten unabh\u00e4ngig von den Allgemeinen Vertragsbedingungen, die f\u00fcr den Kauf von Wein- oder Weintourismusreservierungen obligatorisch sein k\u00f6nnen.<\/p>\n\n\n\n<p><strong>Minderj\u00e4hrige:<\/strong> Der Verkauf von Alkohol ist f\u00fcr Kinder unter 18 Jahren verboten. Der Nutzer bescheinigt, dass er vollj\u00e4hrig ist und \u00fcber die erforderliche Rechtsf\u00e4higkeit f\u00fcr die Erteilung der Einwilligung in die Verarbeitung seiner personenbezogenen Daten und den Kauf alkoholischer Produkte verf\u00fcgt.<\/p>\n\n\n\n<h3 class=\"wp-block-heading has-medium-font-size\">3. NUTZUNG DES PORTALS<\/h3>\n\n\n\n<p>Die Website bietet Zugriff auf eine Vielzahl von Informationen, Diensten, Programmen oder Daten (nachfolgend \"Inhalte\") im Internet der Bodega Vega Tolosa. Der NUTZER \u00fcbernimmt die Verantwortung f\u00fcr die Nutzung des Portals. Diese Verantwortung erstreckt sich auf die Registrierung, die f\u00fcr den Zugriff auf bestimmte Dienste (Wine Club) oder Inhalte erforderlich war.<\/p>\n\n\n\n<p>Der NUTZER verpflichtet sich, die Inhalte und Dienste angemessen zu nutzen und sie nicht zu nutzen, um:<\/p>\n\n\n\n<ul class=\"wp-block-list\">\n<li>i) Beteiligung an rechtswidrigen, rechtswidrigen oder gegen Treu und Glauben und die \u00f6ffentliche Ordnung versto\u00dfenden Handlungen.<\/li>\n\n\n\n<li>ii) Verbreitung von Inhalten oder Propaganda rassistischer, fremdenfeindlicher, pornografisch-illegaler Art, Bef\u00fcrwortung von Terrorismus oder Verletzung der Menschenrechte.<\/li>\n\n\n\n<li>iii) Verursachen Sie Sch\u00e4den an den physischen und logischen Systemen von Bodega Vega Tolosa, ihren Lieferanten oder Dritten.<\/li>\n<\/ul>\n\n\n\n<h3 class=\"wp-block-heading has-medium-font-size\">4. GEISTIGES UND INDUSTRIELLES EIGENTUM<\/h3>\n\n\n\n<p>Bodega Vega Tolosa selbst oder als Zessionar ist Inhaberin aller geistigen und gewerblichen Eigentumsrechte an ihrer Website sowie der darin enthaltenen Elemente (beispielsweise: Bilder, Ton, Audio, Video, Software oder Texte; Marken oder Logos, Farbkombinationen, Struktur und Design, Auswahl der verwendeten Materialien usw.).<\/p>\n\n\n\n<p><strong>Alle Rechte vorbehalten.<\/strong> Gem\u00e4\u00df den Bestimmungen des Gesetzes \u00fcber geistiges Eigentum ist die Vervielf\u00e4ltigung, Verbreitung und \u00f6ffentliche Kommunikation, einschlie\u00dflich der Methode, sie zur Verf\u00fcgung zu stellen, des gesamten oder eines Teils des Inhalts dieser Website zu kommerziellen Zwecken, in jedem Medium und mit allen technischen Mitteln, ohne die Genehmigung von Bodega Vega Tolosa, ausdr\u00fccklich verboten.<\/p>\n\n\n\n<h3 class=\"wp-block-heading has-medium-font-size\">5. AUSSCHLUSS VON GEW\u00c4HRLEISTUNGEN UND HAFTUNG<\/h3>\n\n\n\n<p>Bodega Vega Tolosa ist in keinem Fall f\u00fcr Sch\u00e4den jeglicher Art verantwortlich, die beispielsweise Folgendes verursachen k\u00f6nnten: Fehler oder Auslassungen in den Inhalten, mangelnde Verf\u00fcgbarkeit des Portals oder die \u00dcbertragung von Viren oder b\u00f6sartigen oder sch\u00e4dlichen Programmen in den Inhalten, obwohl alle notwendigen technologischen Ma\u00dfnahmen ergriffen wurden, um dies zu vermeiden.<\/p>\n\n\n\n<h3 class=\"wp-block-heading has-medium-font-size\">6. \u00c4NDERUNGEN<\/h3>\n\n\n\n<p>Bodega Vega Tolosa beh\u00e4lt sich das Recht vor, ohne vorherige Ank\u00fcndigung die von ihr f\u00fcr angemessen erachteten \u00c4nderungen an ihrem Portal vorzunehmen, indem sie sowohl die \u00fcber sie bereitgestellten Inhalte und Dienste als auch die Art und Weise, in der sie pr\u00e4sentiert werden oder sich in ihrem Portal befinden, \u00e4ndern, l\u00f6schen oder hinzuf\u00fcgen kann.<\/p>\n\n\n\n<h3 class=\"wp-block-heading has-medium-font-size\">7. LINKS<\/h3>\n\n\n\n<p>F\u00fcr den Fall, dass auf der Website Links oder Hyperlinks zu anderen Websites verf\u00fcgbar waren, wird Bodega Vega Tolosa keine Kontrolle \u00fcber diese Websites und Inhalte aus\u00fcben. In keinem Fall \u00fcbernimmt Bodega Vega Tolosa die Verantwortung f\u00fcr den Inhalt eines Links, der zu einer Website Dritter geh\u00f6rt.<\/p>\n\n\n\n<h3 class=\"wp-block-heading has-medium-font-size\">8. AUSSCHLUSSRECHT<\/h3>\n\n\n\n<p>Bodega Vega Tolosa beh\u00e4lt sich das Recht vor, den Zugang zum Portal und \/ oder den angebotenen Diensten ohne vorherige Ank\u00fcndigung, auf eigene Anfrage oder von einem Dritten, denjenigen Benutzern zu verweigern oder zu entziehen, die diese Allgemeinen Nutzungsbedingungen nicht einhalten.<\/p>\n\n\n\n<h3 class=\"wp-block-heading has-medium-font-size\">9. ALLGEMEINE<\/h3>\n\n\n\n<p>Bodega Vega Tolosa wird die Verletzung dieser Bedingungen sowie jede missbr\u00e4uchliche Nutzung ihres Portals verfolgen, indem sie alle zivil- und strafrechtlichen Handlungen durchf\u00fchrt, die ihr gesetzlich entsprechen k\u00f6nnen.<\/p>\n\n\n\n<h3 class=\"wp-block-heading has-medium-font-size\">10. ANWENDBARES RECHT UND GERICHTSSTAND<\/h3>\n\n\n\n<p>Die Beziehung zwischen Bodega Vega Tolosa und dem BENUTZER unterliegt den geltenden spanischen Vorschriften, und alle Streitigkeiten werden den Gerichten und Gerichten der Stadt Bodega Vega Tolosa vorgelegt. <strong>Albacete<\/strong> (es sei denn, das Verbraucher- und Nutzergesetz legt die Zust\u00e4ndigkeit des Hauses des Verbrauchers f\u00fcr Online-Eink\u00e4ufe fest).<\/p>","protected":false},"excerpt":{"rendered":"<p>Rechtlicher Hinweis 1. In \u00dcbereinstimmung mit der Informationspflicht gem\u00e4\u00df Artikel 10 des Gesetzes 34\/2002 vom 11. Juli \u00fcber Dienstleistungen der Informationsgesellschaft und des elektronischen Gesch\u00e4ftsverkehrs (LSSI-CE) werden die Identifizierungsdaten des Unternehmens, dem die Website geh\u00f6rt, im Folgenden widergespiegelt: 2. NUTZER Die [...]<\/p>","protected":false},"author":1,"featured_media":0,"parent":0,"menu_order":0,"comment_status":"closed","ping_status":"closed","template":"","meta":{"_seopress_robots_primary_cat":"","_seopress_titles_title":"","_seopress_titles_desc":"","_seopress_robots_index":"","_breakdance_hide_in_design_set":false,"_breakdance_tags":"","footnotes":""},"class_list":["post-6283","page","type-page","status-publish","hentry"],"_links":{"self":[{"href":"https:\/\/vegatolosa.com\/de\/wp-json\/wp\/v2\/pages\/6283","targetHints":{"allow":["GET"]}}],"collection":[{"href":"https:\/\/vegatolosa.com\/de\/wp-json\/wp\/v2\/pages"}],"about":[{"href":"https:\/\/vegatolosa.com\/de\/wp-json\/wp\/v2\/types\/page"}],"author":[{"embeddable":true,"href":"https:\/\/vegatolosa.com\/de\/wp-json\/wp\/v2\/users\/1"}],"replies":[{"embeddable":true,"href":"https:\/\/vegatolosa.com\/de\/wp-json\/wp\/v2\/comments?post=6283"}],"version-history":[{"count":4,"href":"https:\/\/vegatolosa.com\/de\/wp-json\/wp\/v2\/pages\/6283\/revisions"}],"predecessor-version":[{"id":7334,"href":"https:\/\/vegatolosa.com\/de\/wp-json\/wp\/v2\/pages\/6283\/revisions\/7334"}],"wp:attachment":[{"href":"https:\/\/vegatolosa.com\/de\/wp-json\/wp\/v2\/media?parent=6283"}],"curies":[{"name":"wp","href":"https:\/\/api.w.org\/{rel}","templated":true}]}}