{"id":6082,"date":"2025-11-17T09:40:22","date_gmt":"2025-11-17T08:40:22","guid":{"rendered":"https:\/\/vegatolosa.com\/?page_id=6082"},"modified":"2025-12-12T12:39:52","modified_gmt":"2025-12-12T11:39:52","slug":"recomendaciones-vega-tolosa","status":"publish","type":"page","link":"https:\/\/vegatolosa.com\/de\/recomendaciones-vega-tolosa\/","title":{"rendered":"Empfehlungen Vega Tolosa"},"content":{"rendered":"<style>.breakdance .bde-section-6082-353{background-image:url(https:\/\/vegatolosa.com\/wp-content\/uploads\/2025\/12\/Recurso_mesa-enoturismo.jeg_-scaled-e1765538243327.jpeg);background-size:cover;background-repeat:no-repeat;background-position:center center}.breakdance .bde-section-6082-353>.section-background-overlay{background-color:var(--bde-palette-color-3);transition:background-color var(--bde-transition-duration) ease-in-out}.breakdance .bde-section-6082-353>.section-background-overlay{opacity:0.4}<\/style><section class=\"bde-section-6082-353 bde-section\">\n              \n  \n  \n\t\n\n  <div class=\"section-background-overlay\"><\/div>\n\n\n<div class=\"section-container\"><h1 class=\"bde-heading-6082-354 bde-heading\">\nEmpfehlungen Vega Tolosa\n<\/h1><\/div>\n<\/section><section class=\"bde-section-6082-211 bde-section\">\n  \n  \n\t\n\n\n\n<div class=\"section-container\"><div class=\"bde-div-6082-218 bde-div\">\n  \n  \n\t\n\n\n\n<h2 class=\"bde-heading-6082-212 bde-heading\">\nErg\u00e4nzen Sie Ihre Vega Tolosa Erfahrung\n<\/h2><div class=\"bde-rich-text-6082-128 bde-rich-text breakdance-rich-text-styles\">\n<div class=\"activity-desc\">Wenn Sie nach einer perfekten Kombination suchen, um Ihr Vega Tolosa-Erlebnis zu vervollst\u00e4ndigen, lassen wir Ihnen unsere Empfehlungen, um die besten Restaurants in der Gegend zu probieren, an Traumpl\u00e4tzen zu schlafen und den kulturellen und kulturellen Reichtum von La Manchuela de Albacete zu kennen, den Ort, der uns umgibt.<\/div>\n<\/div>\n<\/div><div class=\"bde-div-6082-217 bde-div\">\n  \n  \n\t\n\n\n\n<a class=\"bde-container-link-6082-130 bde-container-link breakdance-link\" href=\"#gastronomia\" target=\"_self\" data-type=\"url\">\n  \n  \n\t\n\n\n\n<div class=\"bde-text-6082-131 bde-text\">\nGASTRONOMIE\n<\/div><div class=\"bde-icon-6082-132 bde-icon\">\n\n    \n            <div class=\"bde-icon-icon breakdance-icon-atom\" >\n    \n                    <svg xmlns=\"http:\/\/www.w3.org\/2000\/svg\" enable-background=\"new 0 0 64 64\" height=\"512\" viewbox=\"0 0 64 64\" width=\"512\"><g id=\"right\"><path d=\"m58.76 31.256-12.047-10.813c-.412-.37-1.044-.335-1.412.076-.369.411-.335 1.043.076 1.412l10.103 9.069h-49.572c-.552 0-1 .448-1 1s.448 1 1 1h49.572l-10.104 9.068c-.411.369-.445 1.001-.076 1.412.197.22.47.332.745.332.238 0 .477-.084.667-.256l12.048-10.812c.211-.189.332-.46.332-.744s-.121-.555-.332-.744z\"\/><\/g><\/svg>\n        \n        \n        \n            <\/div>\n    \n\n\n<\/div>\n\n<\/a><a class=\"bde-container-link-6082-133 bde-container-link breakdance-link\" href=\"#alojamiento\" target=\"_self\" data-type=\"url\">\n  \n  \n\t\n\n\n\n<div class=\"bde-text-6082-134 bde-text\">\nUNTERKUNFT\n<\/div><div class=\"bde-icon-6082-135 bde-icon\">\n\n    \n            <div class=\"bde-icon-icon breakdance-icon-atom\" >\n    \n                    <svg xmlns=\"http:\/\/www.w3.org\/2000\/svg\" enable-background=\"new 0 0 64 64\" height=\"512\" viewbox=\"0 0 64 64\" width=\"512\"><g id=\"right\"><path d=\"m58.76 31.256-12.047-10.813c-.412-.37-1.044-.335-1.412.076-.369.411-.335 1.043.076 1.412l10.103 9.069h-49.572c-.552 0-1 .448-1 1s.448 1 1 1h49.572l-10.104 9.068c-.411.369-.445 1.001-.076 1.412.197.22.47.332.745.332.238 0 .477-.084.667-.256l12.048-10.812c.211-.189.332-.46.332-.744s-.121-.555-.332-.744z\"\/><\/g><\/svg>\n        \n        \n        \n            <\/div>\n    \n\n\n<\/div>\n\n<\/a><a class=\"bde-container-link-6082-136 bde-container-link breakdance-link\" href=\"#cultura\" target=\"_self\" data-type=\"url\">\n  \n  \n\t\n\n\n\n<div class=\"bde-text-6082-137 bde-text\">\nKULTUR UND ERBE\n<\/div><div class=\"bde-icon-6082-138 bde-icon\">\n\n    \n            <div class=\"bde-icon-icon breakdance-icon-atom\" >\n    \n                    <svg xmlns=\"http:\/\/www.w3.org\/2000\/svg\" enable-background=\"new 0 0 64 64\" height=\"512\" viewbox=\"0 0 64 64\" width=\"512\"><g id=\"right\"><path d=\"m58.76 31.256-12.047-10.813c-.412-.37-1.044-.335-1.412.076-.369.411-.335 1.043.076 1.412l10.103 9.069h-49.572c-.552 0-1 .448-1 1s.448 1 1 1h49.572l-10.104 9.068c-.411.369-.445 1.001-.076 1.412.197.22.47.332.745.332.238 0 .477-.084.667-.256l12.048-10.812c.211-.189.332-.46.332-.744s-.121-.555-.332-.744z\"\/><\/g><\/svg>\n        \n        \n        \n            <\/div>\n    \n\n\n<\/div>\n\n<\/a>\n<\/div><\/div>\n<\/section><section id=\"gastronomia\" class=\"bde-section-6082-201 bde-section\">\n  \n  \n\t\n\n\n\n<div class=\"section-container\"><div class=\"bde-columns-6082-202 bde-columns\"><div class=\"bde-column-6082-203 bde-column\">\n  \n  \n\t\n\n\n\n<h2 class=\"bde-heading-6082-204 bde-heading\">\nK\u00fcche\n<\/h2><div class=\"bde-fancy-divider-6082-205 bde-fancy-divider\">\n\n\n<div class=\"bde-fancy-divider__wrapper\">\n  <div class=\"bde-fancy-divider__separator\">\n  \t  <\/div>\n<\/div>\n\n<\/div><div class=\"bde-div-6082-206 bde-div\">\n  \n  \n\t\n\n\n\n<div class=\"bde-div-6082-207 bde-div\">\n  \n  \n\t\n\n\n\n<div class=\"bde-rich-text-6082-208 bde-rich-text breakdance-rich-text-styles\">\n<p>Sowohl in unserer Stadt, Casas-Ib\u00e1\u00f1ez, als auch in der Umgebung k\u00f6nnen Sie von Restaurants mit Michelin-Stern bis hin zu Tapas-Bars mit den besten traditionellen Aromen probieren.<\/p>\n<\/div><div class=\"bde-columns-6082-256 bde-columns\"><div class=\"bde-column-6082-257 bde-column\">\n  \n  \n\t\n\n\n\n<div class=\"bde-rich-text-6082-259 bde-rich-text breakdance-rich-text-styles\">\n<h3>Casas-Ib\u00e1\u00f1ez:<\/h3>\n<\/div><div class=\"bde-div-6082-228 bde-div\">\n  \n  \n\t\n\n\n\n<div class=\"bde-button-6082-229 bde-button\">\n    \n                        \n                        \n    \n    \n    \n    \n            \n                    \n            \n            \n\n    \n    \n    \n    \n    \n    <a class=\"breakdance-link button-atom button-atom--custom bde-button__button\" href=\"https:\/\/obarestaurante.es\/\" target=\"_blank\" data-type=\"url\"  >\n\n    \n        <span class=\"button-atom__text\">OBA<\/span>\n\n                            \n        \n                <\/a>\n\n    \n\n\n<\/div><div class=\"bde-button-6082-231 bde-button\">\n    \n                        \n                        \n    \n    \n    \n    \n            \n                    \n            \n            \n\n    \n    \n    \n    \n    \n    <a class=\"breakdance-link button-atom button-atom--custom bde-button__button\" href=\"https:\/\/hotelcanitasmaite.com\/restaurante\/\" target=\"_blank\" data-type=\"url\"  >\n\n    \n        <span class=\"button-atom__text\">Ca\u00f1itas Maite<\/span>\n\n                            \n        \n                <\/a>\n\n    \n\n\n<\/div><div class=\"bde-button-6082-232 bde-button\">\n    \n                        \n                        \n    \n    \n    \n    \n            \n                    \n            \n            \n\n    \n    \n    \n    \n    \n    <a class=\"breakdance-link button-atom button-atom--custom bde-button__button\" href=\"https:\/\/hotelcanitasmaite.com\/la-tabernita\/\" target=\"_blank\" data-type=\"url\"  >\n\n    \n        <span class=\"button-atom__text\">La Taber\u00f1ita<\/span>\n\n                            \n        \n                <\/a>\n\n    \n\n\n<\/div><div class=\"bde-button-6082-234 bde-button\">\n    \n                        \n                        \n    \n    \n    \n    \n            \n                    \n            \n            \n\n    \n    \n    \n    \n    \n    <a class=\"breakdance-link button-atom button-atom--custom bde-button__button\" href=\"https:\/\/hotelaros.com\/restaurante\/\" target=\"_blank\" data-type=\"url\"  >\n\n    \n        <span class=\"button-atom__text\">Restaurant AROs<\/span>\n\n                            \n        \n                <\/a>\n\n    \n\n\n<\/div><div class=\"bde-button-6082-235 bde-button\">\n    \n                        \n                        \n    \n    \n    \n    \n            \n                    \n            \n            \n\n    \n    \n    \n    \n    \n    <a class=\"breakdance-link button-atom button-atom--custom bde-button__button\" href=\"https:\/\/jardinesbar.com\/\" target=\"_blank\" data-type=\"url\"  >\n\n    \n        <span class=\"button-atom__text\">Gardens Bar<\/span>\n\n                            \n        \n                <\/a>\n\n    \n\n\n<\/div><div class=\"bde-button-6082-355 bde-button\">\n    \n                        \n                        \n    \n    \n    \n    \n            \n                    \n            \n            \n\n    \n    \n    \n    \n    \n    <a class=\"breakdance-link button-atom button-atom--custom bde-button__button\" href=\"https:\/\/www.facebook.com\/lafraguatiendadegustacion\" target=\"_blank\" data-type=\"url\"  >\n\n    \n        <span class=\"button-atom__text\">Die Schmiede<\/span>\n\n                            \n        \n                <\/a>\n\n    \n\n\n<\/div><div class=\"bde-button-6082-356 bde-button\">\n    \n                        \n                        \n    \n    \n    \n    \n            \n            <button type=\"button\" class=\"button-atom button-atom--custom bde-button__button\"  >\n    \n        <span class=\"button-atom__text\">Der Park<\/span>\n\n                            \n        \n            <\/button>\n    \n\n\n<\/div>\n<\/div>\n<\/div><div class=\"bde-column-6082-260 bde-column\">\n  \n  \n\t\n\n\n\n<div class=\"bde-rich-text-6082-261 bde-rich-text breakdance-rich-text-styles\">\n<h3>Umgebung:<\/h3>\n<\/div><div class=\"bde-div-6082-262 bde-div\">\n  \n  \n\t\n\n\n\n<div class=\"bde-button-6082-263 bde-button\">\n    \n                        \n                        \n    \n    \n    \n    \n            \n                    \n            \n            \n\n    \n    \n    \n    \n    \n    <a class=\"breakdance-link button-atom button-atom--custom bde-button__button\" href=\"https:\/\/restauranteelmirador.es\/\" target=\"_blank\" data-type=\"url\"  >\n\n    \n        <span class=\"button-atom__text\">El Mirador<\/span>\n\n                            \n        \n                <\/a>\n\n    \n\n\n<\/div><div class=\"bde-button-6082-264 bde-button\">\n    \n                        \n                        \n    \n    \n    \n    \n            \n                    \n            \n            \n\n    \n    \n    \n    \n    \n    <a class=\"breakdance-link button-atom button-atom--custom bde-button__button\" href=\"http:\/\/restaurantetaperiaelcruce.com\/\" target=\"_blank\" data-type=\"url\"  >\n\n    \n        <span class=\"button-atom__text\">Wandteppich der Kreuzung<\/span>\n\n                            \n        \n                <\/a>\n\n    \n\n\n<\/div><div class=\"bde-button-6082-266 bde-button\">\n    \n                        \n                        \n    \n    \n    \n    \n            \n                    \n            \n            \n\n    \n    \n    \n    \n    \n    <a class=\"breakdance-link button-atom button-atom--custom bde-button__button\" href=\"https:\/\/www.fogoneselchato.com\/\" target=\"_blank\" data-type=\"url\"  >\n\n    \n        <span class=\"button-atom__text\">Fogones El Chato<\/span>\n\n                            \n        \n                <\/a>\n\n    \n\n\n<\/div><div class=\"bde-button-6082-268 bde-button\">\n    \n                        \n                        \n    \n    \n    \n    \n            \n                    \n            \n            \n\n    \n    \n    \n    \n    \n    <a class=\"breakdance-link button-atom button-atom--custom bde-button__button\" href=\"https:\/\/avenjucar.com\/restaurante-tolosa-alcala-del-jucar\/\" target=\"_blank\" data-type=\"url\"  >\n\n    \n        <span class=\"button-atom__text\">Avenj\u00facar<\/span>\n\n                            \n        \n                <\/a>\n\n    \n\n\n<\/div>\n<\/div>\n<\/div><\/div>\n<\/div>\n<\/div>\n<\/div><div class=\"bde-column-6082-209 bde-column\">\n  \n  \n\t\n\n\n\n<img decoding=\"async\" class=\"bde-image2-6082-210 bde-image2\" src=\"https:\/\/vegatolosa.com\/wp-content\/uploads\/2024\/10\/62AF1304-8EE5-41FB-8A47-F62EABBC009F.webp\" alt=\"Luftaufnahme eines modernen Restaurants mit eleganter Dekoration, mit einem gro\u00dfen Regal mit Weinflaschen und mehreren Tischen f\u00fcr G\u00e4ste, die den Ausdruck DEO manchuela hervorheben.\" loading=\"lazy\" srcset=\"https:\/\/vegatolosa.com\/wp-content\/uploads\/2024\/10\/62AF1304-8EE5-41FB-8A47-F62EABBC009F.webp 640w, https:\/\/vegatolosa.com\/wp-content\/uploads\/2024\/10\/62AF1304-8EE5-41FB-8A47-F62EABBC009F-300x300.webp 300w, https:\/\/vegatolosa.com\/wp-content\/uploads\/2024\/10\/62AF1304-8EE5-41FB-8A47-F62EABBC009F-150x150.webp 150w, https:\/\/vegatolosa.com\/wp-content\/uploads\/2024\/10\/62AF1304-8EE5-41FB-8A47-F62EABBC009F-600x600.webp 600w, https:\/\/vegatolosa.com\/wp-content\/uploads\/2024\/10\/62AF1304-8EE5-41FB-8A47-F62EABBC009F-100x100.webp 100w\" sizes=\"(max-width: 640px) 100vw, 640px\">\n<\/div><\/div><\/div>\n<\/section><section id=\"alojamiento\" class=\"bde-section-6082-191 bde-section\">\n  \n  \n\t\n\n\n\n<div class=\"section-container\"><div class=\"bde-columns-6082-192 bde-columns\"><div class=\"bde-column-6082-193 bde-column\">\n  \n  \n\t\n\n\n\n<img decoding=\"async\" class=\"bde-image2-6082-194 bde-image2\" src=\"https:\/\/vegatolosa.com\/wp-content\/uploads\/2025\/10\/XUQ.png\" alt=\"Ein exklusives Steingeb\u00e4ude in einer bergigen Landschaft in der Abendd\u00e4mmerung, umgeben von \u00fcppiger Vegetation, das sich als limitiertes \u00dcbernachtungserlebnis auszeichnet.\" loading=\"lazy\" srcset=\"https:\/\/vegatolosa.com\/wp-content\/uploads\/2025\/10\/XUQ.png 500w, https:\/\/vegatolosa.com\/wp-content\/uploads\/2025\/10\/XUQ-300x300.png 300w, https:\/\/vegatolosa.com\/wp-content\/uploads\/2025\/10\/XUQ-150x150.png 150w\" sizes=\"(max-width: 500px) 100vw, 500px\">\n<\/div><div class=\"bde-column-6082-195 bde-column\">\n  \n  \n\t\n\n\n\n<h2 class=\"bde-heading-6082-196 bde-heading\">\nUnterkunft\n<\/h2><div class=\"bde-fancy-divider-6082-197 bde-fancy-divider\">\n\n\n<div class=\"bde-fancy-divider__wrapper\">\n  <div class=\"bde-fancy-divider__separator\">\n  \t  <\/div>\n<\/div>\n\n<\/div><div class=\"bde-div-6082-198 bde-div\">\n  \n  \n\t\n\n\n\n<div class=\"bde-div-6082-199 bde-div\">\n  \n  \n\t\n\n\n\n<div class=\"bde-rich-text-6082-200 bde-rich-text breakdance-rich-text-styles\">\n<p>Direkt in Casas-Ib\u00e1\u00f1ez haben wir mehrere Hotels von sehr guter Qualit\u00e4t zu bleiben.<\/p><p>Und in der Umgebung k\u00f6nnen Sie je nach Ihrem Geschmack in einem Landhaus in der Umgebung, in einem konventionelleren Hotel oder, wenn Sie ein absolut einzigartiges Erlebnis erleben m\u00f6chten, in XUQ \u00fcbernachten.<\/p>\n<\/div><div class=\"bde-columns-6082-270 bde-columns\"><div class=\"bde-column-6082-271 bde-column\">\n  \n  \n\t\n\n\n\n<div class=\"bde-rich-text-6082-272 bde-rich-text breakdance-rich-text-styles\">\n<h3>Casas-Ib\u00e1\u00f1ez:<\/h3>\n<\/div><div class=\"bde-div-6082-273 bde-div\">\n  \n  \n\t\n\n\n\n<div class=\"bde-button-6082-275 bde-button\">\n    \n                        \n                        \n    \n    \n    \n    \n            \n                    \n            \n            \n\n    \n    \n    \n    \n    \n    <a class=\"breakdance-link button-atom button-atom--custom bde-button__button\" href=\"https:\/\/hotelcanitasmaite.com\/reservar-hoteles\/\" target=\"_blank\" data-type=\"url\"  >\n\n    \n        <span class=\"button-atom__text\">Ca\u00f1itas Maite<\/span>\n\n                            \n        \n                <\/a>\n\n    \n\n\n<\/div><div class=\"bde-button-6082-278 bde-button\">\n    \n                        \n                        \n    \n    \n    \n    \n            \n                    \n            \n            \n\n    \n    \n    \n    \n    \n    <a class=\"breakdance-link button-atom button-atom--custom bde-button__button\" href=\"https:\/\/hotelaros.com\/\" target=\"_blank\" data-type=\"url\"  >\n\n    \n        <span class=\"button-atom__text\">Hotel AROs<\/span>\n\n                            \n        \n                <\/a>\n\n    \n\n\n<\/div>\n<\/div>\n<\/div><div class=\"bde-column-6082-280 bde-column\">\n  \n  \n\t\n\n\n\n<div class=\"bde-rich-text-6082-281 bde-rich-text breakdance-rich-text-styles\">\n<h3>Umgebung:<\/h3>\n<\/div><div class=\"bde-div-6082-282 bde-div\">\n  \n  \n\t\n\n\n\n<div class=\"bde-button-6082-279 bde-button\">\n    \n                        \n                        \n    \n    \n    \n    \n            \n                    \n            \n            \n\n    \n    \n    \n    \n    \n    <a class=\"breakdance-link button-atom button-atom--custom bde-button__button\" href=\"https:\/\/www.xuq.es\/\" target=\"_blank\" data-type=\"url\"  >\n\n    \n        <span class=\"button-atom__text\">XUQ<\/span>\n\n                            \n        \n                <\/a>\n\n    \n\n\n<\/div>\n<\/div>\n<\/div><\/div>\n<\/div>\n<\/div>\n<\/div><\/div><\/div>\n<\/section><section id=\"cultura\" class=\"bde-section-6082-181 bde-section\">\n  \n  \n\t\n\n\n\n<div class=\"section-container\"><div class=\"bde-columns-6082-182 bde-columns\"><div class=\"bde-column-6082-183 bde-column\">\n  \n  \n\t\n\n\n\n<h2 class=\"bde-heading-6082-184 bde-heading\">\nKultur und Kulturerbe\n<\/h2><div class=\"bde-fancy-divider-6082-185 bde-fancy-divider\">\n\n\n<div class=\"bde-fancy-divider__wrapper\">\n  <div class=\"bde-fancy-divider__separator\">\n  \t  <\/div>\n<\/div>\n\n<\/div><div class=\"bde-div-6082-186 bde-div\">\n  \n  \n\t\n\n\n\n<div class=\"bde-div-6082-187 bde-div\">\n  \n  \n\t\n\n\n\n<div class=\"bde-rich-text-6082-188 bde-rich-text breakdance-rich-text-styles\">\n<p>Unser Weingut befindet sich in der Region <b>La Manchuela<\/b>, ein spektakul\u00e4res Gebiet zu Pferd zwischen Albacete, Cuenca und Valencia, gekennzeichnet durch die Schnauzen der Fl\u00fcsse J\u00facar und Cabriel.<\/p><p>Wir hinterlassen Ihnen den Link zu mehreren Artikeln unseres Blogs, in denen wir verschiedene kulturelle und kulturelle Optionen hervorgehoben haben, die sich ideal mit Ihrem Besuch des Weinguts kombinieren lassen.<\/p><p>Und wenn Sie in das Leben unserer St\u00e4dte eintauchen m\u00f6chten, k\u00f6nnen Sie auch den Veranstaltungskalender \u00fcberpr\u00fcfen, der w\u00e4hrend Ihres Aufenthalts in den Gemeinden von La Manchuela stattfindet:<\/p>\n<\/div><div class=\"bde-button-6082-352 bde-button\">\n    \n                        \n                        \n    \n    \n    \n    \n            \n                    \n            \n            \n\n    \n    \n    \n    \n    \n    <a class=\"breakdance-link button-atom button-atom--secondary bde-button__button\" href=\"https:\/\/lamanchuela.es\/eventos\/\" target=\"_blank\" data-type=\"url\"  >\n\n    \n        <span class=\"button-atom__text\">Veranstaltungen in La Manchuela<\/span>\n\n        \n        \n                <\/a>\n\n    \n\n\n<\/div>\n<\/div>\n<\/div>\n<\/div><div class=\"bde-column-6082-189 bde-column\">\n  \n  \n\t\n\n\n\n<div class=\"bde-image-box-6082-348 bde-image-box\">\n<div class=\"ee-imagebox-image\">\n  <img loading=\"lazy\" decoding=\"async\" class=\"breakdance-image-object\" src=\"https:\/\/vegatolosa.com\/wp-content\/uploads\/2021\/10\/5791685054_264708f7c1_b.jpg\" width=\"1024\" height=\"768\" srcset=\"https:\/\/vegatolosa.com\/wp-content\/uploads\/2021\/10\/5791685054_264708f7c1_b.jpg 1024w, https:\/\/vegatolosa.com\/wp-content\/uploads\/2021\/10\/5791685054_264708f7c1_b-300x225.jpg 300w, https:\/\/vegatolosa.com\/wp-content\/uploads\/2021\/10\/5791685054_264708f7c1_b-768x576.jpg 768w, https:\/\/vegatolosa.com\/wp-content\/uploads\/2021\/10\/5791685054_264708f7c1_b-600x450.jpg 600w\" sizes=\"auto, (max-width: 1024px) 100vw, 1024px\" alt=\"Gaudi-inspiriertes Haus in Casas-Ib\u00e1\u00f1ez\">\n<\/div>\n<div class=\"ee-imagebox-content\">\n      <p class=\"ee-imagebox-title bde-h3\" >Casas-Ib\u00e1\u00f1ez<\/p>\n    \n      <div class=\"ee-imagebox-text\" >Unsere Stadt ist die Hauptstadt der Region und hat ein Erbe, das einen Spaziergang verdient. Es hebt die Kirche San Juan Bautista (17. Jahrhundert) und die Eremitage der Virgen de la Cabeza in einem nahe gelegenen Kiefernwald hervor.<\/div>\n    \n          \n                        \n                        \n    \n    \n    \n    \n            \n                    \n            \n            \n\n    \n    \n    \n    \n    \n    <a class=\"breakdance-link button-atom button-atom--text ee-imagebox-button\" href=\"https:\/\/vegatolosa.com\/de\/descubriendo-casas-ibanez-vino-y-naturaleza-en-perfecta-armonia\/\" target=\"_blank\" data-type=\"url\"  >\n\n    \n        <span class=\"button-atom__text\">Erfahren Sie mehr<\/span>\n\n        \n                    \n    <span class=\"button-atom__icon-wrapper\">\n\n        \n            <svg xmlns=\"http:\/\/www.w3.org\/2000\/svg\" enable-background=\"new 0 0 64 64\" height=\"512\" viewbox=\"0 0 64 64\" width=\"512\"><g id=\"right\"><path d=\"m58.76 31.256-12.047-10.813c-.412-.37-1.044-.335-1.412.076-.369.411-.335 1.043.076 1.412l10.103 9.069h-49.572c-.552 0-1 .448-1 1s.448 1 1 1h49.572l-10.104 9.068c-.411.369-.445 1.001-.076 1.412.197.22.47.332.745.332.238 0 .477-.084.667-.256l12.048-10.812c.211-.189.332-.46.332-.744s-.121-.555-.332-.744z\"\/><\/g><\/svg>\n\n        \n    <\/span>\n\n\n        \n                <\/a>\n\n    \n\n  <\/div>\n\n<\/div>\n<\/div><\/div><\/div>\n<\/section>","protected":false},"excerpt":{"rendered":"<p>Empfehlungen Vega Tolosa Erg\u00e4nzen Sie Ihr Vega Tolosa-Erlebnis Wenn Sie nach einer perfekten Kombination suchen, um Ihr Vega Tolosa-Erlebnis zu vervollst\u00e4ndigen, lassen wir Ihnen unsere Empfehlungen, um die besten Restaurants in der Gegend zu probieren, an Traumpl\u00e4tzen zu schlafen und den kulturellen und kulturellen Reichtum von La Manchuela de Albacete zu kennen, dem Ort, der uns umgibt. GASTRONOMIE UNTERKUNFT [...]<\/p>","protected":false},"author":1,"featured_media":7262,"parent":0,"menu_order":0,"comment_status":"closed","ping_status":"closed","template":"","meta":{"_seopress_robots_primary_cat":"","_seopress_titles_title":"","_seopress_titles_desc":"","_seopress_robots_index":"","_breakdance_hide_in_design_set":false,"_breakdance_tags":"","footnotes":""},"class_list":["post-6082","page","type-page","status-publish","has-post-thumbnail","hentry"],"_links":{"self":[{"href":"https:\/\/vegatolosa.com\/de\/wp-json\/wp\/v2\/pages\/6082","targetHints":{"allow":["GET"]}}],"collection":[{"href":"https:\/\/vegatolosa.com\/de\/wp-json\/wp\/v2\/pages"}],"about":[{"href":"https:\/\/vegatolosa.com\/de\/wp-json\/wp\/v2\/types\/page"}],"author":[{"embeddable":true,"href":"https:\/\/vegatolosa.com\/de\/wp-json\/wp\/v2\/users\/1"}],"replies":[{"embeddable":true,"href":"https:\/\/vegatolosa.com\/de\/wp-json\/wp\/v2\/comments?post=6082"}],"version-history":[{"count":23,"href":"https:\/\/vegatolosa.com\/de\/wp-json\/wp\/v2\/pages\/6082\/revisions"}],"predecessor-version":[{"id":7266,"href":"https:\/\/vegatolosa.com\/de\/wp-json\/wp\/v2\/pages\/6082\/revisions\/7266"}],"wp:featuredmedia":[{"embeddable":true,"href":"https:\/\/vegatolosa.com\/de\/wp-json\/wp\/v2\/media\/7262"}],"wp:attachment":[{"href":"https:\/\/vegatolosa.com\/de\/wp-json\/wp\/v2\/media?parent=6082"}],"curies":[{"name":"wp","href":"https:\/\/api.w.org\/{rel}","templated":true}]}}