{"id":5959,"date":"2025-11-06T13:33:38","date_gmt":"2025-11-06T12:33:38","guid":{"rendered":"https:\/\/vegatolosa.com\/?page_id=5959"},"modified":"2026-04-15T10:40:17","modified_gmt":"2026-04-15T08:40:17","slug":"unete-club-vega-tolosa","status":"publish","type":"page","link":"https:\/\/vegatolosa.com\/de\/unete-club-vega-tolosa\/","title":{"rendered":"Treten Sie dem Club Vega Tolosa bei"},"content":{"rendered":"<section class=\"bde-section-5959-100 bde-section\">\n              \n  \n  \n\t\n\n\n\n<div class=\"section-container\"><div class=\"bde-div-5959-113 bde-div\">\n  \n  \n\t\n\n\n\n<h1 class=\"bde-heading-5959-104 bde-heading\">\nTreten Sie dem Vega Tolosa Club bei!\n<\/h1><div class=\"bde-rich-text-5959-105 bde-rich-text breakdance-rich-text-styles\">\n<p>Abonnieren Sie unseren Newsletter und genie\u00dfen Sie eine\u00a0<strong>-15% Nachlass<\/strong> bei Ihrem ersten Einkauf.<\/p><p>Dar\u00fcber hinaus haben Sie exklusiven Zugang zu Vorabangeboten.<\/p>\n<\/div>\n<\/div><div class=\"bde-button-5959-118 bde-button\">\n    \n                        \n                        \n    \n    \n    \n    \n            \n                    \n            \n            \n\n    \n    \n    \n    \n    \n    <a class=\"breakdance-link button-atom button-atom--text bde-button__button\" href=\"https:\/\/vegatolosa.com\/de\/alta-profesionales\/\" target=\"_self\" data-type=\"url\"  >\n\n    \n        <span class=\"button-atom__text\"><u><b>Sind Sie ein Profi?<\/b> Zugriff auf VT pro<\/u><\/span>\n\n        \n        \n                <\/a>\n\n    \n\n\n<\/div><div class=\"bde-div-5959-120 bde-div\">\n  \n  \n\t\n\n\n\n<div class=\"bde-columns-5959-121 bde-columns\"><div class=\"bde-column-5959-122 bde-column\">\n  \n  \n\t\n\n\n\n\n<\/div><div class=\"bde-column-5959-123 bde-column\">\n  \n  \n\t\n\n\n\n<div class=\"bde-div-5959-124 bde-div\">\n  \n  \n\t\n\n\n\n<div class=\"bde-shortcode-5959-125 bde-shortcode\"><div class='fluentform ff-default fluentform_wrapper_5 ffs_custom_wrap'><form data-form_id=\"5\" id=\"fluentform_5\" class=\"frm-fluent-form fluent_form_5 ff-el-form-top ff_form_instance_5_1 ff-form-loading ff_has_v3_recptcha ffs_custom\" data-form_instance=\"ff_form_instance_5_1\" method=\"POST\" data-recptcha_key=\"6LdlG0ksAAAAANE_QtejrolsBpY8saMOFqngWbj9\" action=\"\" ><fieldset  style=\"border: none!important;margin: 0!important;padding: 0!important;background-color: transparent!important;box-shadow: none!important;outline: none!important; min-inline-size: 100%;\">\n                    <legend class=\"ff_screen_reader_title\" style=\"display: block; margin: 0!important;padding: 0!important;height: 0!important;text-indent: -999999px;width: 0!important;overflow:hidden;\">Einfacher Privatkunde<\/legend>        <div\n                style=\"display: none!important; position: absolute!important; transform: translateX(1000%)!important;\"\n                class=\"ff-el-group ff-hpsf-container\"\n        >\n            <div class=\"ff-el-input--label asterisk-right\">\n                <label for=\"ff_5_item_sf\" aria-label=\"Benachrichtigen\">\n                    Benachrichtigen                <\/label>\n            <\/div>\n            <div class=\"ff-el-input--content\">\n                <input type=\"text\"\n                       name=\"item_5__fluent_sf\"\n                       class=\"ff-el-form-control\"\n                       id=\"ff_5_item_sf\"\n                \/>\n            <\/div>\n        <\/div>\n                <input type=\"hidden\" id=\"__fluent_protection_token_5\" class=\"fluent-form-token-field\" name=\"__fluent_protection_token_5\">\n        <input type='hidden' name='__fluent_form_embded_post_id' value='5959' \/><input type=\"hidden\" id=\"_fluentform_5_fluentformnonce\" name=\"_fluentform_5_fluentformnonce\" value=\"61b806d9dd\" \/><input type=\"hidden\" name=\"_wp_http_referer\" value=\"\/de\/wp-json\/wp\/v2\/pages\/5959\" \/><div data-type=\"name-element\" data-name=\"nombre\" class=\"ff-field_container ff-name-field-wrapper\" ><div class='ff-t-container'><div class='ff-t-cell'><div class='ff-el-group ff-el-form-top'><div class=\"ff-el-input--label ff-el-is-required asterisk-right\"><label for='ff_5_nombre_first_name_' id='label_ff_5_nombre_first_name_' >Name<\/label><\/div><div class='ff-el-input--content'><input type=\"text\" name=\"nombre[first_name]\" id=\"ff_5_nombre_first_name_\" class=\"ff-el-form-control\" placeholder=\"Wie hei\u00dft du?\" aria-invalid=\"false\" aria-required=\"true\"><\/div><\/div><\/div><\/div><\/div><div class='ff-el-group'><div class=\"ff-el-input--label ff-el-is-required asterisk-right\"><label for='ff_5_email' id='label_ff_5_email' aria-label=\"E-Mail-Adresse\">E-Mail-Adresse<\/label><\/div><div class='ff-el-input--content'><input type=\"email\" name=\"email\" id=\"ff_5_email\" class=\"ff-el-form-control\" placeholder=\"Was ist deine E-Mail?\" data-name=\"email\"  aria-invalid=\"false\" aria-required=\"true\"><\/div><\/div><div class='ff-el-group    ff-el-input--content'><div class='ff-el-form-check ff-el-tc'><label aria-label='Allgemeine Gesch\u00e4ftsbedingungen: Ich habe die Datenschutzerkl\u00e4rung gelesen und akzeptiere sie.\u00a0* Enth\u00e4lt 1 Link. Verwenden Sie die Tab-Navigation, um zu \u00fcberpr\u00fcfen.' class='ff-el-form-check-label ff_tc_label' for=\"terms-n-condition_b1c6e1de9223cb0cf248c7a3844152cc\"><span class='ff_tc_checkbox'><input type=\"checkbox\" name=\"terms-n-condition\" class=\"ff-el-form-check-input\" data-name=\"terms-n-condition\" id=\"terms-n-condition_b1c6e1de9223cb0cf248c7a3844152cc\"  value='on' aria-invalid='false' aria-required=\"true\"><\/span> <div class='ff_t_c'><p><span style=\"color: #000000\">Ich habe gelesen und akzeptiere die <a style=\"color: #000000\" href=\"https:\/\/vegatolosa.com\/de\/privacidad\/\">Datenschutzerkl\u00e4rung.<\/a><\/span>\u00a0<span style=\"color: #ff0000\">*<\/span><\/p><\/div><\/label><\/div><\/div><div class='ff-el-group ff-text-center ff_submit_btn_wrapper'><button type=\"submit\" class=\"ff-btn ff-btn-submit ff-btn-lg ff_btn_style wpf_has_custom_css\"  aria-label=\"SENDEN\">SENDEN<\/button><\/div><\/fieldset><input type=\"hidden\" name=\"etm-form-language\" value=\"de\"\/><\/form><div id='fluentform_5_errors' class='ff-errors-in-stack ff_form_instance_5_1 ff-form-loading_errors ff_form_instance_5_1_errors'><\/div><\/div>            <script type=\"text\/javascript\">\n                window.fluent_form_ff_form_instance_5_1 = {\"id\":\"5\",\"settings\":{\"layout\":{\"labelPlacement\":\"top\",\"asteriskPlacement\":\"asterisk-right\",\"helpMessagePlacement\":\"with_label\",\"errorMessagePlacement\":\"inline\",\"cssClassName\":\"\"},\"restrictions\":{\"denyEmptySubmission\":{\"enabled\":false}}},\"form_instance\":\"ff_form_instance_5_1\",\"form_id_selector\":\"fluentform_5\",\"rules\":{\"nombre[first_name]\":{\"required\":{\"value\":true,\"message\":\"Este campo es obligatorio\",\"global_message\":\"Este campo es obligatorio\",\"global\":true}},\"nombre[middle_name]\":{\"required\":{\"value\":false,\"message\":\"Este campo es obligatorio\",\"global_message\":\"Este campo es obligatorio\",\"global\":true}},\"nombre[last_name]\":{\"required\":{\"value\":false,\"message\":\"Este campo es obligatorio\",\"global_message\":\"Este campo es obligatorio\",\"global\":true}},\"email\":{\"required\":{\"value\":true,\"message\":\"Este campo es obligatorio\",\"global_message\":\"Este campo es obligatorio\",\"global\":true},\"email\":{\"value\":true,\"message\":\"Este campo debe contener un correo electr\\u00f3nico v\\u00e1lido\",\"global_message\":\"Este campo debe contener un correo electr\\u00f3nico v\\u00e1lido\",\"global\":true}},\"terms-n-condition\":{\"required\":{\"value\":true,\"message\":\"Este campo es obligatorio\",\"global_message\":\"Este campo es obligatorio\",\"global\":true}},\"g-recaptcha-response\":[]},\"debounce_time\":300};\n                            <\/script>\n            <\/div><div class=\"bde-rich-text-5959-126 bde-rich-text breakdance-rich-text-styles\">\n<p>Grundlegende Informationen zum Datenschutz: Verantwortliche Stelle: Pagos de Familia Vega Tolosa S.A. Zweck: Senden von Informationen und kommerzieller Kommunikation. Legitimation: Zustimmung. Adressaten: Es werden keine Daten an Dritte weitergegeben, es sei denn, es besteht eine gesetzliche Verpflichtung. Rechte: Zugriff, Berichtigung und L\u00f6schung der Daten sowie anderer Rechte, wie in den zus\u00e4tzlichen Informationen erl\u00e4utert, unter info@vegatolosa.com. Zus\u00e4tzliche Informationen: Sie k\u00f6nnen die zus\u00e4tzlichen und detaillierten Informationen zum Datenschutz einsehen.<span style=\"color: #000000;\"> <a style=\"color: #000000;\" href=\"https:\/\/vegatolosa.com\/de\/privacidad\/\">hier<\/a>.<\/span><\/p>\n<\/div>\n<\/div>\n<\/div><\/div>\n<\/div><\/div>\n<\/section>","protected":false},"excerpt":{"rendered":"<p>Treten Sie dem Vega Tolosa Club bei! Abonnieren Sie unseren Newsletter und genie\u00dfen Sie eine -15% Rabatt auf Ihren ersten Kauf.Dar\u00fcber hinaus haben Sie exklusiven Zugang zu Vorverkaufsangeboten. Sind Sie ein Profi? Zugriff VT pro Einfacher Privatkunde Benachrichtigen NameEmail Ich habe die Datenschutzerkl\u00e4rung gelesen und akzeptiere sie.\u00a0*SENDEN Grundlegende Informationen zum Datenschutz: Verantwortliche Stelle: Vega Tolosa Familienzahlungen [...]<\/p>","protected":false},"author":1,"featured_media":0,"parent":0,"menu_order":0,"comment_status":"closed","ping_status":"closed","template":"","meta":{"_seopress_robots_primary_cat":"","_seopress_titles_title":"","_seopress_titles_desc":"","_seopress_robots_index":"","_breakdance_hide_in_design_set":false,"_breakdance_tags":"","footnotes":""},"class_list":["post-5959","page","type-page","status-publish","hentry"],"_links":{"self":[{"href":"https:\/\/vegatolosa.com\/de\/wp-json\/wp\/v2\/pages\/5959","targetHints":{"allow":["GET"]}}],"collection":[{"href":"https:\/\/vegatolosa.com\/de\/wp-json\/wp\/v2\/pages"}],"about":[{"href":"https:\/\/vegatolosa.com\/de\/wp-json\/wp\/v2\/types\/page"}],"author":[{"embeddable":true,"href":"https:\/\/vegatolosa.com\/de\/wp-json\/wp\/v2\/users\/1"}],"replies":[{"embeddable":true,"href":"https:\/\/vegatolosa.com\/de\/wp-json\/wp\/v2\/comments?post=5959"}],"version-history":[{"count":24,"href":"https:\/\/vegatolosa.com\/de\/wp-json\/wp\/v2\/pages\/5959\/revisions"}],"predecessor-version":[{"id":8461,"href":"https:\/\/vegatolosa.com\/de\/wp-json\/wp\/v2\/pages\/5959\/revisions\/8461"}],"wp:attachment":[{"href":"https:\/\/vegatolosa.com\/de\/wp-json\/wp\/v2\/media?parent=5959"}],"curies":[{"name":"wp","href":"https:\/\/api.w.org\/{rel}","templated":true}]}}